{"id":9064,"date":"2025-07-01T14:37:15","date_gmt":"2025-07-01T12:37:15","guid":{"rendered":"https:\/\/www.biokari.sk\/produkt\/bioco-mega-vitamin-b-komplex-tabletky-60ks\/"},"modified":"2026-04-30T19:01:24","modified_gmt":"2026-04-30T17:01:24","slug":"bioco-mega-vitamin-b-komplex-tabletky-60ks","status":"publish","type":"product","link":"https:\/\/www.biokari.sk\/en\/product\/bioco-mega-vitamin-b-komplex-tabletky-60ks\/","title":{"rendered":"Bioco Mega Vitam\u00edn B komplex tabletky 60ks"},"content":{"rendered":"<p data-start=\"257\" data-end=\"594\">BioCo\u00ae MEGA-B je vysokod\u00e1vkov\u00fd vitam\u00ednov\u00fd komplex, ktor\u00fd zabezpe\u010duje komplexn\u00e9 doplnenie vitam\u00ednov skupiny B \u2013 u\u017e pri u\u017e\u00edvan\u00ed <strong data-start=\"383\" data-end=\"402\">1 tablety denne<\/strong>.<br data-start=\"403\" data-end=\"406\" \/>V\u00fdrobok obsahuje iba <strong data-start=\"427\" data-end=\"473\">bioakt\u00edvnu formu kyseliny listovej (fol\u00e1t)<\/strong> vo v\u00fdznamnom mno\u017estve <strong data-start=\"496\" data-end=\"517\">400 \u03bcg na tabletu<\/strong>.<br data-start=\"518\" data-end=\"521\" \/>Tablety s\u00fa <strong data-start=\"532\" data-end=\"591\">bez farb\u00edv, s povrchovou \u00fapravou u\u013eah\u010duj\u00facou preh\u013atanie<\/strong>.<\/p>\n<h3 data-start=\"596\" data-end=\"628\">\u00da\u010dinky vitam\u00ednov skupiny B<\/h3>\n<ul data-start=\"629\" data-end=\"844\">\n<li data-start=\"629\" data-end=\"686\">\n<p data-start=\"631\" data-end=\"686\"><strong data-start=\"631\" data-end=\"645\">B1-vitam\u00edn<\/strong> prispieva k spr\u00e1vnemu fungovaniu srdca<\/p>\n<\/li>\n<li data-start=\"687\" data-end=\"766\">\n<p data-start=\"689\" data-end=\"766\"><strong data-start=\"689\" data-end=\"717\">B1, B2, B3 a B6-vitam\u00edny<\/strong> podporuj\u00fa norm\u00e1lne fungovanie nervovej s\u00fastavy<\/p>\n<\/li>\n<li data-start=\"767\" data-end=\"844\">\n<p data-start=\"769\" data-end=\"844\"><strong data-start=\"769\" data-end=\"788\">B6, B12 a fol\u00e1t<\/strong> prispievaj\u00fa k spr\u00e1vnemu fungovaniu imunitn\u00e9ho syst\u00e9mu<\/p>\n<\/li>\n<\/ul>\n<h3 data-start=\"846\" data-end=\"873\">Odpor\u00fa\u010dan\u00e9 d\u00e1vkovanie<\/h3>\n<p data-start=\"874\" data-end=\"1037\">Dospel\u00ed: <strong data-start=\"883\" data-end=\"917\">1 filmom obalen\u00e1 tableta denne<\/strong>, zapi\u0165 dostato\u010dn\u00fdm mno\u017estvom tekutiny.<br data-start=\"956\" data-end=\"959\" \/>Tabletu je mo\u017en\u00e9 pri \u0165a\u017ekostiach s preh\u013atan\u00edm rozdeli\u0165 pozd\u013a\u017e deliacej ryhy.<\/p>\n<h4 data-start=\"1039\" data-end=\"1053\"><strong>Composition:<\/strong>\u00a0Plnivo (mikrokry\u0161talick\u00e1 celul\u00f3za), chol\u00edn-bitartar\u00e1t, po\u0165ahov\u00e9 l\u00e1tky (mastn\u00e9 kyseliny, polyvinylalkohol, polyetyl\u00e9nglykol), tiam\u00edn-mononitr\u00e1t, D-pantoten\u00e1t v\u00e1penat\u00fd, niac\u00ednamid, riboflav\u00edn, pyridox\u00edn-hydrochlorid, protihrudkuj\u00faca l\u00e1tka (oxid kremi\u010dit\u00fd), L-metylfol\u00e1t v\u00e1penat\u00fd, kyanokobalam\u00edn, D-biot\u00edn.<\/h4>\n<h4 data-start=\"1361\" data-end=\"1399\">Obsah \u00fa\u010dinn\u00fdch l\u00e1tok v 1 tablete<\/h4>\n<ul data-start=\"1400\" data-end=\"1725\">\n<li data-start=\"1400\" data-end=\"1434\">\n<h4 data-start=\"1402\" data-end=\"1434\"><strong data-start=\"1402\" data-end=\"1426\">B1-vitamin (tiam\u00edn):<\/strong> 50 mg<\/h4>\n<\/li>\n<li data-start=\"1435\" data-end=\"1473\">\n<h4 data-start=\"1437\" data-end=\"1473\"><strong data-start=\"1437\" data-end=\"1465\">B2-vitamin (riboflav\u00edn):<\/strong> 40 mg<\/h4>\n<\/li>\n<li data-start=\"1474\" data-end=\"1508\">\n<h4 data-start=\"1476\" data-end=\"1508\"><strong data-start=\"1476\" data-end=\"1500\">B3-vitamin (niac\u00edn):<\/strong> 50 mg<\/h4>\n<\/li>\n<li data-start=\"1509\" data-end=\"1557\">\n<h4 data-start=\"1511\" data-end=\"1557\"><strong data-start=\"1511\" data-end=\"1549\">B5-vitamin (kyselina pantot\u00e9nov\u00e1):<\/strong> 50 mg<\/h4>\n<\/li>\n<li data-start=\"1558\" data-end=\"1595\">\n<h4 data-start=\"1560\" data-end=\"1595\"><strong data-start=\"1560\" data-end=\"1587\">B6-vitamin (pyridox\u00edn):<\/strong> 20 mg<\/h4>\n<\/li>\n<li data-start=\"1596\" data-end=\"1622\">\n<h4 data-start=\"1598\" data-end=\"1622\"><strong data-start=\"1598\" data-end=\"1614\">Biot\u00edn (B7):<\/strong> 50 \u00b5g<\/h4>\n<\/li>\n<li data-start=\"1623\" data-end=\"1659\">\n<h4 data-start=\"1625\" data-end=\"1659\"><strong data-start=\"1625\" data-end=\"1650\">Fol\u00e1t (L-metylfol\u00e1t):<\/strong> 400 \u00b5g<\/h4>\n<\/li>\n<li data-start=\"1660\" data-end=\"1681\">\n<h4 data-start=\"1662\" data-end=\"1681\"><strong data-start=\"1662\" data-end=\"1673\">Chol\u00edn:<\/strong> 50 mg<\/h4>\n<\/li>\n<li data-start=\"1682\" data-end=\"1725\">\n<h4 data-start=\"1684\" data-end=\"1725\"><strong data-start=\"1684\" data-end=\"1717\">B12-vitamin (kyanokobalam\u00edn):<\/strong> 50 \u00b5g<\/h4>\n<\/li>\n<\/ul>\n<h4 data-start=\"1727\" data-end=\"1744\"><strong>Upozornenia<\/strong>:\u00a0Odpor\u00fa\u010dan\u00e1 denn\u00e1 d\u00e1vka sa nesmie presiahnu\u0165.\u00a0Uchov\u00e1vajte mimo dosahu det\u00ed! Nepou\u017e\u00edvajte pri precitlivenosti alebo alergii na ktor\u00fako\u013evek zlo\u017eku v\u00fdrobku.<\/h4>\n<h4 data-start=\"2018\" data-end=\"2035\"><strong>Storage:<\/strong>\u00a0Uchov\u00e1vajte na suchom mieste, chr\u00e1nenom pred slne\u010dn\u00fdm \u017eiaren\u00edm, pri izbovej teplote (15\u201325 \u00b0C).<\/h4>\n<p data-start=\"2135\" data-end=\"2234\"><strong data-start=\"2135\" data-end=\"2161\">Minim\u00e1lna trvanlivos\u0165:<\/strong> uveden\u00e1 na obale.<\/p>\n<p data-start=\"2135\" data-end=\"2234\"><strong data-start=\"151\" data-end=\"163\">Packaging:<\/strong> 60 filmom obalen\u00fdch tabliet<br data-start=\"191\" data-end=\"194\" \/><strong data-start=\"194\" data-end=\"213\">Net weight:<\/strong> 55,5 g<\/p>","protected":false},"excerpt":{"rendered":"<p>BioCo\u00ae MEGA-B je vysokod\u00e1vkov\u00fd vitam\u00ednov\u00fd komplex, ktor\u00fd zabezpe\u010duje komplexn\u00e9 doplnenie vitam\u00ednov skupiny B \u2013 u\u017e pri u\u017e\u00edvan\u00ed 1 tablety denne.V\u00fdrobok obsahuje iba bioakt\u00edvnu formu kyseliny listovej (fol\u00e1t) vo v\u00fdznamnom mno\u017estve 400 \u03bcg na tabletu.Tablety s\u00fa bez farb\u00edv, s povrchovou \u00fapravou u\u013eah\u010duj\u00facou preh\u013atanie. \u00da\u010dinky vitam\u00ednov skupiny B B1-vitam\u00edn prispieva k spr\u00e1vnemu fungovaniu srdca B1, B2, B3 [&hellip;]<\/p>","protected":false},"featured_media":9994,"comment_status":"open","ping_status":"closed","template":"","meta":{"inline_featured_image":false},"product_brand":[],"product_cat":[69],"product_tag":[],"class_list":{"0":"post-9064","1":"product","2":"type-product","3":"status-publish","4":"has-post-thumbnail","6":"product_cat-vyzivove-doplnky","8":"first","9":"instock","10":"taxable","11":"shipping-taxable","12":"purchasable","13":"product-type-simple"},"aioseo_notices":[],"_links":{"self":[{"href":"https:\/\/www.biokari.sk\/en\/wp-json\/wp\/v2\/product\/9064","targetHints":{"allow":["GET"]}}],"collection":[{"href":"https:\/\/www.biokari.sk\/en\/wp-json\/wp\/v2\/product"}],"about":[{"href":"https:\/\/www.biokari.sk\/en\/wp-json\/wp\/v2\/types\/product"}],"replies":[{"embeddable":true,"href":"https:\/\/www.biokari.sk\/en\/wp-json\/wp\/v2\/comments?post=9064"}],"wp:featuredmedia":[{"embeddable":true,"href":"https:\/\/www.biokari.sk\/en\/wp-json\/wp\/v2\/media\/9994"}],"wp:attachment":[{"href":"https:\/\/www.biokari.sk\/en\/wp-json\/wp\/v2\/media?parent=9064"}],"wp:term":[{"taxonomy":"product_brand","embeddable":true,"href":"https:\/\/www.biokari.sk\/en\/wp-json\/wp\/v2\/product_brand?post=9064"},{"taxonomy":"product_cat","embeddable":true,"href":"https:\/\/www.biokari.sk\/en\/wp-json\/wp\/v2\/product_cat?post=9064"},{"taxonomy":"product_tag","embeddable":true,"href":"https:\/\/www.biokari.sk\/en\/wp-json\/wp\/v2\/product_tag?post=9064"}],"curies":[{"name":"wp","href":"https:\/\/api.w.org\/{rel}","templated":true}]}}