{"id":9080,"date":"2025-07-01T14:37:18","date_gmt":"2025-07-01T12:37:18","guid":{"rendered":"https:\/\/www.biokari.sk\/produkt\/natur-tanya-horcik-bisglicinaty-100ks\/"},"modified":"2026-04-27T19:02:08","modified_gmt":"2026-04-27T17:02:08","slug":"natur-tanya-horcik-bisglicinaty-100ks","status":"publish","type":"product","link":"https:\/\/www.biokari.sk\/en\/product\/natur-tanya-horcik-bisglicinaty-100ks\/","title":{"rendered":"Natur tanya Hor\u010d\u00edk bisglicin\u00e1ty 100ks"},"content":{"rendered":"<p data-start=\"475\" data-end=\"650\">Hor\u010d\u00edk je esenci\u00e1lny miner\u00e1l, ktor\u00fd sa podie\u013ea na stovk\u00e1ch biochemick\u00fdch procesov v organizme \u2013 od spr\u00e1vnej funkcie svalov a nervov, a\u017e po norm\u00e1lnu \u010dinnos\u0165 srdca a psychiky.<\/p>\n<p data-start=\"652\" data-end=\"694\"><strong data-start=\"652\" data-end=\"692\">K\u013e\u00fa\u010dov\u00e9 v\u00fdhody bisglycin\u00e1tu hor\u010d\u00edka:<\/strong><\/p>\n<ul data-start=\"695\" data-end=\"997\">\n<li data-start=\"695\" data-end=\"777\">\n<p data-start=\"697\" data-end=\"777\">Organick\u00e1, aminokyselinou (glyc\u00ednom) chel\u00e1tovan\u00e1 forma = vysok\u00e1 vstrebate\u013enos\u0165<\/p>\n<\/li>\n<li data-start=\"778\" data-end=\"874\">\n<p data-start=\"780\" data-end=\"874\">Nesp\u00f4sobuje tr\u00e1viace \u0165a\u017ekosti a hna\u010dku ako niektor\u00e9 anorganick\u00e9 formy (napr. oxid hore\u010dnat\u00fd)<\/p>\n<\/li>\n<li data-start=\"875\" data-end=\"946\">\n<p data-start=\"877\" data-end=\"946\">N\u00edzka molekulov\u00e1 hmotnos\u0165 (172,3 Da) = lep\u0161ia biologick\u00e1 dostupnos\u0165<\/p>\n<\/li>\n<li data-start=\"947\" data-end=\"997\">\n<p data-start=\"949\" data-end=\"997\">Rozpustn\u00fd vo vode \u2192 \u0161etrn\u00fd k tr\u00e1viacemu traktu<\/p>\n<\/li>\n<\/ul>\n<h3 data-start=\"1004\" data-end=\"1032\">Recommended dosage:<\/h3>\n<ul data-start=\"1033\" data-end=\"1106\">\n<li data-start=\"1033\" data-end=\"1073\">\n<p data-start=\"1035\" data-end=\"1073\"><strong data-start=\"1035\" data-end=\"1055\">Deti od 3 rokov:<\/strong> 1 capsule daily<\/p>\n<\/li>\n<li data-start=\"1074\" data-end=\"1106\">\n<p data-start=\"1076\" data-end=\"1106\"><strong data-start=\"1076\" data-end=\"1088\">Dospel\u00ed:<\/strong> 2 kapsuly denne<\/p>\n<\/li>\n<\/ul>\n<p data-start=\"1108\" data-end=\"1225\">Najlep\u0161ie u\u017e\u00edva\u0165 po\u010das jedla, zapi\u0165 dostato\u010dn\u00fdm mno\u017estvom vody. Obsah kapsuly je mo\u017en\u00e9 vysypa\u0165 a zamie\u0161a\u0165 do d\u017e\u00fasu.<\/p>\n<h3 data-start=\"1232\" data-end=\"1278\">\u00da\u010dinn\u00e9 l\u00e1tky v dennej d\u00e1vke (1 kapsula):<\/h3>\n<ul data-start=\"1279\" data-end=\"1409\">\n<li data-start=\"1279\" data-end=\"1335\">\n<p data-start=\"1281\" data-end=\"1335\">Organick\u00fd hor\u010d\u00edk (z hor\u010d\u00edk-bisglycin\u00e1tu): <strong data-start=\"1323\" data-end=\"1333\">100 mg<\/strong><\/p>\n<\/li>\n<li data-start=\"1336\" data-end=\"1409\">\n<p data-start=\"1338\" data-end=\"1409\">740 mg hor\u010d\u00edk-bisglycin\u00e1tu, \u010do zodpoved\u00e1 100 mg element\u00e1rneho hor\u010d\u00edka<\/p>\n<\/li>\n<\/ul>\n<h4 data-start=\"1416\" data-end=\"1431\">Zlo\u017eenie:\u00a0organick\u00fd hor\u010d\u00edk (hor\u010d\u00edk-bisglycin\u00e1t), rastlinn\u00e1 kapsula (hydroxypropyl-metylcelul\u00f3za), plnidlo (mikrokry\u0161talick\u00e1 celul\u00f3za), protihrudkuj\u00face l\u00e1tky (oxid kremi\u010dit\u00fd, soli mastn\u00fdch kysel\u00edn hor\u010d\u00edka).<\/h4>\n<h4 data-start=\"1636\" data-end=\"1654\">Upozornenie: Neprekra\u010dujte odpor\u00fa\u010dan\u00fa denn\u00fa d\u00e1vku. V\u00fd\u017eivov\u00fd doplnok sa nesmie pou\u017e\u00edva\u0165 ako n\u00e1hrada pestrej a vyv\u00e1\u017eenej stravy a zdrav\u00e9ho \u017eivotn\u00e9ho \u0161t\u00fdlu. Uchov\u00e1vajte mimo dosahu mal\u00fdch det\u00ed.<\/h4>\n<p data-start=\"1851\" data-end=\"1965\"><strong data-start=\"1851\" data-end=\"1863\">Packaging:<\/strong> 100 kaps\u00fal (a\u017e na 100 dn\u00ed u\u017e\u00edvania)<br data-start=\"1899\" data-end=\"1902\" \/><strong data-start=\"1902\" data-end=\"1917\">Vhodn\u00e9 pre:<\/strong> deti od 3 rokov, dospel\u00fdch, seniorov, veg\u00e1nov<\/p>","protected":false},"excerpt":{"rendered":"<p>Hor\u010d\u00edk je esenci\u00e1lny miner\u00e1l, ktor\u00fd sa podie\u013ea na stovk\u00e1ch biochemick\u00fdch procesov v organizme \u2013 od spr\u00e1vnej funkcie svalov a nervov, a\u017e po norm\u00e1lnu \u010dinnos\u0165 srdca a psychiky. K\u013e\u00fa\u010dov\u00e9 v\u00fdhody bisglycin\u00e1tu hor\u010d\u00edka: Organick\u00e1, aminokyselinou (glyc\u00ednom) chel\u00e1tovan\u00e1 forma = vysok\u00e1 vstrebate\u013enos\u0165 Nesp\u00f4sobuje tr\u00e1viace \u0165a\u017ekosti a hna\u010dku ako niektor\u00e9 anorganick\u00e9 formy (napr. oxid hore\u010dnat\u00fd) N\u00edzka molekulov\u00e1 hmotnos\u0165 (172,3 [&hellip;]<\/p>","protected":false},"featured_media":9975,"comment_status":"open","ping_status":"closed","template":"","meta":{"inline_featured_image":false},"product_brand":[],"product_cat":[69],"product_tag":[],"class_list":{"0":"post-9080","1":"product","2":"type-product","3":"status-publish","4":"has-post-thumbnail","6":"product_cat-vyzivove-doplnky","8":"first","9":"instock","10":"taxable","11":"shipping-taxable","12":"purchasable","13":"product-type-simple"},"aioseo_notices":[],"_links":{"self":[{"href":"https:\/\/www.biokari.sk\/en\/wp-json\/wp\/v2\/product\/9080","targetHints":{"allow":["GET"]}}],"collection":[{"href":"https:\/\/www.biokari.sk\/en\/wp-json\/wp\/v2\/product"}],"about":[{"href":"https:\/\/www.biokari.sk\/en\/wp-json\/wp\/v2\/types\/product"}],"replies":[{"embeddable":true,"href":"https:\/\/www.biokari.sk\/en\/wp-json\/wp\/v2\/comments?post=9080"}],"wp:featuredmedia":[{"embeddable":true,"href":"https:\/\/www.biokari.sk\/en\/wp-json\/wp\/v2\/media\/9975"}],"wp:attachment":[{"href":"https:\/\/www.biokari.sk\/en\/wp-json\/wp\/v2\/media?parent=9080"}],"wp:term":[{"taxonomy":"product_brand","embeddable":true,"href":"https:\/\/www.biokari.sk\/en\/wp-json\/wp\/v2\/product_brand?post=9080"},{"taxonomy":"product_cat","embeddable":true,"href":"https:\/\/www.biokari.sk\/en\/wp-json\/wp\/v2\/product_cat?post=9080"},{"taxonomy":"product_tag","embeddable":true,"href":"https:\/\/www.biokari.sk\/en\/wp-json\/wp\/v2\/product_tag?post=9080"}],"curies":[{"name":"wp","href":"https:\/\/api.w.org\/{rel}","templated":true}]}}