{"id":9091,"date":"2025-07-01T14:37:20","date_gmt":"2025-07-01T12:37:20","guid":{"rendered":"https:\/\/www.biokari.sk\/produkt\/bioco-cordryceps-huby-tabletky-400mg-90ks\/"},"modified":"2026-04-30T19:01:24","modified_gmt":"2026-04-30T17:01:24","slug":"bioco-cordryceps-huby-tabletky-400mg-90ks","status":"publish","type":"product","link":"https:\/\/www.biokari.sk\/en\/product\/bioco-cordryceps-huby-tabletky-400mg-90ks\/","title":{"rendered":"Bioco Cordryceps huby tabletky 400mg 90ks"},"content":{"rendered":"<h4>BioCo Cordyceps 400 mg kapsula obsahuje extrakt z <strong data-start=\"170\" data-end=\"211\">h\u00fasenicovej huby (Cordyceps sinensis)<\/strong>, ktor\u00e1 sa tradi\u010dne pou\u017e\u00edva v \u00c1zii a je s\u00fa\u010das\u0165ou tamoj\u0161ej stravy u\u017e st\u00e1ro\u010dia. T\u00e1to v\u00fdnimo\u010dn\u00e1 huba obsahuje prirodzen\u00e9 polysacharidy a \u010fal\u0161ie bioakt\u00edvne zl\u00fa\u010deniny. Produkt poskytuje \u010dist\u00fd a spo\u013eahliv\u00fd zdroj tejto vz\u00e1cnej huby \u2013 <strong data-start=\"438\" data-end=\"505\">1 kapsula obsahuje 400 mg extraktu z myc\u00e9lia Cordyceps sinensis<\/strong>.<\/h4>\n<h4 data-start=\"510\" data-end=\"605\">Odpor\u00fa\u010dame v\u0161etk\u00fdm, ktor\u00ed chc\u00fa svoj jed\u00e1lni\u010dek doplni\u0165 o pr\u00edrodn\u00e9 a tradi\u010dne pou\u017e\u00edvan\u00e9 l\u00e1tky.<\/h4>\n<h4 data-start=\"612\" data-end=\"640\">Odpor\u00fa\u010dan\u00e9 d\u00e1vkovanie:\u00a0Dospel\u00ed: 2 tablety denne, zapi\u0165 dostato\u010dn\u00fdm mno\u017estvom tekutiny.<\/h4>\n<h4 data-start=\"713\" data-end=\"746\">\u00da\u010dinn\u00e9 l\u00e1tky v 2 tablet\u00e1ch: Cordyceps sinensis (h\u00fasenicov\u00e1 huba) extrakt z myc\u00e9lia \u2013 <strong data-start=\"806\" data-end=\"816\">400 mg<\/strong><\/h4>\n<ul data-start=\"747\" data-end=\"858\">\n<li data-start=\"747\" data-end=\"858\">\n<h4 data-start=\"749\" data-end=\"858\">\u2013 z toho polysacharidy: <strong data-start=\"846\" data-end=\"856\">160 mg<\/strong><\/h4>\n<\/li>\n<\/ul>\n<h4 data-start=\"865\" data-end=\"880\">Zlo\u017eenie:\u00a0extrakt z myc\u00e9lia Cordyceps sinensis (200 mg\/tableta), plnidlo (mikrokry\u0161talick\u00e1 celul\u00f3za), maltodextr\u00edn, po\u0165ahov\u00e1 l\u00e1tka (mastn\u00e9 kyseliny), protihrudkuj\u00faca l\u00e1tka (oxid kremi\u010dit\u00fd).<\/h4>\n<h4 data-start=\"1064\" data-end=\"1151\"><strong data-start=\"1064\" data-end=\"1076\">Packaging:<\/strong> 27 g \/ 90 tabliet (90 \u00d7 0,3 g)<br data-start=\"1107\" data-end=\"1110\" \/><strong data-start=\"1158\" data-end=\"1174\">Storage:<\/strong> Uchov\u00e1vajte mimo dosahu det\u00ed, na suchom mieste, chr\u00e1nenom pred slne\u010dn\u00fdm \u017eiaren\u00edm, pri izbovej teplote (15\u201325 \u00b0C).<br data-start=\"1288\" data-end=\"1291\" \/><strong data-start=\"1291\" data-end=\"1317\">Minim\u00e1lna trvanlivos\u0165:<\/strong> vi\u010f d\u00e1tum uveden\u00fd na obale.<\/h4>\n<h4><strong>Warning:<\/strong> Neprekra\u010dujte odpor\u00fa\u010dan\u00fa denn\u00fa d\u00e1vku. V\u00fd\u017eivov\u00fd doplnok sa nesmie pou\u017e\u00edva\u0165 ako n\u00e1hrada pestrej a vyv\u00e1\u017eenej stravy a zdrav\u00e9ho \u017eivotn\u00e9ho \u0161t\u00fdlu. Nevhodn\u00e9 pre osoby precitliven\u00e9 alebo alergick\u00e9 na niektor\u00fa zo zlo\u017eiek.<\/h4>\n\n\n<p><\/p>","protected":false},"excerpt":{"rendered":"<p>BioCo Cordyceps 400 mg kapsula obsahuje extrakt z h\u00fasenicovej huby (Cordyceps sinensis), ktor\u00e1 sa tradi\u010dne pou\u017e\u00edva v \u00c1zii a je s\u00fa\u010das\u0165ou tamoj\u0161ej stravy u\u017e st\u00e1ro\u010dia. T\u00e1to v\u00fdnimo\u010dn\u00e1 huba obsahuje prirodzen\u00e9 polysacharidy a \u010fal\u0161ie bioakt\u00edvne zl\u00fa\u010deniny. Produkt poskytuje \u010dist\u00fd a spo\u013eahliv\u00fd zdroj tejto vz\u00e1cnej huby \u2013 1 kapsula obsahuje 400 mg extraktu z myc\u00e9lia Cordyceps sinensis. [&hellip;]<\/p>","protected":false},"featured_media":9965,"comment_status":"open","ping_status":"closed","template":"","meta":{"inline_featured_image":false},"product_brand":[],"product_cat":[69],"product_tag":[],"class_list":{"0":"post-9091","1":"product","2":"type-product","3":"status-publish","4":"has-post-thumbnail","6":"product_cat-vyzivove-doplnky","8":"first","9":"instock","10":"taxable","11":"shipping-taxable","12":"purchasable","13":"product-type-simple"},"aioseo_notices":[],"_links":{"self":[{"href":"https:\/\/www.biokari.sk\/en\/wp-json\/wp\/v2\/product\/9091","targetHints":{"allow":["GET"]}}],"collection":[{"href":"https:\/\/www.biokari.sk\/en\/wp-json\/wp\/v2\/product"}],"about":[{"href":"https:\/\/www.biokari.sk\/en\/wp-json\/wp\/v2\/types\/product"}],"replies":[{"embeddable":true,"href":"https:\/\/www.biokari.sk\/en\/wp-json\/wp\/v2\/comments?post=9091"}],"wp:featuredmedia":[{"embeddable":true,"href":"https:\/\/www.biokari.sk\/en\/wp-json\/wp\/v2\/media\/9965"}],"wp:attachment":[{"href":"https:\/\/www.biokari.sk\/en\/wp-json\/wp\/v2\/media?parent=9091"}],"wp:term":[{"taxonomy":"product_brand","embeddable":true,"href":"https:\/\/www.biokari.sk\/en\/wp-json\/wp\/v2\/product_brand?post=9091"},{"taxonomy":"product_cat","embeddable":true,"href":"https:\/\/www.biokari.sk\/en\/wp-json\/wp\/v2\/product_cat?post=9091"},{"taxonomy":"product_tag","embeddable":true,"href":"https:\/\/www.biokari.sk\/en\/wp-json\/wp\/v2\/product_tag?post=9091"}],"curies":[{"name":"wp","href":"https:\/\/api.w.org\/{rel}","templated":true}]}}