{"id":9101,"date":"2025-07-01T14:37:22","date_gmt":"2025-07-01T12:37:22","guid":{"rendered":"https:\/\/www.biokari.sk\/produkt\/gyorgytea-filtrovana-cajova-zmes-cakanka-obycajna-20ks\/"},"modified":"2026-01-27T08:41:53","modified_gmt":"2026-01-27T07:41:53","slug":"gyorgytea-filtrovana-cajova-zmes-cakanka-obycajna-20ks","status":"publish","type":"product","link":"https:\/\/www.biokari.sk\/en\/product\/gyorgytea-filtrovana-cajova-zmes-cakanka-obycajna-20ks\/","title":{"rendered":"Gy\u00f6rgytea Filtrovan\u00e1 \u010dajov\u00e1 zmes &#8211; \u010cakanka oby\u010dajna 20ks"},"content":{"rendered":"<p>Po\u013en\u00e1 \u010dakanka je zn\u00e1ma aj ako <strong>divok\u00e1 \u010dakanka<\/strong>. V \u010dasoch, ke\u010f sa vo ve\u013ekom pil \u010dakankov\u00fd k\u00e1vovinov\u00fd n\u00e1poj, bolo ve\u013emi m\u00e1lo \u013eud\u00ed s ochoreniami pe\u010dene a \u017el\u010dn\u00edka, preto\u017ee \u010dakanka pom\u00e1ha \u010disti\u0165 pe\u010de\u0148, obli\u010dky a slezinu. Podporuje vylu\u010dovanie nadbyto\u010dnej \u017el\u010de a vody.<\/p>\n\n\n\n<p>Pri probl\u00e9moch s pe\u010de\u0148ou a \u017el\u010dn\u00edkom sa odpor\u00fa\u010da trojt\u00fd\u017ed\u0148ov\u00e1 k\u00fara:<\/p>\n\n\n\n<ul class=\"wp-block-list\">\n<li>v prvom t\u00fd\u017edni pi\u0165 \u010daj ka\u017ed\u00fd de\u0148,<\/li>\n\n\n\n<li>v druhom t\u00fd\u017edni ka\u017ed\u00fd druh\u00fd de\u0148,<\/li>\n\n\n\n<li>v tre\u0165om t\u00fd\u017edni ka\u017ed\u00fd tret\u00ed de\u0148.<\/li>\n<\/ul>\n\n\n\n<p>\u010caj je vhodn\u00e9 pi\u0165 r\u00e1no nala\u010dno. Pou\u017e\u00edva sa aj pri <strong>z\u00e1pche<\/strong> \u2013 pravideln\u00fdm u\u017e\u00edvan\u00edm prispieva k norm\u00e1lnej \u010dinnosti \u010driev. M\u00e1 aj <strong>podporn\u00fd \u00fa\u010dinok pri chudnut\u00ed<\/strong>, ke\u010f\u017ee podporuje tr\u00e1venie a zabra\u0148uje nadmern\u00e9mu vstreb\u00e1vaniu \u017eiv\u00edn.<\/p>\n\n\n\n<p><strong>Pr\u00edprava (klasick\u00e1):<\/strong> 2\u20133 min\u00faty povari\u0165.<br><strong>Pr\u00edprava (s\u00e1\u010dkov\u00fd \u010daj):<\/strong> 1 \u010dajov\u00e9 vrec\u00fa\u0161ko zalia\u0165 2,5 dl hor\u00facej vody, necha\u0165 l\u00fahova\u0165 15 min\u00fat, potom vybra\u0165.<\/p>\n\n\n\n<p><strong>Sp\u00f4sob u\u017e\u00edvania:<\/strong> Polovicu vypi\u0165 r\u00e1no nala\u010dno, druh\u00fa polovicu do 15:00 hod., najlep\u0161ie bez osladenia.<\/p>\n\n\n\n<p><strong>Contraindications:<\/strong> Neodpor\u00fa\u010da sa po\u010das tehotenstva, doj\u010denia a de\u0165om do 12 rokov.<\/p>\n\n\n\n<p><strong>Composition:<\/strong> zlatoby\u013e v\u0148a\u0165, baza kvet, \u010dakanka po\u013en\u00e1 v\u0148a\u0165 (20 %), trnka kvet, kukuri\u010dn\u00e9 blizny, p\u00fapava list, ag\u00e1t biely kvet<\/p>\n\n\n\n<p><strong>Further information:<\/strong> Skladova\u0165 mimo dosahu det\u00ed, na suchom a chladnom mieste. Po otvoren\u00ed balenie v\u017edy starostlivo uzavrie\u0165.<\/p>\n\n\n\n<p><strong>Packaging:<\/strong> 20ks<\/p>","protected":false},"excerpt":{"rendered":"<p>Po\u013en\u00e1 \u010dakanka je zn\u00e1ma aj ako divok\u00e1 \u010dakanka. V \u010dasoch, ke\u010f sa vo ve\u013ekom pil \u010dakankov\u00fd k\u00e1vovinov\u00fd n\u00e1poj, bolo ve\u013emi m\u00e1lo \u013eud\u00ed s ochoreniami pe\u010dene a \u017el\u010dn\u00edka, preto\u017ee \u010dakanka pom\u00e1ha \u010disti\u0165 pe\u010de\u0148, obli\u010dky a slezinu. Podporuje vylu\u010dovanie nadbyto\u010dnej \u017el\u010de a vody. Pri probl\u00e9moch s pe\u010de\u0148ou a \u017el\u010dn\u00edkom sa odpor\u00fa\u010da trojt\u00fd\u017ed\u0148ov\u00e1 k\u00fara: \u010caj je vhodn\u00e9 pi\u0165 [&hellip;]<\/p>","protected":false},"featured_media":9957,"comment_status":"open","ping_status":"closed","template":"","meta":{"inline_featured_image":false},"product_brand":[],"product_cat":[148],"product_tag":[],"class_list":{"0":"post-9101","1":"product","2":"type-product","3":"status-publish","4":"has-post-thumbnail","6":"product_cat-liecive-rastliny","8":"first","9":"onbackorder","10":"taxable","11":"shipping-taxable","12":"purchasable","13":"product-type-simple"},"aioseo_notices":[],"_links":{"self":[{"href":"https:\/\/www.biokari.sk\/en\/wp-json\/wp\/v2\/product\/9101","targetHints":{"allow":["GET"]}}],"collection":[{"href":"https:\/\/www.biokari.sk\/en\/wp-json\/wp\/v2\/product"}],"about":[{"href":"https:\/\/www.biokari.sk\/en\/wp-json\/wp\/v2\/types\/product"}],"replies":[{"embeddable":true,"href":"https:\/\/www.biokari.sk\/en\/wp-json\/wp\/v2\/comments?post=9101"}],"wp:featuredmedia":[{"embeddable":true,"href":"https:\/\/www.biokari.sk\/en\/wp-json\/wp\/v2\/media\/9957"}],"wp:attachment":[{"href":"https:\/\/www.biokari.sk\/en\/wp-json\/wp\/v2\/media?parent=9101"}],"wp:term":[{"taxonomy":"product_brand","embeddable":true,"href":"https:\/\/www.biokari.sk\/en\/wp-json\/wp\/v2\/product_brand?post=9101"},{"taxonomy":"product_cat","embeddable":true,"href":"https:\/\/www.biokari.sk\/en\/wp-json\/wp\/v2\/product_cat?post=9101"},{"taxonomy":"product_tag","embeddable":true,"href":"https:\/\/www.biokari.sk\/en\/wp-json\/wp\/v2\/product_tag?post=9101"}],"curies":[{"name":"wp","href":"https:\/\/api.w.org\/{rel}","templated":true}]}}