{"id":9105,"date":"2025-07-01T14:37:23","date_gmt":"2025-07-01T12:37:23","guid":{"rendered":"https:\/\/www.biokari.sk\/produkt\/bioco-kapsuly-z-huby-komplex-80ks\/"},"modified":"2026-04-30T19:01:24","modified_gmt":"2026-04-30T17:01:24","slug":"bioco-kapsuly-z-huby-komplex-80ks","status":"publish","type":"product","link":"https:\/\/www.biokari.sk\/en\/product\/bioco-kapsuly-z-huby-komplex-80ks\/","title":{"rendered":"Bioco Kapsuly z huby komplex 80ks"},"content":{"rendered":"<p data-start=\"172\" data-end=\"339\">Od prad\u00e1vna sme h\u013eadali nielen potravu, ale aj liek v pr\u00edrode. V \u010c\u00edne sa pod\u013ea dochovan\u00fdch spisov u\u017e v 17. storo\u010d\u00ed konzumovali huby na posilnenie imunitn\u00e9ho syst\u00e9mu.<\/p>\n<p data-start=\"341\" data-end=\"523\">Pr\u00edpravok obsahuje <strong data-start=\"360\" data-end=\"418\">4 druhy extraktov h\u00fab s vysok\u00fdm obsahom polysacharidov<\/strong> (najv\u00e4\u010d\u0161\u00ed podiel tvor\u00ed \u201ekr\u00e1\u013eovn\u00e1 h\u00fab\u201c \u2013 <strong data-start=\"459\" data-end=\"489\">Ganoderma lucidum \/ Reishi<\/strong>), doplnen\u00e9 o d\u00f4le\u017eit\u00e9 vitam\u00edny.<\/p>\n<ul data-start=\"525\" data-end=\"716\">\n<li data-start=\"525\" data-end=\"647\">\n<p data-start=\"527\" data-end=\"647\"><strong data-start=\"527\" data-end=\"561\">Kyselina listov\u00e1 a vitam\u00edn B12<\/strong> prispievaj\u00fa k spr\u00e1vnej \u010dinnosti imunitn\u00e9ho syst\u00e9mu a k zn\u00ed\u017eeniu \u00fanavy a vy\u010derpania.<\/p>\n<\/li>\n<li data-start=\"648\" data-end=\"716\">\n<p data-start=\"650\" data-end=\"716\"><strong data-start=\"650\" data-end=\"663\">Vitamin C<\/strong> prispieva k ochrane buniek pred oxida\u010dn\u00fdm stresom.<\/p>\n<\/li>\n<\/ul>\n<p data-start=\"718\" data-end=\"809\"><strong data-start=\"718\" data-end=\"744\">Recommended dosage:<\/strong> dospel\u00ed 2 tablety denne, zapi\u0165 dostato\u010dn\u00fdm mno\u017estvom tekutiny.<\/p>\n<h3 data-start=\"816\" data-end=\"847\">\u00da\u010dinn\u00e9 l\u00e1tky v 2 tablet\u00e1ch:<\/h3>\n<ul data-start=\"848\" data-end=\"961\">\n<li data-start=\"848\" data-end=\"882\">\n<p data-start=\"850\" data-end=\"882\">Vitam\u00edn B12 \u2013 2 \u00b5g (80 % NRV*)<\/p>\n<\/li>\n<li data-start=\"883\" data-end=\"918\">\n<p data-start=\"885\" data-end=\"918\">Vitam\u00edn C \u2013 100 mg (125 % NRV*)<\/p>\n<\/li>\n<li data-start=\"919\" data-end=\"961\">\n<p data-start=\"921\" data-end=\"961\">Kyselina listov\u00e1 \u2013 200 \u00b5g (100 % NRV*)<\/p>\n<\/li>\n<\/ul>\n<p data-start=\"963\" data-end=\"1046\"><strong data-start=\"963\" data-end=\"1003\">Extrakt z Ganoderma lucidum (Reishi)<\/strong> \u2013 200 mg<br data-start=\"1012\" data-end=\"1015\" \/>\u2013 z toho polysacharidy: 60 mg<\/p>\n<p data-start=\"1048\" data-end=\"1131\"><strong data-start=\"1048\" data-end=\"1088\">Extrakt z Grifola frondosa (Maitake)<\/strong> \u2013 100 mg<br data-start=\"1097\" data-end=\"1100\" \/>\u2013 z toho polysacharidy: 30 mg<\/p>\n<p data-start=\"1133\" data-end=\"1220\"><strong data-start=\"1133\" data-end=\"1177\">Extrakt z Cordyceps sinensis (kordyceps)<\/strong> \u2013 100 mg<br data-start=\"1186\" data-end=\"1189\" \/>\u2013 z toho polysacharidy: 40 mg<\/p>\n<p data-start=\"1222\" data-end=\"1305\"><strong data-start=\"1222\" data-end=\"1262\">Extrakt z Lentinus edodes (shiitake)<\/strong> \u2013 100 mg<br data-start=\"1271\" data-end=\"1274\" \/>\u2013 z toho polysacharidy: 10 mg<\/p>\n<p data-start=\"1307\" data-end=\"1360\">* NRV% = referen\u010dn\u00e1 v\u00fd\u017eivov\u00e1 hodnota pre dospel\u00fdch<\/p>\n<p data-start=\"1367\" data-end=\"1788\"><strong data-start=\"1367\" data-end=\"1380\">Composition:<\/strong> plnidlo (mikrokry\u0161talick\u00e1 celul\u00f3za), maltodextr\u00edn, extrakt z Ganoderma lucidum (100 mg\/tableta), L-askorbov\u00e1 kyselina, po\u0165ahov\u00e1 l\u00e1tka (mastn\u00e9 kyseliny), extrakt z Grifola frondosa (50 mg\/tableta), extrakt z Cordyceps sinensis (50 mg\/tableta), extrakt z Lentinus edodes (50 mg\/tableta), protihrudkuj\u00faca l\u00e1tka (oxid kremi\u010dit\u00fd), kyselina pteroylmonoglut\u00e1mov\u00e1 (kyselina listov\u00e1), kyanokobalam\u00edn (vitam\u00edn B12).<\/p>\n<p data-start=\"1790\" data-end=\"1836\"><strong data-start=\"1790\" data-end=\"1802\">Packaging:<\/strong> 68 g \/ 80 tabliet (80 \u00d7 0,85 g)<\/p>\n<p data-start=\"1838\" data-end=\"1970\"><strong data-start=\"1838\" data-end=\"1854\">Storage:<\/strong> uchov\u00e1vajte mimo dosahu det\u00ed, na suchom mieste, chr\u00e1nenom pred slne\u010dn\u00fdm \u017eiaren\u00edm, pri izbovej teplote (15\u201325 \u00b0C).<\/p>\n<p data-start=\"1972\" data-end=\"2027\"><strong data-start=\"1972\" data-end=\"2001\">Minimum shelf life to:<\/strong> d\u00e1tum uveden\u00fd na obale.<\/p>\n<p data-start=\"2029\" data-end=\"2270\"><strong data-start=\"2029\" data-end=\"2045\">Warning:<\/strong> V\u00fd\u017eivov\u00fd doplnok sa nesmie pou\u017e\u00edva\u0165 ako n\u00e1hrada vyv\u00e1\u017eenej a pestrej stravy a zdrav\u00e9ho \u017eivotn\u00e9ho \u0161t\u00fdlu. Neprekra\u010dujte odpor\u00fa\u010dan\u00fa denn\u00fa d\u00e1vku. Neu\u017e\u00edvajte pr\u00edpravok, ak ste alergick\u00ed alebo precitliven\u00ed na niektor\u00fa zo zlo\u017eiek.<\/p>\n<p data-start=\"2029\" data-end=\"2270\"><strong>Packaging:<\/strong> 80ks<\/p>","protected":false},"excerpt":{"rendered":"<p>Od prad\u00e1vna sme h\u013eadali nielen potravu, ale aj liek v pr\u00edrode. V \u010c\u00edne sa pod\u013ea dochovan\u00fdch spisov u\u017e v 17. storo\u010d\u00ed konzumovali huby na posilnenie imunitn\u00e9ho syst\u00e9mu. Pr\u00edpravok obsahuje 4 druhy extraktov h\u00fab s vysok\u00fdm obsahom polysacharidov (najv\u00e4\u010d\u0161\u00ed podiel tvor\u00ed \u201ekr\u00e1\u013eovn\u00e1 h\u00fab\u201c \u2013 Ganoderma lucidum \/ Reishi), doplnen\u00e9 o d\u00f4le\u017eit\u00e9 vitam\u00edny. Kyselina listov\u00e1 a vitam\u00edn [&hellip;]<\/p>","protected":false},"featured_media":9953,"comment_status":"open","ping_status":"closed","template":"","meta":{"inline_featured_image":false},"product_brand":[],"product_cat":[69],"product_tag":[],"class_list":{"0":"post-9105","1":"product","2":"type-product","3":"status-publish","4":"has-post-thumbnail","6":"product_cat-vyzivove-doplnky","8":"first","9":"instock","10":"taxable","11":"shipping-taxable","12":"purchasable","13":"product-type-simple"},"aioseo_notices":[],"_links":{"self":[{"href":"https:\/\/www.biokari.sk\/en\/wp-json\/wp\/v2\/product\/9105","targetHints":{"allow":["GET"]}}],"collection":[{"href":"https:\/\/www.biokari.sk\/en\/wp-json\/wp\/v2\/product"}],"about":[{"href":"https:\/\/www.biokari.sk\/en\/wp-json\/wp\/v2\/types\/product"}],"replies":[{"embeddable":true,"href":"https:\/\/www.biokari.sk\/en\/wp-json\/wp\/v2\/comments?post=9105"}],"wp:featuredmedia":[{"embeddable":true,"href":"https:\/\/www.biokari.sk\/en\/wp-json\/wp\/v2\/media\/9953"}],"wp:attachment":[{"href":"https:\/\/www.biokari.sk\/en\/wp-json\/wp\/v2\/media?parent=9105"}],"wp:term":[{"taxonomy":"product_brand","embeddable":true,"href":"https:\/\/www.biokari.sk\/en\/wp-json\/wp\/v2\/product_brand?post=9105"},{"taxonomy":"product_cat","embeddable":true,"href":"https:\/\/www.biokari.sk\/en\/wp-json\/wp\/v2\/product_cat?post=9105"},{"taxonomy":"product_tag","embeddable":true,"href":"https:\/\/www.biokari.sk\/en\/wp-json\/wp\/v2\/product_tag?post=9105"}],"curies":[{"name":"wp","href":"https:\/\/api.w.org\/{rel}","templated":true}]}}