{"id":9107,"date":"2025-07-01T14:37:23","date_gmt":"2025-07-01T12:37:23","guid":{"rendered":"https:\/\/www.biokari.sk\/produkt\/natur-tanya-vitamin-b12-zuvacy-tabletky-30ks\/"},"modified":"2026-01-27T08:41:53","modified_gmt":"2026-01-27T07:41:53","slug":"natur-tanya-vitamin-b12-zuvacy-tabletky-30ks","status":"publish","type":"product","link":"https:\/\/www.biokari.sk\/en\/product\/natur-tanya-vitamin-b12-zuvacy-tabletky-30ks\/","title":{"rendered":"Natur Tanya  Vitam\u00edn B12 \u017euvac\u00fd tabletky 30ks"},"content":{"rendered":"<p data-start=\"156\" data-end=\"405\">Natur Tanya Akt\u00edv B12-Matrix \u017euvacia tableta obsahuje vysok\u00fa d\u00e1vku bioakt\u00edvneho a fermentovan\u00e9ho vitam\u00ednu B12. Ke\u010f\u017ee organizmus si vitam\u00edn B12 nedok\u00e1\u017ee vytv\u00e1ra\u0165 a ako vo vode rozpustn\u00fd vitam\u00edn sa r\u00fdchlo vylu\u010duje, je potrebn\u00e9 ho pravidelne dop\u013a\u0148a\u0165.<\/p>\n<p data-start=\"407\" data-end=\"713\">Vitam\u00edn B12 zohr\u00e1va d\u00f4le\u017eit\u00fa \u00falohu pri norm\u00e1lnej \u010dinnosti nervov\u00e9ho a imunitn\u00e9ho syst\u00e9mu. Jeho nedostatok m\u00f4\u017ee sp\u00f4sobi\u0165 an\u00e9miu, \u00fanavu, vy\u010derpanos\u0165 \u010di poruchy koncentr\u00e1cie. Prirodzene sa nach\u00e1dza iba v potravin\u00e1ch \u017eivo\u010d\u00ed\u0161neho p\u00f4vodu, preto by si na jeho dostato\u010dn\u00fd pr\u00edjem mali obzvl\u00e1\u0161\u0165 d\u00e1va\u0165 pozor veg\u00e1ni.<\/p>\n<p data-start=\"715\" data-end=\"846\">Zv\u00fd\u0161en\u00fa potrebu vitam\u00ednu B12 maj\u00fa \u0161portovci, \u013eudia vykon\u00e1vaj\u00faci n\u00e1ro\u010dn\u00fa du\u0161evn\u00fa alebo fyzick\u00fa pr\u00e1cu, star\u0161\u00ed \u013eudia a tehotn\u00e9 \u017eeny.<\/p>\n<p data-start=\"848\" data-end=\"1033\">Natur Tanya Akt\u00edv B12-Matrix je bezlepkov\u00fd, bezlakt\u00f3zov\u00fd, veg\u00e1nsky produkt, bez umel\u00fdch konzerva\u010dn\u00fdch l\u00e1tok, farb\u00edv a ar\u00f3m. M\u00e1 lahodn\u00fa chu\u0165 divokej \u010dere\u0161ne, \u013eahko sa \u017euje alebo cm\u00fa\u013ea.<\/p>\n<p data-start=\"1035\" data-end=\"1166\"><strong data-start=\"1035\" data-end=\"1061\">Recommended dosage: <\/strong>1 \u017euvacia tableta denne, kedyko\u013evek po\u010das d\u0148a. Odpor\u00fa\u010dan\u00e1 k\u00fara: minim\u00e1lne 60 dn\u00ed, maxim\u00e1lne 120 dn\u00ed.<\/p>\n<p data-start=\"1168\" data-end=\"1207\"><strong data-start=\"1168\" data-end=\"1205\">\u00da\u010dinn\u00e9 l\u00e1tky v 1 \u017euvacej tablete: <\/strong>Vitam\u00edn B12 Matrix 1000 \u00b5g (40 000 % NRV*)<br data-start=\"1252\" data-end=\"1255\" \/>\u2013 vitam\u00edn B12 (z bioakt\u00edvneho metylkobalam\u00ednu a 5\u2019-deoxyadenozylkobalam\u00ednu)<br \/>\nPr\u00e1\u0161ok zo \u0161\u0165avy divokej \u010dere\u0161ne 140 mg<\/p>\n<p data-start=\"1380\" data-end=\"1432\">* NRV%: Referen\u010dn\u00e1 v\u00fd\u017eivov\u00e1 hodnota pre dospel\u00fdch<\/p>\n<p data-start=\"1434\" data-end=\"1712\"><strong data-start=\"1434\" data-end=\"1447\">Composition:<\/strong> pr\u00e1\u0161ok zo \u0161\u0165avy divokej \u010dere\u0161ne (Cerasus avium (L.) Moench.), stabiliz\u00e1tor (erytritol), maltodextr\u00edn, metylkobalam\u00edn, protihrudkuj\u00faca l\u00e1tka (magn\u00e9ziov\u00e9 soli mastn\u00fdch kysel\u00edn), kyselina citr\u00f3nov\u00e1, 5\u2019-deoxyadenozylkobalam\u00edn, sladidlo (steviol-glykozidy zo st\u00e9vie).<\/p>\n<p data-start=\"1714\" data-end=\"1734\"><strong data-start=\"1714\" data-end=\"1726\">Packaging:<\/strong> 30 ks<\/p>","protected":false},"excerpt":{"rendered":"<p>Natur Tanya Akt\u00edv B12-Matrix \u017euvacia tableta obsahuje vysok\u00fa d\u00e1vku bioakt\u00edvneho a fermentovan\u00e9ho vitam\u00ednu B12. Ke\u010f\u017ee organizmus si vitam\u00edn B12 nedok\u00e1\u017ee vytv\u00e1ra\u0165 a ako vo vode rozpustn\u00fd vitam\u00edn sa r\u00fdchlo vylu\u010duje, je potrebn\u00e9 ho pravidelne dop\u013a\u0148a\u0165. Vitam\u00edn B12 zohr\u00e1va d\u00f4le\u017eit\u00fa \u00falohu pri norm\u00e1lnej \u010dinnosti nervov\u00e9ho a imunitn\u00e9ho syst\u00e9mu. Jeho nedostatok m\u00f4\u017ee sp\u00f4sobi\u0165 an\u00e9miu, \u00fanavu, vy\u010derpanos\u0165 \u010di [&hellip;]<\/p>","protected":false},"featured_media":9949,"comment_status":"open","ping_status":"closed","template":"","meta":{"inline_featured_image":false},"product_brand":[],"product_cat":[69],"product_tag":[],"class_list":{"0":"post-9107","1":"product","2":"type-product","3":"status-publish","4":"has-post-thumbnail","6":"product_cat-vyzivove-doplnky","8":"first","9":"instock","10":"taxable","11":"shipping-taxable","12":"purchasable","13":"product-type-simple"},"aioseo_notices":[],"_links":{"self":[{"href":"https:\/\/www.biokari.sk\/en\/wp-json\/wp\/v2\/product\/9107","targetHints":{"allow":["GET"]}}],"collection":[{"href":"https:\/\/www.biokari.sk\/en\/wp-json\/wp\/v2\/product"}],"about":[{"href":"https:\/\/www.biokari.sk\/en\/wp-json\/wp\/v2\/types\/product"}],"replies":[{"embeddable":true,"href":"https:\/\/www.biokari.sk\/en\/wp-json\/wp\/v2\/comments?post=9107"}],"wp:featuredmedia":[{"embeddable":true,"href":"https:\/\/www.biokari.sk\/en\/wp-json\/wp\/v2\/media\/9949"}],"wp:attachment":[{"href":"https:\/\/www.biokari.sk\/en\/wp-json\/wp\/v2\/media?parent=9107"}],"wp:term":[{"taxonomy":"product_brand","embeddable":true,"href":"https:\/\/www.biokari.sk\/en\/wp-json\/wp\/v2\/product_brand?post=9107"},{"taxonomy":"product_cat","embeddable":true,"href":"https:\/\/www.biokari.sk\/en\/wp-json\/wp\/v2\/product_cat?post=9107"},{"taxonomy":"product_tag","embeddable":true,"href":"https:\/\/www.biokari.sk\/en\/wp-json\/wp\/v2\/product_tag?post=9107"}],"curies":[{"name":"wp","href":"https:\/\/api.w.org\/{rel}","templated":true}]}}