{"id":9117,"date":"2025-07-01T14:37:25","date_gmt":"2025-07-01T12:37:25","guid":{"rendered":"https:\/\/www.biokari.sk\/produkt\/dia-wellness-puncovy-prasok-na-zmrzlinu-250g\/"},"modified":"2026-01-27T08:41:53","modified_gmt":"2026-01-27T07:41:53","slug":"dia-wellness-puncovy-prasok-na-zmrzlinu-250g","status":"publish","type":"product","link":"https:\/\/www.biokari.sk\/en\/product\/dia-wellness-puncovy-prasok-na-zmrzlinu-250g\/","title":{"rendered":"Dia-Wellness Pun\u010dov\u00fd Pr\u00e1\u0161ok na zmrzlinu 250g"},"content":{"rendered":"<p data-start=\"143\" data-end=\"498\">Zlo\u017eenie cukrov v DIA-Wellness zmrzlinov\u00fdch z\u00e1kladoch zabezpe\u010duje pr\u00edjemn\u00fa chu\u0165 a jemne kr\u00e9mov\u00fa konzistenciu zmrzliny. Ide o zn\u00ed\u017eenosacharidov\u00e9 a n\u00edzkoenergetick\u00e9 zmrzlinov\u00e9 z\u00e1kladn\u00e9 zmesi. <strong data-start=\"333\" data-end=\"373\">m-GEL DIA-Wellness zmrzlinov\u00fd pr\u00e1\u0161ok<\/strong> je vyroben\u00fd s frukt\u00f3zou a sladidlom, pri\u010dom chu\u0165ou a konzistenciou sa vyrovn\u00e1 zmrzline pripravenenej z tradi\u010dn\u00fdch pr\u00e1\u0161kov.<\/p>\n<p data-start=\"500\" data-end=\"559\">Produkt je vhodn\u00fd na pr\u00edpravu n\u00edzkosacharidovej zmrzliny.<\/p>\n<ul data-start=\"561\" data-end=\"667\">\n<li data-start=\"561\" data-end=\"616\">\n<p data-start=\"563\" data-end=\"616\">Vyroben\u00e9 v z\u00e1vode, ktor\u00fd sprac\u00fava aj su\u0161en\u00e9 mlieko.<\/p>\n<\/li>\n<li data-start=\"617\" data-end=\"667\">\n<p data-start=\"619\" data-end=\"667\">Nadmern\u00e1 konzum\u00e1cia m\u00f4\u017ee ma\u0165 laxat\u00edvne \u00fa\u010dinky.<\/p>\n<\/li>\n<\/ul>\n<p data-start=\"669\" data-end=\"812\"><strong data-start=\"669\" data-end=\"691\">Instructions for use: <\/strong>Obsah vrecka (250 g) dobre premie\u0161ame s mliekom, nech\u00e1me odpo\u010d\u00edva\u0165 20 min\u00fat a n\u00e1sledne priprav\u00edme zmrzlinu v stroji.<\/p>\n<p data-start=\"814\" data-end=\"1102\">Alternat\u00edvne: 2 dl studen\u00e9ho mlieka nalejeme do n\u00e1doby, prid\u00e1me 70 g pr\u00e1\u0161ku a ru\u010dn\u00fdm mix\u00e9rom najprv na n\u00edzkych, potom na vy\u0161\u0161\u00edch ot\u00e1\u010dkach \u0161\u013eah\u00e1me pribli\u017ene 3 min\u00faty, k\u00fdm nevznikne kr\u00e9mov\u00e1 konzistencia. Hmotu nalejeme do poh\u00e1rov a vlo\u017e\u00edme do mrazni\u010dky, k\u00fdm nedosiahne po\u017eadovan\u00fa tvrdos\u0165.<\/p>\n<p data-start=\"1104\" data-end=\"1216\">Ak hotov\u00fa zmrzlinu skladujeme dlh\u0161ie v dom\u00e1cej mrazni\u010dke, jej konzistencia strat\u00ed kr\u00e9movos\u0165 a stane sa tvrdou.<\/p>\n<p data-start=\"1218\" data-end=\"1642\"><strong data-start=\"1218\" data-end=\"1231\">Composition:<\/strong> \u010diasto\u010dne hydrogenovan\u00fd rastlinn\u00fd tuk, rastlinn\u00fd tuk (palmov\u00fd), sladidl\u00e1: erytritol, xylitol, maltitol, sukral\u00f3za; zahus\u0165ovadl\u00e1: modifikovan\u00fd kukuri\u010dn\u00fd \u0161krob, m\u00faka zo sv\u00e4toj\u00e1nskeho chleba, \u017eelat\u00edna, algin\u00e1t; emulg\u00e1tory: polyglycerolov\u00e9 estery mastn\u00fdch kysel\u00edn, mono- a diglyceridy mastn\u00fdch kysel\u00edn; plnidlo: polydextr\u00f3za, frukt\u00f3za, plnotu\u010dn\u00e9 su\u0161en\u00e9 mlieko, srv\u00e1tkov\u00fd pr\u00e1\u0161ok, ar\u00f3my, farbivo: karm\u00ednov\u00e1 \u010derve\u0148.<\/p>\n<p data-start=\"1649\" data-end=\"1698\"><strong data-start=\"1649\" data-end=\"1696\">Priemern\u00e9 v\u00fd\u017eivov\u00e9 hodnoty v 100 g v\u00fdrobku:<br \/>\n<\/strong>Energia: 1363 kJ \/ 325 kcal<br \/>\nBielkoviny: 13,6 g<br \/>\nSacharidy: 62,6 g z toho polyoly: 32,7 g z toho nevstrebate\u013en\u00e9: 16,2 g<br \/>\nTuky: 12,2 g Celkov\u00e9 vstrebate\u013en\u00e9 sacharidy: 39,8 g<\/p>\n<p data-start=\"1904\" data-end=\"1956\"><strong data-start=\"1904\" data-end=\"1954\">V\u00fd\u017eivov\u00e9 hodnoty v 100 g pripravenej zmrzliny:<\/strong><\/p>\n<p data-start=\"1959\" data-end=\"1987\">Energia: 537 kJ \/ 128 kcal<br \/>\nBielkoviny: 6,2 g Sacharidy: 19 g, z toho polyoly: 8 g z toho nevstrebate\u013en\u00e9: 3,9g<br \/>\nTuky: 4,5 g Celkov\u00e9 vstrebate\u013en\u00e9 sacharidy: 13,5 g<\/p>\n<p data-start=\"2158\" data-end=\"2277\"><strong data-start=\"2158\" data-end=\"2174\">Storage:<\/strong> uchov\u00e1va\u0165 v \u010distom, suchom a chladnom prostred\u00ed. Minim\u00e1lna trvanlivos\u0165 do d\u00e1tumu uveden\u00e9ho na obale.<\/p>\n<p data-start=\"2279\" data-end=\"2341\"><strong data-start=\"2279\" data-end=\"2292\">Weight:<\/strong> 250 g \/ balenie<br data-start=\"2308\" data-end=\"2311\" \/><strong data-start=\"2311\" data-end=\"2330\">Country of origin:<\/strong> Ma\u010farsko<\/p>","protected":false},"excerpt":{"rendered":"<p>Zlo\u017eenie cukrov v DIA-Wellness zmrzlinov\u00fdch z\u00e1kladoch zabezpe\u010duje pr\u00edjemn\u00fa chu\u0165 a jemne kr\u00e9mov\u00fa konzistenciu zmrzliny. Ide o zn\u00ed\u017eenosacharidov\u00e9 a n\u00edzkoenergetick\u00e9 zmrzlinov\u00e9 z\u00e1kladn\u00e9 zmesi. m-GEL DIA-Wellness zmrzlinov\u00fd pr\u00e1\u0161ok je vyroben\u00fd s frukt\u00f3zou a sladidlom, pri\u010dom chu\u0165ou a konzistenciou sa vyrovn\u00e1 zmrzline pripravenenej z tradi\u010dn\u00fdch pr\u00e1\u0161kov. Produkt je vhodn\u00fd na pr\u00edpravu n\u00edzkosacharidovej zmrzliny. Vyroben\u00e9 v z\u00e1vode, ktor\u00fd sprac\u00fava [&hellip;]<\/p>","protected":false},"featured_media":9941,"comment_status":"open","ping_status":"closed","template":"","meta":{"inline_featured_image":false},"product_brand":[],"product_cat":[71],"product_tag":[],"class_list":{"0":"post-9117","1":"product","2":"type-product","3":"status-publish","4":"has-post-thumbnail","6":"product_cat-potraviny","8":"first","9":"onbackorder","10":"taxable","11":"shipping-taxable","12":"purchasable","13":"product-type-simple"},"aioseo_notices":[],"_links":{"self":[{"href":"https:\/\/www.biokari.sk\/en\/wp-json\/wp\/v2\/product\/9117","targetHints":{"allow":["GET"]}}],"collection":[{"href":"https:\/\/www.biokari.sk\/en\/wp-json\/wp\/v2\/product"}],"about":[{"href":"https:\/\/www.biokari.sk\/en\/wp-json\/wp\/v2\/types\/product"}],"replies":[{"embeddable":true,"href":"https:\/\/www.biokari.sk\/en\/wp-json\/wp\/v2\/comments?post=9117"}],"wp:featuredmedia":[{"embeddable":true,"href":"https:\/\/www.biokari.sk\/en\/wp-json\/wp\/v2\/media\/9941"}],"wp:attachment":[{"href":"https:\/\/www.biokari.sk\/en\/wp-json\/wp\/v2\/media?parent=9117"}],"wp:term":[{"taxonomy":"product_brand","embeddable":true,"href":"https:\/\/www.biokari.sk\/en\/wp-json\/wp\/v2\/product_brand?post=9117"},{"taxonomy":"product_cat","embeddable":true,"href":"https:\/\/www.biokari.sk\/en\/wp-json\/wp\/v2\/product_cat?post=9117"},{"taxonomy":"product_tag","embeddable":true,"href":"https:\/\/www.biokari.sk\/en\/wp-json\/wp\/v2\/product_tag?post=9117"}],"curies":[{"name":"wp","href":"https:\/\/api.w.org\/{rel}","templated":true}]}}