{"id":9129,"date":"2025-07-01T14:37:27","date_gmt":"2025-07-01T12:37:27","guid":{"rendered":"https:\/\/www.biokari.sk\/produkt\/natur-tanya-no-dol-kukumove-kapsuly-30ks\/"},"modified":"2026-02-10T18:01:39","modified_gmt":"2026-02-10T17:01:39","slug":"natur-tanya-no-dol-kukumove-kapsuly-30ks","status":"publish","type":"product","link":"https:\/\/www.biokari.sk\/en\/product\/natur-tanya-no-dol-kukumove-kapsuly-30ks\/","title":{"rendered":"Natur tanya No-dol kukumov\u00e9 kapsuly 30ks"},"content":{"rendered":"<p data-start=\"147\" data-end=\"334\">Vedecky dok\u00e1zan\u00e1 a\u017e <strong data-start=\"202\" data-end=\"239\">185-n\u00e1sobne vy\u0161\u0161ia vstrebate\u013enos\u0165<\/strong> v porovnan\u00ed s be\u017en\u00fdm kurkumov\u00fdm pr\u00e1\u0161kom. Pred\u010d\u00ed emulzie, mikronizovan\u00e9 aj liposom\u00e1lne formy.<\/p>\n<p data-start=\"336\" data-end=\"802\">\u2705 vynikaj\u00face protiz\u00e1palov\u00e9 a protibolestiv\u00e9 \u00fa\u010dinky (doplnkov\u00e1 v\u00fd\u017eiva pri pohybov\u00fdch a tr\u00e1viacich z\u00e1paloch: artr\u00f3za, z\u00e1pal \u0161liach, bolesti chrbta, lumbago, ischias, fibromyalgia, z\u00e1paly hrub\u00e9ho \u010dreva)<br data-start=\"535\" data-end=\"538\" \/>\u2705 zmier\u0148uje bolesti k\u013abov, artrit\u00eddu, artr\u00f3zu a men\u0161trua\u010dn\u00e9 bolesti<br data-start=\"605\" data-end=\"608\" \/>\u2705 prispieva k pru\u017enosti k\u013abov<br data-start=\"637\" data-end=\"640\" \/>\u2705 podporuje zdravie kost\u00ed<br data-start=\"665\" data-end=\"668\" \/>\u2705 siln\u00fd antioxidant \u2013 pom\u00e1ha zni\u017eova\u0165 riziko kardiovaskul\u00e1rnych ochoren\u00ed<br data-start=\"740\" data-end=\"743\" \/>\u2705 priaznivo p\u00f4sob\u00ed na tr\u00e1venie a podporuje zdravie pe\u010dene<\/p>\n<p data-start=\"804\" data-end=\"897\">\ud83d\udca1 Rie\u0161enie aj pre t\u00fdch, ktor\u00ed s\u00fa alergick\u00ed na <strong data-start=\"851\" data-end=\"860\">NSAID<\/strong> (nesteroidn\u00e9 protiz\u00e1palov\u00e9 lieky).<\/p>\n<h4 data-start=\"904\" data-end=\"939\">Micel\u00e1rna kurkuma technol\u00f3gia<\/h4>\n<h4 data-start=\"940\" data-end=\"1128\">Kurkuma je tradi\u010dn\u00e1 ajurv\u00e9dska rastlina p\u00f4vodom z Indie. Jej hlavn\u00e1 \u00fa\u010dinn\u00e1 l\u00e1tka, <strong data-start=\"1022\" data-end=\"1034\">kurkum\u00edn<\/strong>, m\u00e1 n\u00edzku vstrebate\u013enos\u0165, preto\u017ee je rozpustn\u00fd v tukoch a len mal\u00e1 \u010das\u0165 sa dost\u00e1va do krvi.<\/h4>\n<h4 data-start=\"1130\" data-end=\"1240\">V\u00fdskumn\u00edci <strong data-start=\"1141\" data-end=\"1149\">ESI\u00ae<\/strong> v\u0161ak vyvinuli tekut\u00fd micel\u00e1rny roztok, v\u010faka ktor\u00e9mu kurkum\u00edn v tomto produkte dosahuje:<\/h4>\n<ul data-start=\"1241\" data-end=\"1336\">\n<li data-start=\"1241\" data-end=\"1271\">\n<h4 data-start=\"1243\" data-end=\"1271\"><strong data-start=\"1243\" data-end=\"1269\">excelentn\u00fa rozpustnos\u0165<\/strong><\/h4>\n<\/li>\n<li data-start=\"1272\" data-end=\"1311\">\n<h4 data-start=\"1274\" data-end=\"1311\"><strong data-start=\"1274\" data-end=\"1309\">v\u00fdnimo\u010dn\u00fa biologick\u00fa dostupnos\u0165<\/strong><\/h4>\n<\/li>\n<li data-start=\"1312\" data-end=\"1336\">\n<h4 data-start=\"1314\" data-end=\"1336\"><strong data-start=\"1314\" data-end=\"1334\">r\u00fdchlu absorpciu<\/strong><\/h4>\n<\/li>\n<\/ul>\n<h4 data-start=\"1338\" data-end=\"1502\">Micely (\u010dastice men\u0161ie ako 30 nm) sa vstreb\u00e1vaj\u00fa ove\u013ea lep\u0161ie ne\u017e liposom\u00e1lne emulzie (100\u20131000 nm). \u010c\u00edm men\u0161ia \u010dastica, t\u00fdm r\u00fdchlej\u0161ie a \u00fa\u010dinnej\u0161ie sa vstreb\u00e1va.<\/h4>\n<h4 data-start=\"1509\" data-end=\"1539\">Vedecky potvrden\u00e9 v\u00fdhody<\/h4>\n<ul data-start=\"1540\" data-end=\"1791\">\n<li data-start=\"1540\" data-end=\"1602\">\n<h4 data-start=\"1542\" data-end=\"1602\"><strong data-start=\"1542\" data-end=\"1567\">185\u00d7 vy\u0161\u0161ia absorpcia<\/strong> ne\u017e pri be\u017enom kurkumovom pr\u00e1\u0161ku<\/h4>\n<\/li>\n<li data-start=\"1603\" data-end=\"1662\">\n<h4 data-start=\"1605\" data-end=\"1662\">\u010d\u00edra suspenzia \u2013 bez usaden\u00edn, maxim\u00e1lna vstrebate\u013enos\u0165<\/h4>\n<\/li>\n<li data-start=\"1663\" data-end=\"1755\">\n<h4 data-start=\"1665\" data-end=\"1755\"><strong data-start=\"1665\" data-end=\"1689\">r\u00fdchly n\u00e1stup \u00fa\u010dinku<\/strong> \u2013 maximum v plazme za 1,1 hodiny (vs. 7,5 h pri be\u017enej kurkume)<\/h4>\n<\/li>\n<li data-start=\"1756\" data-end=\"1791\">\n<h4 data-start=\"1758\" data-end=\"1791\">\u00fa\u010dinnos\u0165 pretrv\u00e1va <strong data-start=\"1777\" data-end=\"1789\">24 hod\u00edn<\/strong><\/h4>\n<\/li>\n<\/ul>\n<h4 data-start=\"1798\" data-end=\"1812\">Zlo\u017eenie: \u0160tandardizovan\u00fd extrakt z kurkumy (Curcuma longa L. \u2013 min. 6 % kurkum\u00edn, Polioxietyl\u00e9nsorbit\u00e1n-monole\u00e1t), hydroxypropylmetylcelul\u00f3za, antioxidant: kyselina askorbov\u00e1.<\/h4>\n<h4 data-start=\"1983\" data-end=\"2029\"><strong data-start=\"1983\" data-end=\"2027\">Active ingredients in a daily dose (2 capsules):<\/strong><\/h4>\n<ul data-start=\"2030\" data-end=\"2107\">\n<li data-start=\"2030\" data-end=\"2107\">\n<h4 data-start=\"2032\" data-end=\"2107\">Kurkuma extrakt (D\/E 70\/1) \u2013 1440 mg<br data-start=\"2068\" data-end=\"2071\" \/>\u2013 z toho min. kurkum\u00edn: 86,4 mg<\/h4>\n<\/li>\n<\/ul>\n<h4 data-start=\"2114\" data-end=\"2130\">D\u00e1vkovanie:\u00a02 tekut\u00e9 kapsuly denne, najlep\u0161ie s jedlom a dostato\u010dn\u00fdm mno\u017estvom tekut\u00edn.<\/h4>\n<h4 data-start=\"2210\" data-end=\"2227\"><strong data-start=\"2210\" data-end=\"2225\">D\u013a\u017eka k\u00fary:\u00a0<\/strong>Minim\u00e1lne 60 dn\u00ed, Maxim\u00e1lne 120 dn\u00ed Medzi k\u00farami dodr\u017ete prest\u00e1vku 4 t\u00fd\u017edne\u00a0<\/h4>\n<h4 data-start=\"2321\" data-end=\"2338\">Upozornenia:\u00a0Neprekra\u010dujte odpor\u00fa\u010dan\u00fa denn\u00fa d\u00e1vku.\u00a0Nevhodn\u00e9 pri precitlivenosti na niektor\u00fa zo zlo\u017eiek.\u00a0V\u00fd\u017eivov\u00fd doplnok nie je n\u00e1hradou pestrej stravy a zdrav\u00e9ho \u017eivotn\u00e9ho \u0161t\u00fdlu.\u00a0Uchov\u00e1vajte mimo dosahu det\u00ed. V\u010faka choleretick\u00e9mu \u00fa\u010dinku nie je vhodn\u00e9 pre \u013eud\u00ed s <strong data-start=\"2607\" data-end=\"2627\">\u017el\u010dov\u00fdmi kame\u0148mi<\/strong>. Pri u\u017e\u00edvan\u00ed <strong data-start=\"2645\" data-end=\"2664\">antikoagulanci\u00ed<\/strong> m\u00f4\u017ee zv\u00fd\u0161i\u0165 riziko krv\u00e1cania. <strong data-start=\"2699\" data-end=\"2728\">Tehotn\u00e9 \u017eeny nesm\u00fa u\u017e\u00edva\u0165<\/strong> (riziko s\u0165ahovania maternice).<\/h4>\n<h4>Vlastnosti: veg\u00e1nsky, bez alerg\u00e9nov, bez mlie\u010dnych zlo\u017eiek, bez lepku, bez lakt\u00f3zy, bez pridan\u00e9ho cukru, bez konzervantov a GMO, kapsulov\u00fd obal z fermentovanej tapioky (pr\u00edrodn\u00fd, rastlinn\u00fd p\u00f4vod), bez umel\u00fdch farb\u00edv, \u013eahko str\u00e1vite\u013en\u00fd<\/h4>\n\n\n<p><\/p>","protected":false},"excerpt":{"rendered":"<p>Vedecky dok\u00e1zan\u00e1 a\u017e 185-n\u00e1sobne vy\u0161\u0161ia vstrebate\u013enos\u0165 v porovnan\u00ed s be\u017en\u00fdm kurkumov\u00fdm pr\u00e1\u0161kom. Pred\u010d\u00ed emulzie, mikronizovan\u00e9 aj liposom\u00e1lne formy. \u2705 vynikaj\u00face protiz\u00e1palov\u00e9 a protibolestiv\u00e9 \u00fa\u010dinky (doplnkov\u00e1 v\u00fd\u017eiva pri pohybov\u00fdch a tr\u00e1viacich z\u00e1paloch: artr\u00f3za, z\u00e1pal \u0161liach, bolesti chrbta, lumbago, ischias, fibromyalgia, z\u00e1paly hrub\u00e9ho \u010dreva)\u2705 zmier\u0148uje bolesti k\u013abov, artrit\u00eddu, artr\u00f3zu a men\u0161trua\u010dn\u00e9 bolesti\u2705 prispieva k pru\u017enosti k\u013abov\u2705 podporuje [&hellip;]<\/p>","protected":false},"featured_media":9933,"comment_status":"open","ping_status":"closed","template":"","meta":{"inline_featured_image":false},"product_brand":[],"product_cat":[69],"product_tag":[],"class_list":{"0":"post-9129","1":"product","2":"type-product","3":"status-publish","4":"has-post-thumbnail","6":"product_cat-vyzivove-doplnky","8":"first","9":"instock","10":"taxable","11":"shipping-taxable","12":"purchasable","13":"product-type-simple"},"aioseo_notices":[],"_links":{"self":[{"href":"https:\/\/www.biokari.sk\/en\/wp-json\/wp\/v2\/product\/9129","targetHints":{"allow":["GET"]}}],"collection":[{"href":"https:\/\/www.biokari.sk\/en\/wp-json\/wp\/v2\/product"}],"about":[{"href":"https:\/\/www.biokari.sk\/en\/wp-json\/wp\/v2\/types\/product"}],"replies":[{"embeddable":true,"href":"https:\/\/www.biokari.sk\/en\/wp-json\/wp\/v2\/comments?post=9129"}],"wp:featuredmedia":[{"embeddable":true,"href":"https:\/\/www.biokari.sk\/en\/wp-json\/wp\/v2\/media\/9933"}],"wp:attachment":[{"href":"https:\/\/www.biokari.sk\/en\/wp-json\/wp\/v2\/media?parent=9129"}],"wp:term":[{"taxonomy":"product_brand","embeddable":true,"href":"https:\/\/www.biokari.sk\/en\/wp-json\/wp\/v2\/product_brand?post=9129"},{"taxonomy":"product_cat","embeddable":true,"href":"https:\/\/www.biokari.sk\/en\/wp-json\/wp\/v2\/product_cat?post=9129"},{"taxonomy":"product_tag","embeddable":true,"href":"https:\/\/www.biokari.sk\/en\/wp-json\/wp\/v2\/product_tag?post=9129"}],"curies":[{"name":"wp","href":"https:\/\/api.w.org\/{rel}","templated":true}]}}