{"id":9131,"date":"2025-07-01T14:37:28","date_gmt":"2025-07-01T12:37:28","guid":{"rendered":"https:\/\/www.biokari.sk\/produkt\/nordvital-vapnik-d3k-komplex-kapsuly-60ks\/"},"modified":"2026-04-25T19:02:13","modified_gmt":"2026-04-25T17:02:13","slug":"nordvital-vapnik-d3k-komplex-kapsuly-60ks","status":"publish","type":"product","link":"https:\/\/www.biokari.sk\/en\/product\/nordvital-vapnik-d3k-komplex-kapsuly-60ks\/","title":{"rendered":"Nordvital V\u00e1pn\u00edk D3+K-komplex kapsuly 60ks"},"content":{"rendered":"<p data-start=\"77\" data-end=\"732\">S\u00fa vynikaj\u00facou vo\u013ebou na doplnenie v\u00e1pnika a podporu zdrav\u00e9ho kostn\u00e9ho syst\u00e9mu. Tento produkt obsahuje v\u00e1pnik-bisglycin\u00e1t, ktor\u00fd je v\u00fdborne vstrebate\u013en\u00fdm a dobre vyu\u017eite\u013en\u00fdm zdrojom v\u00e1pnika. Balenie s obsahom 60 kaps\u00fal umo\u017e\u0148uje pravideln\u00e9 a dlhodob\u00e9 u\u017e\u00edvanie. V\u00e1pnik je \u017eivotne d\u00f4le\u017eit\u00fd miner\u00e1l, ktor\u00fd zohr\u00e1va k\u013e\u00fa\u010dov\u00fa \u00falohu pri budovan\u00ed kost\u00ed a zubov, a z\u00e1rove\u0148 je d\u00f4le\u017eit\u00fd pre spr\u00e1vnu \u010dinnos\u0165 svalov a regul\u00e1ciu nervov\u00e9ho syst\u00e9mu. V\u010faka bisglycin\u00e1tovej forme dok\u00e1\u017ee organizmus efekt\u00edvnej\u0161ie vyu\u017ei\u0165 prijat\u00fd v\u00e1pnik, \u010do rob\u00ed t\u00fato formulu obzvl\u00e1\u0161\u0165 v\u00fdhodnou pre t\u00fdch, ktor\u00ed h\u013eadaj\u00fa spo\u013eahliv\u00fd zdroj v\u00e1pnika.<\/p>\n<p data-start=\"734\" data-end=\"913\"><strong data-start=\"734\" data-end=\"747\">Composition:<\/strong> v\u00e1pnik-bisglycin\u00e1t, hydroxypropylmetylcelul\u00f3za (veg\u00e1nska kapsulov\u00e1 ob\u00e1lka), leuc\u00edn, vitam\u00edn D (cholekalciferol), vitam\u00edn K2 (menachin\u00f3n-7), vitam\u00edn K1 (fylochin\u00f3n)<\/p>\n<p data-start=\"915\" data-end=\"946\"><strong data-start=\"915\" data-end=\"944\">\u00da\u010dinn\u00e9 l\u00e1tky \/ 2 kapsuly:<\/strong><\/p>\n<ul data-start=\"947\" data-end=\"1142\">\n<li data-start=\"947\" data-end=\"1005\">\n<p data-start=\"949\" data-end=\"1005\">V\u00e1pnik-bisglycin\u00e1t 1400 mg<br data-start=\"975\" data-end=\"978\" \/>\u2013 z toho v\u00e1pnik 280 mg<\/p>\n<\/li>\n<li data-start=\"1006\" data-end=\"1054\">\n<p data-start=\"1008\" data-end=\"1054\">Vitam\u00edn D3 (cholekalciferol) 25 \u03bcg = 1000 IU<\/p>\n<\/li>\n<li data-start=\"1055\" data-end=\"1107\">\n<p data-start=\"1057\" data-end=\"1107\">Vitam\u00edn K2 (menachin\u00f3n-7, all-trans forma) 50 \u03bcg<\/p>\n<\/li>\n<li data-start=\"1108\" data-end=\"1142\">\n<p data-start=\"1110\" data-end=\"1142\">Vitam\u00edn K1 (fylochin\u00f3n) 100 \u03bcg<\/p>\n<\/li>\n<\/ul>\n<p data-start=\"1144\" data-end=\"1190\"><strong data-start=\"1144\" data-end=\"1159\">Dosage:<\/strong> 2 kapsuly denne, po\u010das jedla<\/p>\n<p data-start=\"1192\" data-end=\"1428\"><strong data-start=\"1192\" data-end=\"1208\">Warning:<\/strong> V\u00fd\u017eivov\u00fd doplnok sa nesmie pou\u017e\u00edva\u0165 ako n\u00e1hrada vyv\u00e1\u017eenej a pestrej stravy a zdrav\u00e9ho \u017eivotn\u00e9ho \u0161t\u00fdlu. Neprekra\u010dujte odpor\u00fa\u010dan\u00fa denn\u00fa d\u00e1vku! Neu\u017e\u00edvajte pr\u00edpravok, ak ste citliv\u00ed alebo alergick\u00ed na niektor\u00fa zo zlo\u017eiek.<\/p>\n<p data-start=\"1430\" data-end=\"1454\"><strong data-start=\"1430\" data-end=\"1442\">Packaging:<\/strong> 60pcs<\/p>","protected":false},"excerpt":{"rendered":"<p>S\u00fa vynikaj\u00facou vo\u013ebou na doplnenie v\u00e1pnika a podporu zdrav\u00e9ho kostn\u00e9ho syst\u00e9mu. Tento produkt obsahuje v\u00e1pnik-bisglycin\u00e1t, ktor\u00fd je v\u00fdborne vstrebate\u013en\u00fdm a dobre vyu\u017eite\u013en\u00fdm zdrojom v\u00e1pnika. Balenie s obsahom 60 kaps\u00fal umo\u017e\u0148uje pravideln\u00e9 a dlhodob\u00e9 u\u017e\u00edvanie. V\u00e1pnik je \u017eivotne d\u00f4le\u017eit\u00fd miner\u00e1l, ktor\u00fd zohr\u00e1va k\u013e\u00fa\u010dov\u00fa \u00falohu pri budovan\u00ed kost\u00ed a zubov, a z\u00e1rove\u0148 je d\u00f4le\u017eit\u00fd pre spr\u00e1vnu \u010dinnos\u0165 [&hellip;]<\/p>","protected":false},"featured_media":9926,"comment_status":"open","ping_status":"closed","template":"","meta":{"inline_featured_image":false},"product_brand":[112],"product_cat":[69],"product_tag":[],"class_list":{"0":"post-9131","1":"product","2":"type-product","3":"status-publish","4":"has-post-thumbnail","6":"product_brand-nordvital","7":"product_cat-vyzivove-doplnky","9":"first","10":"instock","11":"taxable","12":"shipping-taxable","13":"purchasable","14":"product-type-simple"},"aioseo_notices":[],"_links":{"self":[{"href":"https:\/\/www.biokari.sk\/en\/wp-json\/wp\/v2\/product\/9131","targetHints":{"allow":["GET"]}}],"collection":[{"href":"https:\/\/www.biokari.sk\/en\/wp-json\/wp\/v2\/product"}],"about":[{"href":"https:\/\/www.biokari.sk\/en\/wp-json\/wp\/v2\/types\/product"}],"replies":[{"embeddable":true,"href":"https:\/\/www.biokari.sk\/en\/wp-json\/wp\/v2\/comments?post=9131"}],"wp:featuredmedia":[{"embeddable":true,"href":"https:\/\/www.biokari.sk\/en\/wp-json\/wp\/v2\/media\/9926"}],"wp:attachment":[{"href":"https:\/\/www.biokari.sk\/en\/wp-json\/wp\/v2\/media?parent=9131"}],"wp:term":[{"taxonomy":"product_brand","embeddable":true,"href":"https:\/\/www.biokari.sk\/en\/wp-json\/wp\/v2\/product_brand?post=9131"},{"taxonomy":"product_cat","embeddable":true,"href":"https:\/\/www.biokari.sk\/en\/wp-json\/wp\/v2\/product_cat?post=9131"},{"taxonomy":"product_tag","embeddable":true,"href":"https:\/\/www.biokari.sk\/en\/wp-json\/wp\/v2\/product_tag?post=9131"}],"curies":[{"name":"wp","href":"https:\/\/api.w.org\/{rel}","templated":true}]}}