{"id":9149,"date":"2025-07-01T14:37:31","date_gmt":"2025-07-01T12:37:31","guid":{"rendered":"https:\/\/www.biokari.sk\/produkt\/gal-curcugreen-forte-kapsuly-60ks\/"},"modified":"2026-03-23T18:01:01","modified_gmt":"2026-03-23T17:01:01","slug":"gal-curcugreen-forte-kapsuly-60ks","status":"publish","type":"product","link":"https:\/\/www.biokari.sk\/en\/product\/gal-curcugreen-forte-kapsuly-60ks\/","title":{"rendered":"Gal Curcugreen forte kapsuly 60ks"},"content":{"rendered":"<p data-start=\"225\" data-end=\"581\">Tento pr\u00edpravok bol vyvinut\u00fd tak, aby dok\u00e1zal dopravi\u0165 <strong data-start=\"280\" data-end=\"360\">kurkum\u00edn \u2013 hlavn\u00fd \u00fa\u010dinn\u00fd obsah kurkumy \u2013 vo ve\u013ekom mno\u017estve do krvn\u00e9ho obehu<\/strong> pomocou <strong data-start=\"369\" data-end=\"413\">patentovan\u00e9ho, \u00faplne pr\u00edrodn\u00e9ho rie\u0161enia<\/strong>. Obsahuje tie\u017e <strong data-start=\"429\" data-end=\"458\">esenci\u00e1lny olej z kurkumy<\/strong> a <strong data-start=\"461\" data-end=\"498\">plnospektr\u00e1lny extrakt zo z\u00e1zvoru<\/strong>.<br data-start=\"499\" data-end=\"502\" \/>Extrakcia kurkum\u00ednu prebieha v tov\u00e1rni poh\u00e1\u0148anej <strong data-start=\"551\" data-end=\"578\">100 % sol\u00e1rnou energiou<\/strong>.<\/p>\n<h4 data-start=\"583\" data-end=\"612\"><strong data-start=\"587\" data-end=\"610\">Pre\u010do je v\u00fdnimo\u010dn\u00fd?<\/strong><\/h4>\n<ul data-start=\"613\" data-end=\"1194\">\n<li data-start=\"613\" data-end=\"693\">\n<p data-start=\"615\" data-end=\"693\"><strong data-start=\"615\" data-end=\"631\">Kurkuminoidy<\/strong> sa za norm\u00e1lnych okolnost\u00ed vstreb\u00e1vaj\u00fa len ve\u013emi obmedzene.<\/p>\n<\/li>\n<li data-start=\"694\" data-end=\"797\">\n<p data-start=\"696\" data-end=\"797\"><strong data-start=\"696\" data-end=\"710\">BioPerine\u00ae<\/strong> (extrakt z \u010dierneho korenia) m\u00f4\u017ee zv\u00fd\u0161i\u0165 vstreb\u00e1vanie kurkuminoidov a\u017e o <strong data-start=\"784\" data-end=\"794\">2000 %<\/strong>.<\/p>\n<\/li>\n<li data-start=\"798\" data-end=\"999\">\n<p data-start=\"800\" data-end=\"999\"><strong data-start=\"800\" data-end=\"825\">CURCUGREEN\u00ae (BCM-95\u00ae)<\/strong> \u2013 patentovan\u00fd extrakt z kurkumy, ktor\u00fd obsahuje mikronizovan\u00e9 kurkuminoidy spolu s esenci\u00e1lnym olejom z kurkumy. Je a\u017e <strong data-start=\"945\" data-end=\"965\">6-kr\u00e1t \u00fa\u010dinnej\u0161\u00ed<\/strong> ne\u017e rie\u0161enie s \u010diernym koren\u00edm.<\/p>\n<\/li>\n<li data-start=\"1000\" data-end=\"1101\">\n<p data-start=\"1002\" data-end=\"1101\"><strong data-start=\"1002\" data-end=\"1012\">Z\u00e1zvor<\/strong> (gingerol + esenci\u00e1lne oleje) podporuje vstreb\u00e1vanie a m\u00e1 podobn\u00e9 \u00fa\u010dinky ako kurkum\u00edn.<\/p>\n<\/li>\n<li data-start=\"1102\" data-end=\"1194\">\n<p data-start=\"1104\" data-end=\"1194\"><strong data-start=\"1104\" data-end=\"1117\">Turmer\u00f3ny<\/strong> (\u0161tandardizovan\u00fd extrakt z kurkumy) \u010falej zlep\u0161uj\u00fa vyu\u017eite\u013enos\u0165 kurkum\u00ednu.<\/p>\n<\/li>\n<\/ul>\n<p data-start=\"1196\" data-end=\"1278\"><strong data-start=\"1199\" data-end=\"1276\">Tento produkt kombinuje v\u0161etky uveden\u00e9 mechanizmy pre maxim\u00e1lnu \u00fa\u010dinnos\u0165!<\/strong><\/p>\n<h4 data-start=\"1280\" data-end=\"1312\"><strong data-start=\"1284\" data-end=\"1310\">Recommended dosage: <\/strong><strong data-start=\"1315\" data-end=\"1334\">1 capsule daily<\/strong>, po\u010das jedla. Odpor\u00fa\u010dan\u00e1 denn\u00e1 d\u00e1vka sa nesmie prekro\u010di\u0165.<\/h4>\n<h4 data-start=\"1400\" data-end=\"1422\"><strong data-start=\"1404\" data-end=\"1420\">Warning: <\/strong>V\u00fd\u017eivov\u00fd doplnok nenahr\u00e1dza pestr\u00fa a vyv\u00e1\u017een\u00fa stravu ani zdrav\u00fd \u017eivotn\u00fd \u0161t\u00fdl. Uchov\u00e1vajte mimo dosahu det\u00ed.<\/h4>\n<h4 data-start=\"1540\" data-end=\"1564\"><strong data-start=\"1540\" data-end=\"1562\">Balenie: 60ks<\/strong><\/h4>\n\n\n<p><\/p>","protected":false},"excerpt":{"rendered":"<p>Je inovat\u00edvny v\u00fd\u017eivov\u00fd doplnok obsahuj\u00faci 300 mg Bio-Curkuminu (BCM-95\u00ae) na kapsulu, s celkovo 60 kapsulami v balen\u00ed. Tento patentovan\u00fd extrakt kurkumy, obohaten\u00fd o \u00e9terick\u00fd olej z kurkumy a extrakt zo z\u00e1zvoru, pon\u00faka vysok\u00fa biologick\u00fa dostupnos\u0165 a je 6-kr\u00e1t \u00fa\u010dinnej\u0161\u00ed ako tradi\u010dn\u00e9 extrakty.<br \/>\nHlavn\u00e9 v&#8230; <a class=\"more-link\" href=\"#tab-description\">Read more<\/a><\/p>","protected":false},"featured_media":9913,"comment_status":"open","ping_status":"closed","template":"","meta":{"inline_featured_image":false},"product_brand":[113],"product_cat":[69],"product_tag":[],"class_list":{"0":"post-9149","1":"product","2":"type-product","3":"status-publish","4":"has-post-thumbnail","6":"product_brand-gal","7":"product_cat-vyzivove-doplnky","9":"first","10":"instock","11":"taxable","12":"shipping-taxable","13":"purchasable","14":"product-type-simple"},"aioseo_notices":[],"_links":{"self":[{"href":"https:\/\/www.biokari.sk\/en\/wp-json\/wp\/v2\/product\/9149","targetHints":{"allow":["GET"]}}],"collection":[{"href":"https:\/\/www.biokari.sk\/en\/wp-json\/wp\/v2\/product"}],"about":[{"href":"https:\/\/www.biokari.sk\/en\/wp-json\/wp\/v2\/types\/product"}],"replies":[{"embeddable":true,"href":"https:\/\/www.biokari.sk\/en\/wp-json\/wp\/v2\/comments?post=9149"}],"wp:featuredmedia":[{"embeddable":true,"href":"https:\/\/www.biokari.sk\/en\/wp-json\/wp\/v2\/media\/9913"}],"wp:attachment":[{"href":"https:\/\/www.biokari.sk\/en\/wp-json\/wp\/v2\/media?parent=9149"}],"wp:term":[{"taxonomy":"product_brand","embeddable":true,"href":"https:\/\/www.biokari.sk\/en\/wp-json\/wp\/v2\/product_brand?post=9149"},{"taxonomy":"product_cat","embeddable":true,"href":"https:\/\/www.biokari.sk\/en\/wp-json\/wp\/v2\/product_cat?post=9149"},{"taxonomy":"product_tag","embeddable":true,"href":"https:\/\/www.biokari.sk\/en\/wp-json\/wp\/v2\/product_tag?post=9149"}],"curies":[{"name":"wp","href":"https:\/\/api.w.org\/{rel}","templated":true}]}}