{"id":9157,"date":"2025-07-01T14:37:33","date_gmt":"2025-07-01T12:37:33","guid":{"rendered":"https:\/\/www.biokari.sk\/produkt\/gyorgytea-list-lesnej-maliny-80g\/"},"modified":"2026-04-20T19:02:00","modified_gmt":"2026-04-20T17:02:00","slug":"gyorgytea-list-lesnej-maliny-80g","status":"publish","type":"product","link":"https:\/\/www.biokari.sk\/en\/product\/gyorgytea-list-lesnej-maliny-80g\/","title":{"rendered":"Gy\u00f6rgytea List lesnej maliny 80g"},"content":{"rendered":"<p>Z listov maliny lesnej sa pripravuje chutn\u00fd \u010daj s <strong>mo\u010dopudn\u00fdm \u00fa\u010dinkom<\/strong>, ktor\u00fd prin\u00e1\u0161a \u00fa\u013eavu pri viacer\u00fdch \u0165a\u017ekostiach.<\/p>\n\n\n\n<h3 class=\"wp-block-heading\"><strong>\u00da\u010dinky a pou\u017eitie:<\/strong><\/h3>\n\n\n\n<ul class=\"wp-block-list\">\n<li>pom\u00e1ha pri <strong>\u010drevn\u00fdch k\u0155\u010doch, \u017eal\u00fado\u010dn\u00fdch vredoch<\/strong><\/li>\n\n\n\n<li>zmier\u0148uje <strong>nevo\u013enos\u0165<\/strong>, podporuje <strong>Digestion<\/strong><\/li>\n\n\n\n<li>m\u00e1 <strong>s\u0165ahuj\u00faci \u00fa\u010dinok<\/strong>, vhodn\u00fd pri <strong>hna\u010dke<\/strong><\/li>\n\n\n\n<li>u det\u00ed m\u00f4\u017ee pom\u00f4c\u0165 pri <strong>bolestiach brucha<\/strong><\/li>\n\n\n\n<li>kloktanie pri <strong>bolesti hrdla<\/strong>, \u00fastnych aft\u00e1ch, krv\u00e1can\u00ed \u010fasien<\/li>\n\n\n\n<li>tonizuje <strong>myometrium (svalstvo maternice)<\/strong> \u2013 posil\u0148uje p\u00f4rodn\u00e9 kontrakcie, zmier\u0148uje <strong>men\u0161trua\u010dn\u00e9 bolesti<\/strong><\/li>\n\n\n\n<li>pou\u017e\u00edva sa aj na <strong>v\u00fdtoky (irig\u00e1cia)<\/strong>, podporuje <strong>pevnos\u0165 steny maternice<\/strong>, m\u00f4\u017ee pom\u00e1ha\u0165 pri prevencii potratu<\/li>\n\n\n\n<li>posil\u0148uje <strong>imunitn\u00fd syst\u00e9m<\/strong>, m\u00e1 <strong>antipyretick\u00fd \u00fa\u010dinok<\/strong> (zni\u017euje hor\u00fa\u010dku)<\/li>\n\n\n\n<li>zvonka na <strong>ko\u017en\u00e9 infekcie a o\u010dn\u00e9 probl\u00e9my<\/strong><\/li>\n\n\n\n<li>pri <strong>nachladnut\u00ed a hor\u00fa\u010dke<\/strong> zmier\u0148uje nepr\u00edjemn\u00e9 pr\u00edznaky<\/li>\n\n\n\n<li>posil\u0148uje <strong>zuby, nechty, kosti<\/strong>, chr\u00e1ni poko\u017eku, pom\u00e1ha pri <strong>akn\u00e9<\/strong> (vn\u00fatorne aj zvonka)<\/li>\n\n\n\n<li>m\u00e1 <strong>osvie\u017euj\u00faci, povzbudzuj\u00faci \u00fa\u010dinok<\/strong>, vhodn\u00fd na ka\u017edodenn\u00e9 pitie<\/li>\n<\/ul>\n\n\n\n<h3 class=\"wp-block-heading\"><strong>Preparation and dosage:<\/strong> 1 polievkov\u00fa ly\u017eicu (cca 3 g) \u010dajoviny zalia\u0165 <strong>2,5 dl boiling water<\/strong>, l\u00fahova\u0165 <strong>15 min\u00fat<\/strong>, potom scedi\u0165 (nepou\u017e\u00edva\u0165 kovov\u00e9 sitko).<\/h3>\n\n\n\n<ul class=\"wp-block-list\">\n<li><strong>Dospel\u00ed:<\/strong> 1\u20132 \u0161\u00e1lky denne, dlhodobo.<\/li>\n\n\n\n<li><strong>Pri chronickej kolit\u00edde:<\/strong> 1 \u0161\u00e1lka denne do vymiznutia z\u00e1palu.<\/li>\n\n\n\n<li><strong>Pri dne:<\/strong> 1 \u0161\u00e1lka denne \u2013 pom\u00e1ha zni\u017eova\u0165 kyselinu mo\u010dov\u00fa.<\/li>\n\n\n\n<li><strong>Po oplodnen\u00ed:<\/strong> odpor\u00fa\u010da sa do 12. t\u00fd\u017ed\u0148a tehotenstva, a tie\u017e 2\u20133 t\u00fd\u017edne pred a po p\u00f4rode \u2013 1 \u0161\u00e1lka denne.<\/li>\n\n\n\n<li><strong>Deti od 6 rokov:<\/strong> rieden\u00fd \u010daj (1 \u010dajov\u00e1 ly\u017ei\u010dka \u010dajoviny na 2,5 dl vody).<\/li>\n<\/ul>\n\n\n\n<h4 class=\"wp-block-heading\"><strong>Composition:<\/strong> <strong>List maliny lesnej (Rubi idaei folium)<\/strong><\/h4>\n\n\n\n<h4 class=\"wp-block-heading\"><strong>Storage:<\/strong> Po otvoren\u00ed uchov\u00e1vajte v suchu, chlade, mimo dosahu det\u00ed a balenie v\u017edy d\u00f4kladne uzavrite.<\/h4>\n\n\n\n<p><strong>Weight:<\/strong> 80g<\/p>","protected":false},"excerpt":{"rendered":"<p>Z listov maliny lesnej sa pripravuje chutn\u00fd \u010daj s mo\u010dopudn\u00fdm \u00fa\u010dinkom, ktor\u00fd prin\u00e1\u0161a \u00fa\u013eavu pri viacer\u00fdch \u0165a\u017ekostiach.<\/p>","protected":false},"featured_media":9907,"comment_status":"open","ping_status":"closed","template":"","meta":{"inline_featured_image":false},"product_brand":[274],"product_cat":[148],"product_tag":[],"class_list":{"0":"post-9157","1":"product","2":"type-product","3":"status-publish","4":"has-post-thumbnail","6":"product_brand-gyorgytea","7":"product_cat-liecive-rastliny","9":"first","10":"instock","11":"taxable","12":"shipping-taxable","13":"purchasable","14":"product-type-simple"},"aioseo_notices":[],"_links":{"self":[{"href":"https:\/\/www.biokari.sk\/en\/wp-json\/wp\/v2\/product\/9157","targetHints":{"allow":["GET"]}}],"collection":[{"href":"https:\/\/www.biokari.sk\/en\/wp-json\/wp\/v2\/product"}],"about":[{"href":"https:\/\/www.biokari.sk\/en\/wp-json\/wp\/v2\/types\/product"}],"replies":[{"embeddable":true,"href":"https:\/\/www.biokari.sk\/en\/wp-json\/wp\/v2\/comments?post=9157"}],"wp:featuredmedia":[{"embeddable":true,"href":"https:\/\/www.biokari.sk\/en\/wp-json\/wp\/v2\/media\/9907"}],"wp:attachment":[{"href":"https:\/\/www.biokari.sk\/en\/wp-json\/wp\/v2\/media?parent=9157"}],"wp:term":[{"taxonomy":"product_brand","embeddable":true,"href":"https:\/\/www.biokari.sk\/en\/wp-json\/wp\/v2\/product_brand?post=9157"},{"taxonomy":"product_cat","embeddable":true,"href":"https:\/\/www.biokari.sk\/en\/wp-json\/wp\/v2\/product_cat?post=9157"},{"taxonomy":"product_tag","embeddable":true,"href":"https:\/\/www.biokari.sk\/en\/wp-json\/wp\/v2\/product_tag?post=9157"}],"curies":[{"name":"wp","href":"https:\/\/api.w.org\/{rel}","templated":true}]}}