{"id":9159,"date":"2025-07-01T14:37:34","date_gmt":"2025-07-01T12:37:34","guid":{"rendered":"https:\/\/www.biokari.sk\/produkt\/gyorgytea-filtrovana-cajova-zmes-plucnik-lekarsky-20ks\/"},"modified":"2026-04-25T19:02:13","modified_gmt":"2026-04-25T17:02:13","slug":"gyorgytea-filtrovana-cajova-zmes-plucnik-lekarsky-20ks","status":"publish","type":"product","link":"https:\/\/www.biokari.sk\/en\/product\/gyorgytea-filtrovana-cajova-zmes-plucnik-lekarsky-20ks\/","title":{"rendered":"Gy\u00f6rgytea Filtrovan\u00e1 \u010dajov\u00e1 zmes &#8211; Pl\u00facn\u00edk lek\u00e1rsky 20ks"},"content":{"rendered":"<h3 data-start=\"180\" data-end=\"199\"><strong data-start=\"184\" data-end=\"197\">Composition:\u00a0<\/strong>v\u0148a\u0165 prvosienky lek\u00e1rskej, v\u0148a\u0165 materinej d\u00fa\u0161ky, list p\u013e\u00facnika (12 %), list skorocelu kopijovit\u00e9ho, v\u0148a\u0165 rebr\u00ed\u010dka oby\u010dajn\u00e9ho, v\u0148a\u0165 zem\u017el\u010de men\u0161ej, kvet ag\u00e1tu bieleho, kvet necht\u00edka lek\u00e1rskeho, kvet korenovca lek\u00e1rskeho (verbascum), v\u0148a\u0165 pamajor\u00e1nu, v\u0148a\u0165 veroniky lek\u00e1rskej<\/h3>\n<h3 data-start=\"476\" data-end=\"495\"><strong data-start=\"480\" data-end=\"493\">Preparation:\u00a0<\/strong>1 \u010dajov\u00e9 vrec\u00fa\u0161ko zalia\u0165 \u0161\u00e1lkou (cca 2,5 dl) vriacej vody, l\u00fahova\u0165 15 min\u00fat a potom vybra\u0165.<\/h3>\n<h3 data-start=\"591\" data-end=\"610\"><strong data-start=\"595\" data-end=\"608\">Usage:\u00a0<\/strong>Pi\u0165 <strong data-start=\"615\" data-end=\"632\">1 \u0161\u00e1lku denne<\/strong> a\u017e do vymiznutia \u0165a\u017ekost\u00ed, maxim\u00e1lne v\u0161ak <strong data-start=\"675\" data-end=\"688\">3 mesiace<\/strong>. N\u00e1sledne je potrebn\u00e1 <strong data-start=\"711\" data-end=\"735\">4-t\u00fd\u017ed\u0148ov\u00e1 prest\u00e1vka<\/strong>.<\/h3>\n<h3 data-start=\"740\" data-end=\"766\"><strong data-start=\"744\" data-end=\"764\">Contraindications:\u00a0<\/strong>Nevhodn\u00e9 pre <strong data-start=\"780\" data-end=\"807\">tehotn\u00e9 a doj\u010diace \u017eeny<\/strong> a pre <strong data-start=\"814\" data-end=\"834\">deti do 12 rokov<\/strong>.<\/h3>\n<p><strong>Quantity:<\/strong> 20ks<\/p>","protected":false},"excerpt":{"rendered":"<p>Zlo\u017eenie:\u00a0v\u0148a\u0165 prvosienky lek\u00e1rskej, v\u0148a\u0165 materinej d\u00fa\u0161ky, list p\u013e\u00facnika (12 %), list skorocelu kopijovit\u00e9ho, v\u0148a\u0165 rebr\u00ed\u010dka oby\u010dajn\u00e9ho, v\u0148a\u0165 zem\u017el\u010de men\u0161ej, kvet ag\u00e1tu bieleho, kvet necht\u00edka lek\u00e1rskeho, kvet korenovca lek\u00e1rskeho (verbascum), v\u0148a\u0165 pamajor\u00e1nu, v\u0148a\u0165 veroniky lek\u00e1rskej Pr\u00edprava:\u00a01 \u010dajov\u00e9 vrec\u00fa\u0161ko zalia\u0165 \u0161\u00e1lkou (cca 2,5 dl) vriacej vody, l\u00fahova\u0165 15 min\u00fat a potom vybra\u0165. U\u017e\u00edvanie:\u00a0Pi\u0165 1 \u0161\u00e1lku denne a\u017e [&hellip;]<\/p>","protected":false},"featured_media":9901,"comment_status":"open","ping_status":"closed","template":"","meta":{"inline_featured_image":false},"product_brand":[],"product_cat":[148,153],"product_tag":[],"class_list":{"0":"post-9159","1":"product","2":"type-product","3":"status-publish","4":"has-post-thumbnail","6":"product_cat-liecive-rastliny","7":"product_cat-dychacie-cesty-liecive-rastliny","9":"first","10":"instock","11":"taxable","12":"shipping-taxable","13":"purchasable","14":"product-type-simple"},"aioseo_notices":[],"_links":{"self":[{"href":"https:\/\/www.biokari.sk\/en\/wp-json\/wp\/v2\/product\/9159","targetHints":{"allow":["GET"]}}],"collection":[{"href":"https:\/\/www.biokari.sk\/en\/wp-json\/wp\/v2\/product"}],"about":[{"href":"https:\/\/www.biokari.sk\/en\/wp-json\/wp\/v2\/types\/product"}],"replies":[{"embeddable":true,"href":"https:\/\/www.biokari.sk\/en\/wp-json\/wp\/v2\/comments?post=9159"}],"wp:featuredmedia":[{"embeddable":true,"href":"https:\/\/www.biokari.sk\/en\/wp-json\/wp\/v2\/media\/9901"}],"wp:attachment":[{"href":"https:\/\/www.biokari.sk\/en\/wp-json\/wp\/v2\/media?parent=9159"}],"wp:term":[{"taxonomy":"product_brand","embeddable":true,"href":"https:\/\/www.biokari.sk\/en\/wp-json\/wp\/v2\/product_brand?post=9159"},{"taxonomy":"product_cat","embeddable":true,"href":"https:\/\/www.biokari.sk\/en\/wp-json\/wp\/v2\/product_cat?post=9159"},{"taxonomy":"product_tag","embeddable":true,"href":"https:\/\/www.biokari.sk\/en\/wp-json\/wp\/v2\/product_tag?post=9159"}],"curies":[{"name":"wp","href":"https:\/\/api.w.org\/{rel}","templated":true}]}}