{"id":9165,"date":"2025-07-01T14:37:35","date_gmt":"2025-07-01T12:37:35","guid":{"rendered":"https:\/\/www.biokari.sk\/produkt\/nordvital-koenzim-q10-kapsuly-60ks\/"},"modified":"2026-02-13T18:01:13","modified_gmt":"2026-02-13T17:01:13","slug":"nordvital-koenzim-q10-kapsuly-60ks","status":"publish","type":"product","link":"https:\/\/www.biokari.sk\/en\/product\/nordvital-koenzim-q10-kapsuly-60ks\/","title":{"rendered":"Nordvital Koenz\u00edm Q10 kapsuly 60ks"},"content":{"rendered":"<p data-start=\"160\" data-end=\"394\">N\u00e1\u0161 <strong data-start=\"164\" data-end=\"181\">Q10 pr\u00edpravok<\/strong> obsahuje <strong data-start=\"191\" data-end=\"218\">ubichin\u00f3n (koenz\u00fdm Q10)<\/strong> rozpusten\u00fd v <strong data-start=\"232\" data-end=\"245\">MCT oleji<\/strong> z udr\u017eate\u013en\u00e9ho hospod\u00e1rstva (RSPO certifikovan\u00fd palmov\u00fd olej) a obohaten\u00fd o <strong data-start=\"322\" data-end=\"346\">lecit\u00edn zo slne\u010dnice<\/strong> pre lep\u0161iu rozpustnos\u0165 a vyu\u017eite\u013enos\u0165 v tele.<\/p>\n<h4 data-start=\"396\" data-end=\"415\"><strong data-start=\"400\" data-end=\"413\">Composition:\u00a0<\/strong>MCT olej (RSPO certifikovan\u00fd palmov\u00fd olej), veg\u00e1nska kapsula (kukuri\u010dn\u00fd \u0161krob, glycerol, \u010disten\u00e1 voda, farbivo: karamel), ubichin\u00f3n (Q10), stabiliz\u00e1tor (slne\u010dnicov\u00fd lecit\u00edn).<\/h4>\n<h4 data-start=\"594\" data-end=\"626\"><strong data-start=\"598\" data-end=\"624\">Recommended dosage:\u00a0<\/strong><strong data-start=\"627\" data-end=\"646\">1 capsule daily<\/strong>, po\u010das jedla.<\/h4>\n<h4 data-start=\"664\" data-end=\"686\"><strong data-start=\"668\" data-end=\"684\">Storage:\u00a0<\/strong>Na suchom, tienistom mieste pri izbovej teplote. Uchov\u00e1va\u0165 mimo dosahu det\u00ed.<\/h4>\n<h4 data-start=\"767\" data-end=\"789\"><strong data-start=\"771\" data-end=\"787\">Warning: <\/strong>Neprekra\u010dujte odpor\u00fa\u010dan\u00fa denn\u00fa d\u00e1vku. V\u00fd\u017eivov\u00fd doplnok nenahr\u00e1dza pestr\u00fa a vyv\u00e1\u017een\u00fa stravu ani zdrav\u00fd \u017eivotn\u00fd \u0161t\u00fdl. Neu\u017e\u00edvajte, ak ste alergick\u00ed alebo precitliven\u00ed na niektor\u00fa zo zlo\u017eiek.<\/h4>\n<h4><strong>Quantity:<\/strong> 60pcs<\/h4>","protected":false},"excerpt":{"rendered":"<p>N\u00e1\u0161 Q10 pr\u00edpravok obsahuje ubichin\u00f3n (koenz\u00fdm Q10) rozpusten\u00fd v MCT oleji z udr\u017eate\u013en\u00e9ho hospod\u00e1rstva (RSPO certifikovan\u00fd palmov\u00fd olej) a obohaten\u00fd o lecit\u00edn zo slne\u010dnice pre lep\u0161iu rozpustnos\u0165 a vyu\u017eite\u013enos\u0165 v tele. Zlo\u017eenie:\u00a0MCT olej (RSPO certifikovan\u00fd palmov\u00fd olej), veg\u00e1nska kapsula (kukuri\u010dn\u00fd \u0161krob, glycerol, \u010disten\u00e1 voda, farbivo: karamel), ubichin\u00f3n (Q10), stabiliz\u00e1tor (slne\u010dnicov\u00fd lecit\u00edn). Odpor\u00fa\u010dan\u00e9 d\u00e1vkovanie:\u00a01 kapsula denne, [&hellip;]<\/p>","protected":false},"featured_media":9899,"comment_status":"open","ping_status":"closed","template":"","meta":{"inline_featured_image":false},"product_brand":[112],"product_cat":[69],"product_tag":[],"class_list":{"0":"post-9165","1":"product","2":"type-product","3":"status-publish","4":"has-post-thumbnail","6":"product_brand-nordvital","7":"product_cat-vyzivove-doplnky","9":"first","10":"onbackorder","11":"taxable","12":"shipping-taxable","13":"purchasable","14":"product-type-simple"},"aioseo_notices":[],"_links":{"self":[{"href":"https:\/\/www.biokari.sk\/en\/wp-json\/wp\/v2\/product\/9165","targetHints":{"allow":["GET"]}}],"collection":[{"href":"https:\/\/www.biokari.sk\/en\/wp-json\/wp\/v2\/product"}],"about":[{"href":"https:\/\/www.biokari.sk\/en\/wp-json\/wp\/v2\/types\/product"}],"replies":[{"embeddable":true,"href":"https:\/\/www.biokari.sk\/en\/wp-json\/wp\/v2\/comments?post=9165"}],"wp:featuredmedia":[{"embeddable":true,"href":"https:\/\/www.biokari.sk\/en\/wp-json\/wp\/v2\/media\/9899"}],"wp:attachment":[{"href":"https:\/\/www.biokari.sk\/en\/wp-json\/wp\/v2\/media?parent=9165"}],"wp:term":[{"taxonomy":"product_brand","embeddable":true,"href":"https:\/\/www.biokari.sk\/en\/wp-json\/wp\/v2\/product_brand?post=9165"},{"taxonomy":"product_cat","embeddable":true,"href":"https:\/\/www.biokari.sk\/en\/wp-json\/wp\/v2\/product_cat?post=9165"},{"taxonomy":"product_tag","embeddable":true,"href":"https:\/\/www.biokari.sk\/en\/wp-json\/wp\/v2\/product_tag?post=9165"}],"curies":[{"name":"wp","href":"https:\/\/api.w.org\/{rel}","templated":true}]}}