{"id":9173,"date":"2025-07-01T14:37:36","date_gmt":"2025-07-01T12:37:36","guid":{"rendered":"https:\/\/www.biokari.sk\/produkt\/nordvital-ostrpestrec-mariansky-kapsuly-60ks\/"},"modified":"2026-04-20T19:02:00","modified_gmt":"2026-04-20T17:02:00","slug":"nordvital-ostrpestrec-mariansky-kapsuly-60ks","status":"publish","type":"product","link":"https:\/\/www.biokari.sk\/en\/product\/nordvital-ostrpestrec-mariansky-kapsuly-60ks\/","title":{"rendered":"Nordvital Ostrpestrec mariansky kapsuly 60ks"},"content":{"rendered":"<p data-start=\"32\" data-end=\"373\">Kapsuly obsahuj\u00fa extrakt z pestreca mari\u00e1nskeho (Silybum marianum). T\u00e1to lie\u010div\u00e1 rastlina sa v tradi\u010dnom pou\u017e\u00edvan\u00ed \u010dasto sp\u00e1jala s podporou \u010dinnosti pe\u010dene. Pr\u00edpravok sa dobre hod\u00ed ako doplnok ka\u017edodennej stravy, najm\u00e4 pre t\u00fdch, ktor\u00ed dbaj\u00fa na vedom\u00fd a zdrav\u00fd \u017eivotn\u00fd \u0161t\u00fdl. Balenie obsahuje 60 kaps\u00fal.<\/p>\n<p data-start=\"375\" data-end=\"404\"><strong data-start=\"375\" data-end=\"402\">Ingredients (in 1 capsule):<\/strong><\/p>\n<ul data-start=\"405\" data-end=\"707\">\n<li data-start=\"405\" data-end=\"527\">\n<p data-start=\"407\" data-end=\"527\">Pestrec mari\u00e1nsky (Silybum Marianum) \u2013 extrakt zo semien 262,5 mg<br data-start=\"472\" data-end=\"475\" \/>\u00a0\u00a0\u00a0\u2013 z toho silymar\u00edn (80 %) 210 mg<\/p>\n<\/li>\n<li data-start=\"528\" data-end=\"550\">\n<p data-start=\"530\" data-end=\"550\">L-cyste\u00edn \u2013 300 mg<\/p>\n<\/li>\n<li data-start=\"551\" data-end=\"623\">\n<p data-start=\"553\" data-end=\"623\">Arti\u010doka (Cynara scolymus L.) \u2013 extrakt z kvetu a listu (4:1) 100 mg<\/p>\n<\/li>\n<li data-start=\"624\" data-end=\"707\">\n<p data-start=\"626\" data-end=\"707\">P\u00fapava lek\u00e1rska (Taraxacum mongolicum Hand-Mazz) \u2013 extrakt z kore\u0148a (4:1) 50 mg<\/p>\n<\/li>\n<\/ul>\n<p data-start=\"709\" data-end=\"932\"><strong data-start=\"709\" data-end=\"727\">Composition:<\/strong> L-cyste\u00edn, extrakt zo semien pestreca mari\u00e1nskeho, hydroxypropylmetylcelul\u00f3za (veg\u00e1nska kapsula), extrakt z kvetu a listu arti\u010doky, extrakt z kore\u0148a p\u00fapavy, protihrudkuj\u00faca l\u00e1tka (aminokyselina leuc\u00edn).<\/p>\n<p data-start=\"934\" data-end=\"1037\"><strong data-start=\"934\" data-end=\"960\">Recommended dosage:<\/strong> 1 kapsula denne, najlep\u0161ie po\u010das jedla a zapi\u0165 dostato\u010dn\u00fdm mno\u017estvom vody.<\/p>\n<p data-start=\"1039\" data-end=\"1396\"><strong data-start=\"1039\" data-end=\"1055\">Warning:<\/strong> Uchov\u00e1vajte na suchom mieste, chr\u00e1nenom pred slne\u010dn\u00fdm \u017eiaren\u00edm, pri izbovej teplote. Uchov\u00e1vajte mimo dosahu det\u00ed.<br data-start=\"1170\" data-end=\"1173\" \/>V\u00fd\u017eivov\u00fd doplnok sa nesmie pou\u017e\u00edva\u0165 ako n\u00e1hrada pestrej a vyv\u00e1\u017eenej stravy a zdrav\u00e9ho \u017eivotn\u00e9ho \u0161t\u00fdlu. Neprekra\u010dujte odpor\u00fa\u010dan\u00fa denn\u00fa d\u00e1vku! Neu\u017e\u00edvajte, ak ste precitliven\u00ed alebo alergick\u00ed na ktor\u00fako\u013evek zlo\u017eku pr\u00edpravku.<\/p>\n<p data-start=\"1398\" data-end=\"1422\"><strong data-start=\"1398\" data-end=\"1410\">Packaging:<\/strong> 60pcs<\/p>","protected":false},"excerpt":{"rendered":"<p>Kapsuly obsahuj\u00fa extrakt z pestreca mari\u00e1nskeho (Silybum marianum). T\u00e1to lie\u010div\u00e1 rastlina sa v tradi\u010dnom pou\u017e\u00edvan\u00ed \u010dasto sp\u00e1jala s podporou \u010dinnosti pe\u010dene. Pr\u00edpravok sa dobre hod\u00ed ako doplnok ka\u017edodennej stravy, najm\u00e4 pre t\u00fdch, ktor\u00ed dbaj\u00fa na vedom\u00fd a zdrav\u00fd \u017eivotn\u00fd \u0161t\u00fdl. Balenie obsahuje 60 kaps\u00fal. Zlo\u017eenie (v 1 kapsule): Pestrec mari\u00e1nsky (Silybum Marianum) \u2013 extrakt zo [&hellip;]<\/p>","protected":false},"featured_media":9857,"comment_status":"open","ping_status":"closed","template":"","meta":{"inline_featured_image":false},"product_brand":[112],"product_cat":[69,141,140,143],"product_tag":[],"class_list":{"0":"post-9173","1":"product","2":"type-product","3":"status-publish","4":"has-post-thumbnail","6":"product_brand-nordvital","7":"product_cat-vyzivove-doplnky","8":"product_cat-chudnutie","9":"product_cat-posilnenie-imunity","10":"product_cat-zaludok-a-crevna-cinnost","12":"first","13":"instock","14":"taxable","15":"shipping-taxable","16":"purchasable","17":"product-type-simple"},"aioseo_notices":[],"_links":{"self":[{"href":"https:\/\/www.biokari.sk\/en\/wp-json\/wp\/v2\/product\/9173","targetHints":{"allow":["GET"]}}],"collection":[{"href":"https:\/\/www.biokari.sk\/en\/wp-json\/wp\/v2\/product"}],"about":[{"href":"https:\/\/www.biokari.sk\/en\/wp-json\/wp\/v2\/types\/product"}],"replies":[{"embeddable":true,"href":"https:\/\/www.biokari.sk\/en\/wp-json\/wp\/v2\/comments?post=9173"}],"wp:featuredmedia":[{"embeddable":true,"href":"https:\/\/www.biokari.sk\/en\/wp-json\/wp\/v2\/media\/9857"}],"wp:attachment":[{"href":"https:\/\/www.biokari.sk\/en\/wp-json\/wp\/v2\/media?parent=9173"}],"wp:term":[{"taxonomy":"product_brand","embeddable":true,"href":"https:\/\/www.biokari.sk\/en\/wp-json\/wp\/v2\/product_brand?post=9173"},{"taxonomy":"product_cat","embeddable":true,"href":"https:\/\/www.biokari.sk\/en\/wp-json\/wp\/v2\/product_cat?post=9173"},{"taxonomy":"product_tag","embeddable":true,"href":"https:\/\/www.biokari.sk\/en\/wp-json\/wp\/v2\/product_tag?post=9173"}],"curies":[{"name":"wp","href":"https:\/\/api.w.org\/{rel}","templated":true}]}}