{"id":9177,"date":"2025-07-01T14:37:37","date_gmt":"2025-07-01T12:37:37","guid":{"rendered":"https:\/\/www.biokari.sk\/produkt\/nordvital-vitamin-c-komplex-kapsuly-60ks\/"},"modified":"2026-05-02T19:01:07","modified_gmt":"2026-05-02T17:01:07","slug":"nordvital-vitamin-c-komplex-kapsuly-60ks","status":"publish","type":"product","link":"https:\/\/www.biokari.sk\/en\/product\/nordvital-vitamin-c-komplex-kapsuly-60ks\/","title":{"rendered":"Nordvital Vitamin C complex capsules 60pcs"},"content":{"rendered":"<p data-start=\"32\" data-end=\"290\"><strong data-start=\"32\" data-end=\"78\">Nordvital Vitam\u00edn C komplex retard tablety<\/strong> obsahuj\u00fa 1000 mg vitam\u00ednu C s postupn\u00fdm uvo\u013e\u0148ovan\u00edm. Formula je navrhnut\u00e1 tak, aby pohodlne podporila denn\u00fd pr\u00edjem vitam\u00ednu C. Tableta s postupn\u00fdm uvo\u013e\u0148ovan\u00edm sa jednoducho zarad\u00ed do ka\u017edodennej suplement\u00e1cie.<\/p>\n<p data-start=\"292\" data-end=\"321\"><strong data-start=\"292\" data-end=\"319\">Zlo\u017eenie (v 1 tablete):<\/strong><\/p>\n<ul data-start=\"322\" data-end=\"769\">\n<li data-start=\"322\" data-end=\"382\">\n<p data-start=\"324\" data-end=\"382\">Vitam\u00edn C (magn\u00e9zium-L-askorb\u00e1t) \u2013 1000 mg (1250 % RVH*)<\/p>\n<\/li>\n<li data-start=\"383\" data-end=\"419\">\n<p data-start=\"385\" data-end=\"419\">Citrusov\u00e9 bioflavonoidy \u2013 100 mg<\/p>\n<\/li>\n<li data-start=\"420\" data-end=\"520\">\n<p data-start=\"422\" data-end=\"520\">Extrakt z jadier \u010derven\u00e9ho hrozna (Vitis Vinifera) [95 % oligom\u00e9rnych proantokyanid\u00ednov] \u2013 50 mg<\/p>\n<\/li>\n<li data-start=\"521\" data-end=\"584\">\n<p data-start=\"523\" data-end=\"584\">Extrakt zo \u0161upiek \u010derven\u00e9ho hrozna (Vitis Vinifera) \u2013 50 mg<\/p>\n<\/li>\n<li data-start=\"585\" data-end=\"633\">\n<p data-start=\"587\" data-end=\"633\">Acerola (extrakt z Malpighia Glabra) \u2013 50 mg<\/p>\n<\/li>\n<li data-start=\"634\" data-end=\"651\">\n<p data-start=\"636\" data-end=\"651\">Rut\u00edn \u2013 50 mg<\/p>\n<\/li>\n<li data-start=\"652\" data-end=\"769\">\n<p data-start=\"654\" data-end=\"769\">Bioperine\u00ae (extrakt z \u010dierneho korenia, 95 % piper\u00ednu) \u2013 2 mg<br data-start=\"715\" data-end=\"718\" \/>*RVH = Dietary Reference Value for adults<\/p>\n<\/li>\n<\/ul>\n<p data-start=\"771\" data-end=\"1173\"><strong data-start=\"771\" data-end=\"789\">Pomocn\u00e9 l\u00e1tky:<\/strong> magn\u00e9zium-L-askorb\u00e1t, stabiliz\u00e1tor (hydroxypropylmetylcelul\u00f3za), citrusov\u00e9 bioflavonoidy, po\u0165ahov\u00e1 l\u00e1tka (hydroxypropylmetylcelul\u00f3za, polyetyl\u00e9nglykol, povid\u00f3n), protihrudkuj\u00faca l\u00e1tka (aminokyselina leuc\u00edn), extrakt z jadier \u010derven\u00e9ho hrozna, rut\u00edn, extrakt z aceroly (Malpighia glabra), extrakt zo \u0161upiek \u010derven\u00e9ho hrozna, spojivo (povid\u00f3n), Bioperine\u00ae extrakt z \u010dierneho korenia.<\/p>\n<p data-start=\"1175\" data-end=\"1229\"><strong data-start=\"1175\" data-end=\"1201\">Recommended dosage:<\/strong> 1 tableta denne po jedle.<\/p>\n<p data-start=\"1231\" data-end=\"1588\"><strong data-start=\"1231\" data-end=\"1247\">Warning:<\/strong> Uchov\u00e1vajte na suchom mieste, chr\u00e1nenom pred slne\u010dn\u00fdm \u017eiaren\u00edm, pri izbovej teplote. Uchov\u00e1vajte mimo dosahu det\u00ed.<br data-start=\"1362\" data-end=\"1365\" \/>V\u00fd\u017eivov\u00fd doplnok sa nesmie pou\u017e\u00edva\u0165 ako n\u00e1hrada pestrej a vyv\u00e1\u017eenej stravy a zdrav\u00e9ho \u017eivotn\u00e9ho \u0161t\u00fdlu. Neprekra\u010dujte odpor\u00fa\u010dan\u00fa denn\u00fa d\u00e1vku! Neu\u017e\u00edvajte, ak ste precitliven\u00ed alebo alergick\u00ed na ktor\u00fako\u013evek zlo\u017eku pr\u00edpravku.<\/p>\n<p data-start=\"1590\" data-end=\"1615\"><strong data-start=\"1590\" data-end=\"1602\">Packaging:<\/strong> 90ks<\/p>","protected":false},"excerpt":{"rendered":"<p>Nordvital Vitam\u00edn C komplex retard tablety obsahuj\u00fa 1000 mg vitam\u00ednu C s postupn\u00fdm uvo\u013e\u0148ovan\u00edm. Formula je navrhnut\u00e1 tak, aby pohodlne podporila denn\u00fd pr\u00edjem vitam\u00ednu C. Tableta s postupn\u00fdm uvo\u013e\u0148ovan\u00edm sa jednoducho zarad\u00ed do ka\u017edodennej suplement\u00e1cie. Zlo\u017eenie (v 1 tablete): Vitam\u00edn C (magn\u00e9zium-L-askorb\u00e1t) \u2013 1000 mg (1250 % RVH*) Citrusov\u00e9 bioflavonoidy \u2013 100 mg Extrakt z [&hellip;]<\/p>","protected":false},"featured_media":9853,"comment_status":"open","ping_status":"closed","template":"","meta":{"inline_featured_image":false},"product_brand":[112],"product_cat":[69,146,145,140],"product_tag":[],"class_list":{"0":"post-9177","1":"product","2":"type-product","3":"status-publish","4":"has-post-thumbnail","6":"product_brand-nordvital","7":"product_cat-vyzivove-doplnky","8":"product_cat-klby-a-reuma","9":"product_cat-krasa","10":"product_cat-posilnenie-imunity","12":"first","13":"instock","14":"taxable","15":"shipping-taxable","16":"purchasable","17":"product-type-simple"},"aioseo_notices":[],"_links":{"self":[{"href":"https:\/\/www.biokari.sk\/en\/wp-json\/wp\/v2\/product\/9177","targetHints":{"allow":["GET"]}}],"collection":[{"href":"https:\/\/www.biokari.sk\/en\/wp-json\/wp\/v2\/product"}],"about":[{"href":"https:\/\/www.biokari.sk\/en\/wp-json\/wp\/v2\/types\/product"}],"replies":[{"embeddable":true,"href":"https:\/\/www.biokari.sk\/en\/wp-json\/wp\/v2\/comments?post=9177"}],"wp:featuredmedia":[{"embeddable":true,"href":"https:\/\/www.biokari.sk\/en\/wp-json\/wp\/v2\/media\/9853"}],"wp:attachment":[{"href":"https:\/\/www.biokari.sk\/en\/wp-json\/wp\/v2\/media?parent=9177"}],"wp:term":[{"taxonomy":"product_brand","embeddable":true,"href":"https:\/\/www.biokari.sk\/en\/wp-json\/wp\/v2\/product_brand?post=9177"},{"taxonomy":"product_cat","embeddable":true,"href":"https:\/\/www.biokari.sk\/en\/wp-json\/wp\/v2\/product_cat?post=9177"},{"taxonomy":"product_tag","embeddable":true,"href":"https:\/\/www.biokari.sk\/en\/wp-json\/wp\/v2\/product_tag?post=9177"}],"curies":[{"name":"wp","href":"https:\/\/api.w.org\/{rel}","templated":true}]}}