{"id":9181,"date":"2025-07-01T14:37:38","date_gmt":"2025-07-01T12:37:38","guid":{"rendered":"https:\/\/www.biokari.sk\/produkt\/gyorgytea-cajova-zmes-zlatobyl-100g\/"},"modified":"2026-05-04T19:03:11","modified_gmt":"2026-05-04T17:03:11","slug":"gyorgytea-cajova-zmes-zlatobyl-100g","status":"publish","type":"product","link":"https:\/\/www.biokari.sk\/en\/product\/gyorgytea-cajova-zmes-zlatobyl-100g\/","title":{"rendered":"Gy\u00f6rgytea \u010cajov\u00e1 zmes &#8211; Zlatobyl 100g"},"content":{"rendered":"<p data-start=\"32\" data-end=\"761\">Mnoho \u013eud\u00ed trp\u00ed tr\u00e1viacimi \u0165a\u017ekos\u0165ami. \u0164a\u017ek\u00e9 tr\u00e1venie m\u00f4\u017ee ma\u0165 r\u00f4zny p\u00f4vod \u2013 napr\u00edklad poruchy tvorby \u017el\u010de alebo \u017eal\u00fado\u010dnej kyseliny, ale m\u00f4\u017ee by\u0165 aj d\u00f4sledkom stresu \u010di nespr\u00e1vnych stravovac\u00edch n\u00e1vykov. \u017dal\u00fadok zabezpe\u010duje tr\u00e1venie, nie v\u0161ak vstreb\u00e1vanie \u017eiv\u00edn (okrem niektor\u00fdch bielkov\u00edn). Tuky rozklad\u00e1 tenk\u00e9 \u010drevo \u2013 pokia\u013e enz\u00fdmy neroz\u0161tiepia tukov\u00e9 molekuly na men\u0161ie \u010dasti, organizmus pozastavuje \u010dinnos\u0165 \u017eal\u00fadka. Preto, ak zjeme naraz pr\u00edli\u0161 ve\u013ea alebo ve\u013emi mastn\u00e9 jedlo, c\u00edtime \u201e\u0165a\u017eobu\u201c a akoby sa tr\u00e1venie zastavilo \u2013 a skuto\u010dne sa zastav\u00ed. Tuky rozklad\u00e1 enz\u00fdm lip\u00e1za, ktor\u00fd produkuje pankreas, a aktivuje ho \u017el\u010d. Je teda d\u00f4le\u017eit\u00e9, aby bolo k dispoz\u00edcii dostato\u010dn\u00e9 mno\u017estvo \u017el\u010de, aby tr\u00e1viaci proces prebiehal hladko.<\/p>\n<p data-start=\"763\" data-end=\"881\"><strong data-start=\"763\" data-end=\"776\">Composition:<\/strong> v\u0148a\u0165 zlatoby\u013eu (33 %), list m\u00e4ty piepornej, v\u0148a\u0165 zem\u011b\u017el\u010de men\u0161ej, list p\u00fapavy, v\u0148a\u0165 \u010dakanky oby\u010dajnej.<\/p>\n<p data-start=\"883\" data-end=\"994\"><strong data-start=\"883\" data-end=\"896\">Preparation:<\/strong> 1 zarovnan\u00fa polievkov\u00fa ly\u017eicu (3 g) \u010dajoviny zalia\u0165 2,5 dl vriacej vody, po 15 min\u00fatach scedi\u0165.<\/p>\n<p data-start=\"996\" data-end=\"1068\"><strong data-start=\"996\" data-end=\"1009\">Usage:<\/strong> 1 \u0161\u00e1lka denne po\u010das 3 t\u00fd\u017ed\u0148ov, n\u00e1sledne 2-kr\u00e1t t\u00fd\u017edenne.<\/p>\n<p data-start=\"1070\" data-end=\"1204\"><strong data-start=\"1070\" data-end=\"1090\">Contraindications:<\/strong> Neodpor\u00fa\u010da sa po\u010das tehotenstva, doj\u010denia a de\u0165om do 12 rokov. Nevhodn\u00e9 pri \u017el\u010dov\u00fdch kame\u0148och v\u00e4\u010d\u0161\u00edch ako 3 mm.<\/p>\n<p data-start=\"1206\" data-end=\"1227\"><strong data-start=\"1206\" data-end=\"1219\">Weight:<\/strong> 100 g<\/p>","protected":false},"excerpt":{"rendered":"<p>Mnoho \u013eud\u00ed trp\u00ed tr\u00e1viacimi \u0165a\u017ekos\u0165ami. \u0164a\u017ek\u00e9 tr\u00e1venie m\u00f4\u017ee ma\u0165 r\u00f4zny p\u00f4vod \u2013 napr\u00edklad poruchy tvorby \u017el\u010de alebo \u017eal\u00fado\u010dnej kyseliny, ale m\u00f4\u017ee by\u0165 aj d\u00f4sledkom stresu \u010di nespr\u00e1vnych stravovac\u00edch n\u00e1vykov. \u017dal\u00fadok zabezpe\u010duje tr\u00e1venie, nie v\u0161ak vstreb\u00e1vanie \u017eiv\u00edn (okrem niektor\u00fdch bielkov\u00edn). Tuky rozklad\u00e1 tenk\u00e9 \u010drevo \u2013 pokia\u013e enz\u00fdmy neroz\u0161tiepia tukov\u00e9 molekuly na men\u0161ie \u010dasti, organizmus pozastavuje \u010dinnos\u0165 [&hellip;]<\/p>","protected":false},"featured_media":9850,"comment_status":"open","ping_status":"closed","template":"","meta":{"inline_featured_image":false},"product_brand":[],"product_cat":[148],"product_tag":[],"class_list":{"0":"post-9181","1":"product","2":"type-product","3":"status-publish","4":"has-post-thumbnail","6":"product_cat-liecive-rastliny","8":"first","9":"instock","10":"taxable","11":"shipping-taxable","12":"purchasable","13":"product-type-simple"},"aioseo_notices":[],"_links":{"self":[{"href":"https:\/\/www.biokari.sk\/en\/wp-json\/wp\/v2\/product\/9181","targetHints":{"allow":["GET"]}}],"collection":[{"href":"https:\/\/www.biokari.sk\/en\/wp-json\/wp\/v2\/product"}],"about":[{"href":"https:\/\/www.biokari.sk\/en\/wp-json\/wp\/v2\/types\/product"}],"replies":[{"embeddable":true,"href":"https:\/\/www.biokari.sk\/en\/wp-json\/wp\/v2\/comments?post=9181"}],"wp:featuredmedia":[{"embeddable":true,"href":"https:\/\/www.biokari.sk\/en\/wp-json\/wp\/v2\/media\/9850"}],"wp:attachment":[{"href":"https:\/\/www.biokari.sk\/en\/wp-json\/wp\/v2\/media?parent=9181"}],"wp:term":[{"taxonomy":"product_brand","embeddable":true,"href":"https:\/\/www.biokari.sk\/en\/wp-json\/wp\/v2\/product_brand?post=9181"},{"taxonomy":"product_cat","embeddable":true,"href":"https:\/\/www.biokari.sk\/en\/wp-json\/wp\/v2\/product_cat?post=9181"},{"taxonomy":"product_tag","embeddable":true,"href":"https:\/\/www.biokari.sk\/en\/wp-json\/wp\/v2\/product_tag?post=9181"}],"curies":[{"name":"wp","href":"https:\/\/api.w.org\/{rel}","templated":true}]}}