{"id":9183,"date":"2025-07-01T14:37:38","date_gmt":"2025-07-01T12:37:38","guid":{"rendered":"https:\/\/www.biokari.sk\/produkt\/gal-horcik-bisglicnaty-kapsuly-180ks\/"},"modified":"2026-04-14T12:09:23","modified_gmt":"2026-04-14T10:09:23","slug":"gal-horcik-bisglicnaty-kapsuly-180ks","status":"publish","type":"product","link":"https:\/\/www.biokari.sk\/en\/product\/gal-horcik-bisglicnaty-kapsuly-180ks\/","title":{"rendered":"Gal Hor\u010d\u00edk bisgl\u00edcn\u00e1ty kapsuly 180ks"},"content":{"rendered":"<p data-start=\"32\" data-end=\"199\">Existuje mnoho foriem hor\u010d\u00edka, ktor\u00e9 sa l\u00ed\u0161ia vo svojej vyu\u017eite\u013enosti. Nesta\u010d\u00ed pozna\u0165 iba n\u00e1zov dobre vstrebate\u013enej formy, preto\u017ee to neprezr\u00e1dza dve podstatn\u00e9 veci:<\/p>\n<ol data-start=\"200\" data-end=\"409\">\n<li data-start=\"200\" data-end=\"272\">\n<p data-start=\"203\" data-end=\"272\">Sp\u00f4sobuje uvo\u013enen\u00fa stolicu? Ak \u00e1no, tak sa zn\u00ed\u017ei jeho vyu\u017eite\u013enos\u0165.<\/p>\n<\/li>\n<li data-start=\"273\" data-end=\"409\">\n<p data-start=\"276\" data-end=\"409\">Ide o \u201efully reacted\u201c (plne zreagovan\u00fa) formu? Ak nie, \u010das\u0165 hor\u010d\u00edka zost\u00e1va v anorganickej forme a nie v uvedenej organickej v\u00e4zbe.<\/p>\n<\/li>\n<\/ol>\n<p data-start=\"411\" data-end=\"627\">V na\u0161om produkte je hor\u010d\u00edk viazan\u00fd v\u00fdlu\u010dne na aminokyselinu glyc\u00edn \u2013 ide teda o \u201efully reacted\u201c organick\u00fa formu. Pod\u013ea na\u0161ich sk\u00fasenost\u00ed ani u \u013eud\u00ed s citliv\u00fdm \u017eal\u00fadkom nesp\u00f4sobuje uvo\u013enen\u00fa stolicu ani in\u00e9 \u0165a\u017ekosti.<\/p>\n<p data-start=\"629\" data-end=\"768\"><strong data-start=\"629\" data-end=\"655\">Recommended dosage:<\/strong> 2\u20134 kapsuly denne. Najlep\u0161ie 1\u20132 kapsuly pred span\u00edm, m\u00f4\u017ee pom\u00f4c\u0165 aj pri no\u010dnom p\u00e1len\u00ed z\u00e1hy a podpori\u0165 sp\u00e1nok.<\/p>\n<p data-start=\"770\" data-end=\"854\"><strong data-start=\"770\" data-end=\"783\">Composition:<\/strong> 100 % hor\u010d\u00edk-bisglycin\u00e1t (\u201efully reacted\u201c), \u017eelat\u00edna (obal kapsuly).<\/p>\n<p data-start=\"856\" data-end=\"1020\"><strong data-start=\"856\" data-end=\"872\">Warning:<\/strong> Neprekra\u010dujte odpor\u00fa\u010dan\u00fa denn\u00fa d\u00e1vku! V\u00fd\u017eivov\u00fd doplnok nenahr\u00e1dza pestr\u00fa a vyv\u00e1\u017een\u00fa stravu ani zdrav\u00fd \u017eivotn\u00fd \u0161t\u00fdl. Uchov\u00e1vajte mimo dosahu det\u00ed.<\/p>\n<p data-start=\"1022\" data-end=\"1047\"><strong data-start=\"1022\" data-end=\"1034\">Packaging:<\/strong> 180ks<\/p>","protected":false},"excerpt":{"rendered":"<p>Existuje mnoho foriem hor\u010d\u00edka, ktor\u00e9 sa l\u00ed\u0161ia vo svojej vyu\u017eite\u013enosti. Nesta\u010d\u00ed pozna\u0165 iba n\u00e1zov dobre vstrebate\u013enej formy, preto\u017ee to neprezr\u00e1dza dve podstatn\u00e9 veci: Sp\u00f4sobuje uvo\u013enen\u00fa stolicu? Ak \u00e1no, tak sa zn\u00ed\u017ei jeho vyu\u017eite\u013enos\u0165. Ide o \u201efully reacted\u201c (plne zreagovan\u00fa) formu? Ak nie, \u010das\u0165 hor\u010d\u00edka zost\u00e1va v anorganickej forme a nie v uvedenej organickej v\u00e4zbe. V [&hellip;]<\/p>","protected":false},"featured_media":9847,"comment_status":"open","ping_status":"closed","template":"","meta":{"inline_featured_image":false},"product_brand":[113],"product_cat":[69],"product_tag":[],"class_list":{"0":"post-9183","1":"product","2":"type-product","3":"status-publish","4":"has-post-thumbnail","6":"product_brand-gal","7":"product_cat-vyzivove-doplnky","9":"first","10":"onbackorder","11":"taxable","12":"shipping-taxable","13":"purchasable","14":"product-type-simple"},"aioseo_notices":[],"_links":{"self":[{"href":"https:\/\/www.biokari.sk\/en\/wp-json\/wp\/v2\/product\/9183","targetHints":{"allow":["GET"]}}],"collection":[{"href":"https:\/\/www.biokari.sk\/en\/wp-json\/wp\/v2\/product"}],"about":[{"href":"https:\/\/www.biokari.sk\/en\/wp-json\/wp\/v2\/types\/product"}],"replies":[{"embeddable":true,"href":"https:\/\/www.biokari.sk\/en\/wp-json\/wp\/v2\/comments?post=9183"}],"wp:featuredmedia":[{"embeddable":true,"href":"https:\/\/www.biokari.sk\/en\/wp-json\/wp\/v2\/media\/9847"}],"wp:attachment":[{"href":"https:\/\/www.biokari.sk\/en\/wp-json\/wp\/v2\/media?parent=9183"}],"wp:term":[{"taxonomy":"product_brand","embeddable":true,"href":"https:\/\/www.biokari.sk\/en\/wp-json\/wp\/v2\/product_brand?post=9183"},{"taxonomy":"product_cat","embeddable":true,"href":"https:\/\/www.biokari.sk\/en\/wp-json\/wp\/v2\/product_cat?post=9183"},{"taxonomy":"product_tag","embeddable":true,"href":"https:\/\/www.biokari.sk\/en\/wp-json\/wp\/v2\/product_tag?post=9183"}],"curies":[{"name":"wp","href":"https:\/\/api.w.org\/{rel}","templated":true}]}}