{"id":9195,"date":"2025-07-01T14:37:41","date_gmt":"2025-07-01T12:37:41","guid":{"rendered":"https:\/\/www.biokari.sk\/produkt\/nordvital-cajova-zmes-na-pecen-a-na-detoxikacie-90g\/"},"modified":"2026-03-08T18:01:03","modified_gmt":"2026-03-08T17:01:03","slug":"nordvital-cajova-zmes-na-pecen-a-na-detoxikacie-90g","status":"publish","type":"product","link":"https:\/\/www.biokari.sk\/en\/product\/nordvital-cajova-zmes-na-pecen-a-na-detoxikacie-90g\/","title":{"rendered":"Nordvital \u010cajov\u00e1 zmes na pe\u010de\u0148 a na detoxik\u00e1cie 90g"},"content":{"rendered":"<p data-start=\"32\" data-end=\"323\"><strong data-start=\"32\" data-end=\"52\">T\u00e1to \u010dajov\u00e1 zmes<\/strong> obsahuje byliny ako listy arti\u010doky a semen\u00e1 senovky gr\u00e9ckej, ktor\u00e9 sa v tradi\u010dnom pou\u017e\u00edvan\u00ed \u010dasto vyu\u017e\u00edvali na podporu tr\u00e1venia. Vyv\u00e1\u017een\u00e9 zlo\u017eky pon\u00fakaj\u00fa pr\u00edjemn\u00fa chu\u0165 a dobre zapadaj\u00fa do ka\u017edodennej rutiny, najm\u00e4 pre t\u00fdch, ktor\u00ed dbaj\u00fa na vedom\u00fd a zdrav\u00fd \u017eivotn\u00fd \u0161t\u00fdl.<\/p>\n<p data-start=\"325\" data-end=\"580\"><strong data-start=\"325\" data-end=\"338\">Composition:<\/strong> oman prav\u00fd \u2013 kore\u0148 (Helenii rhizoma \/ Inulae radix), list arti\u010doky (Cynarae folium), semen\u00e1 senovky gr\u00e9ckej (Trigonellae foenugraeci semen), v\u0148a\u0165 benediktu lek\u00e1rskeho (Cnici benedicti herba), list m\u00e4ty piepornej (Menthae piperitae folium).<\/p>\n<p data-start=\"582\" data-end=\"741\"><strong data-start=\"582\" data-end=\"606\">Recommended use:<\/strong> 2 \u010dajov\u00e9 ly\u017ei\u010dky zmesi zalia\u0165 2,5 dl vriacej vody, prikry\u0165 a necha\u0165 l\u00fahova\u0165 15 min\u00fat. Denn\u00e1 d\u00e1vka: 1\u20132 \u0161\u00e1lky, najlep\u0161ie pred jedlom.<\/p>\n<p data-start=\"743\" data-end=\"1219\"><strong data-start=\"743\" data-end=\"777\">Upozornenie \/ kontraindik\u00e1cie:<\/strong> \u017el\u010dov\u00e9 kamene, upchatie \u017el\u010dov\u00fdch ciest, vredy, kr\u00ed\u017eov\u00e1 alergia na rastliny z \u010de\u013eade astrovit\u00fdch, tehotenstvo a doj\u010denie.<br data-start=\"898\" data-end=\"901\" \/>\u010cajov\u00e1 zmes <strong data-start=\"913\" data-end=\"938\">\u00a0Pe\u010de\u0148\/Detox<\/strong> je potravinov\u00fd v\u00fdrobok, jej pou\u017eitie nenahr\u00e1dza potrebn\u00fa lek\u00e1rsku lie\u010dbu! Pri precitlivenosti na ktor\u00fako\u013evek zlo\u017eku \u010dajovej zmesi sa u\u017e\u00edvanie neodpor\u00fa\u010da. Ak pravidelne u\u017e\u00edvate lieky alebo podstupujete dlhodob\u00fa lie\u010dbu, pred pou\u017eit\u00edm sa pora\u010fte so svoj\u00edm lek\u00e1rom alebo lek\u00e1rnikom.<\/p>\n<p data-start=\"1221\" data-end=\"1241\"><strong data-start=\"1221\" data-end=\"1234\">Weight:<\/strong> 90 g<\/p>","protected":false},"excerpt":{"rendered":"<p>T\u00e1to \u010dajov\u00e1 zmes obsahuje byliny ako listy arti\u010doky a semen\u00e1 senovky gr\u00e9ckej, ktor\u00e9 sa v tradi\u010dnom pou\u017e\u00edvan\u00ed \u010dasto vyu\u017e\u00edvali na podporu tr\u00e1venia. Vyv\u00e1\u017een\u00e9 zlo\u017eky pon\u00fakaj\u00fa pr\u00edjemn\u00fa chu\u0165 a dobre zapadaj\u00fa do ka\u017edodennej rutiny, najm\u00e4 pre t\u00fdch, ktor\u00ed dbaj\u00fa na vedom\u00fd a zdrav\u00fd \u017eivotn\u00fd \u0161t\u00fdl. Zlo\u017eenie: oman prav\u00fd \u2013 kore\u0148 (Helenii rhizoma \/ Inulae radix), list [&hellip;]<\/p>","protected":false},"featured_media":9840,"comment_status":"open","ping_status":"closed","template":"","meta":{"inline_featured_image":false},"product_brand":[112],"product_cat":[148,150,149],"product_tag":[],"class_list":{"0":"post-9195","1":"product","2":"type-product","3":"status-publish","4":"has-post-thumbnail","6":"product_brand-nordvital","7":"product_cat-liecive-rastliny","8":"product_cat-chudnutie-liecive-rastliny","9":"product_cat-liecive-rastliny-posilnenie-imunity","11":"first","12":"instock","13":"taxable","14":"shipping-taxable","15":"purchasable","16":"product-type-simple"},"aioseo_notices":[],"_links":{"self":[{"href":"https:\/\/www.biokari.sk\/en\/wp-json\/wp\/v2\/product\/9195","targetHints":{"allow":["GET"]}}],"collection":[{"href":"https:\/\/www.biokari.sk\/en\/wp-json\/wp\/v2\/product"}],"about":[{"href":"https:\/\/www.biokari.sk\/en\/wp-json\/wp\/v2\/types\/product"}],"replies":[{"embeddable":true,"href":"https:\/\/www.biokari.sk\/en\/wp-json\/wp\/v2\/comments?post=9195"}],"wp:featuredmedia":[{"embeddable":true,"href":"https:\/\/www.biokari.sk\/en\/wp-json\/wp\/v2\/media\/9840"}],"wp:attachment":[{"href":"https:\/\/www.biokari.sk\/en\/wp-json\/wp\/v2\/media?parent=9195"}],"wp:term":[{"taxonomy":"product_brand","embeddable":true,"href":"https:\/\/www.biokari.sk\/en\/wp-json\/wp\/v2\/product_brand?post=9195"},{"taxonomy":"product_cat","embeddable":true,"href":"https:\/\/www.biokari.sk\/en\/wp-json\/wp\/v2\/product_cat?post=9195"},{"taxonomy":"product_tag","embeddable":true,"href":"https:\/\/www.biokari.sk\/en\/wp-json\/wp\/v2\/product_tag?post=9195"}],"curies":[{"name":"wp","href":"https:\/\/api.w.org\/{rel}","templated":true}]}}