{"id":9199,"date":"2025-07-01T14:37:41","date_gmt":"2025-07-01T12:37:41","guid":{"rendered":"https:\/\/www.biokari.sk\/produkt\/gyorgytea-filtrovana-cajova-zmes-vrbovka-malokveta-20ks\/"},"modified":"2026-04-29T19:03:15","modified_gmt":"2026-04-29T17:03:15","slug":"gyorgytea-filtrovana-cajova-zmes-vrbovka-malokveta-20ks","status":"publish","type":"product","link":"https:\/\/www.biokari.sk\/en\/product\/gyorgytea-filtrovana-cajova-zmes-vrbovka-malokveta-20ks\/","title":{"rendered":"Gy\u00f6rgytea Filtrovan\u00e1 \u010cajov\u00e1 zmes &#8211; Vrbovka malokveta 20ks"},"content":{"rendered":"<p data-start=\"32\" data-end=\"547\"><strong data-start=\"32\" data-end=\"59\">\u010cajov\u00e1 zmes s vrbovicou <\/strong>Odpor\u00fa\u010da sa predov\u0161etk\u00fdm na prevenciu a podporu lie\u010dby probl\u00e9mov s prostatou a na zachovanie mu\u017eskej vitality. Medzi zlo\u017ekami sa nach\u00e1dza alchemilka l\u00fa\u010dna, ktor\u00e1 m\u00e1 mo\u010dopudn\u00e9, posil\u0148uj\u00face a protiz\u00e1palov\u00e9 \u00fa\u010dinky. \u010eal\u0161ou zlo\u017ekou je v\u0155bovka malokvet\u00e1, ktor\u00e1 sa pou\u017e\u00edva pri probl\u00e9moch s prostatou. \u010cajov\u00e1 zmes obsahuje aj v\u0148a\u0165 kapsi\u010dky pastierskej \u2013 v\u010faka svojim protiz\u00e1palov\u00fdm a mo\u010dopudn\u00fdm \u00fa\u010dinkom. V minulosti sa t\u00e1to bylina v \u013eudovom lie\u010dite\u013estve vyu\u017e\u00edvala aj na podporu mu\u017eskej sily.<\/p>\n<p data-start=\"549\" data-end=\"664\"><strong data-start=\"549\" data-end=\"562\">Composition:<\/strong> list alchemilky l\u00fa\u010dnej, v\u0148a\u0165 v\u0155bovky malokvetej (20 %), v\u0148a\u0165 kapsi\u010dky pastierskej, v\u0148a\u0165 pamajor\u00e1nu.<\/p>\n<p data-start=\"666\" data-end=\"779\"><strong data-start=\"666\" data-end=\"679\">Preparation:<\/strong> 1 \u010dajov\u00e9 vrec\u00fa\u0161ko zalia\u0165 \u0161\u00e1lkou (cca 2,5 dl) vriacej vody, necha\u0165 l\u00fahova\u0165 15 min\u00fat, potom vybra\u0165.<\/p>\n<p data-start=\"781\" data-end=\"851\"><strong data-start=\"781\" data-end=\"794\">Application:<\/strong> pi\u0165 1 \u0161\u00e1lku denne, k\u00farovito a\u017e do vymiznutia \u0165a\u017ekost\u00ed.<\/p>\n<p data-start=\"853\" data-end=\"911\"><strong data-start=\"853\" data-end=\"873\">Contraindications:<\/strong> Nie je vhodn\u00e9 pre deti do 12 rokov.<\/p>\n<p data-start=\"913\" data-end=\"939\"><strong data-start=\"913\" data-end=\"925\">Packaging:<\/strong> 20 vrec\u00fa\u0161ok<\/p>","protected":false},"excerpt":{"rendered":"<p>\u010cajov\u00e1 zmes s vrbovicou Odpor\u00fa\u010da sa predov\u0161etk\u00fdm na prevenciu a podporu lie\u010dby probl\u00e9mov s prostatou a na zachovanie mu\u017eskej vitality. Medzi zlo\u017ekami sa nach\u00e1dza alchemilka l\u00fa\u010dna, ktor\u00e1 m\u00e1 mo\u010dopudn\u00e9, posil\u0148uj\u00face a protiz\u00e1palov\u00e9 \u00fa\u010dinky. \u010eal\u0161ou zlo\u017ekou je v\u0155bovka malokvet\u00e1, ktor\u00e1 sa pou\u017e\u00edva pri probl\u00e9moch s prostatou. \u010cajov\u00e1 zmes obsahuje aj v\u0148a\u0165 kapsi\u010dky pastierskej \u2013 v\u010faka svojim [&hellip;]<\/p>","protected":false},"featured_media":9833,"comment_status":"open","ping_status":"closed","template":"","meta":{"inline_featured_image":false},"product_brand":[],"product_cat":[148],"product_tag":[],"class_list":{"0":"post-9199","1":"product","2":"type-product","3":"status-publish","4":"has-post-thumbnail","6":"product_cat-liecive-rastliny","8":"first","9":"instock","10":"taxable","11":"shipping-taxable","12":"purchasable","13":"product-type-simple"},"aioseo_notices":[],"_links":{"self":[{"href":"https:\/\/www.biokari.sk\/en\/wp-json\/wp\/v2\/product\/9199","targetHints":{"allow":["GET"]}}],"collection":[{"href":"https:\/\/www.biokari.sk\/en\/wp-json\/wp\/v2\/product"}],"about":[{"href":"https:\/\/www.biokari.sk\/en\/wp-json\/wp\/v2\/types\/product"}],"replies":[{"embeddable":true,"href":"https:\/\/www.biokari.sk\/en\/wp-json\/wp\/v2\/comments?post=9199"}],"wp:featuredmedia":[{"embeddable":true,"href":"https:\/\/www.biokari.sk\/en\/wp-json\/wp\/v2\/media\/9833"}],"wp:attachment":[{"href":"https:\/\/www.biokari.sk\/en\/wp-json\/wp\/v2\/media?parent=9199"}],"wp:term":[{"taxonomy":"product_brand","embeddable":true,"href":"https:\/\/www.biokari.sk\/en\/wp-json\/wp\/v2\/product_brand?post=9199"},{"taxonomy":"product_cat","embeddable":true,"href":"https:\/\/www.biokari.sk\/en\/wp-json\/wp\/v2\/product_cat?post=9199"},{"taxonomy":"product_tag","embeddable":true,"href":"https:\/\/www.biokari.sk\/en\/wp-json\/wp\/v2\/product_tag?post=9199"}],"curies":[{"name":"wp","href":"https:\/\/api.w.org\/{rel}","templated":true}]}}