{"id":9201,"date":"2025-07-01T14:37:42","date_gmt":"2025-07-01T12:37:42","guid":{"rendered":"https:\/\/www.biokari.sk\/produkt\/gal-kapsuly-shoden-ashwagandha\/"},"modified":"2026-01-27T08:41:54","modified_gmt":"2026-01-27T07:41:54","slug":"gal-kapsuly-shoden-ashwagandha","status":"publish","type":"product","link":"https:\/\/www.biokari.sk\/en\/product\/gal-kapsuly-shoden-ashwagandha\/","title":{"rendered":"GAl Kapsuly Shoden Ashwagandha 60ks"},"content":{"rendered":"<p data-start=\"207\" data-end=\"446\">Renomovan\u00fd profesor Dr. Shibnath Ghosal a jeho t\u00edm vyvinuli extrakt z ashwagandhy, ktor\u00e1 je v ajurv\u00e9dskej medic\u00edne u\u017e dlho pou\u017e\u00edvan\u00e1 a \u010dasto ozna\u010dovan\u00e1 aj ako \u201eindick\u00fd \u017een\u0161en\u201c. Tento extrakt okrem withanolidov obsahuje aj oligosacharidy.<\/p>\n<p data-start=\"448\" data-end=\"712\">Cel\u00fd proces sa uskuto\u010d\u0148uje v\u00fdhradne pomocou \u010distej vody a pre komplexnos\u0165 sa extrahuj\u00fa nielen korene, ale aj listy rastliny. \u00da\u010dinnos\u0165 bola potvrden\u00e1 viacer\u00fdmi klinick\u00fdmi \u0161t\u00fadiami. V na\u0161om v\u00fdrobku pou\u017e\u00edvame tento patentovo chr\u00e1nen\u00fd extrakt s n\u00e1zvom <strong data-start=\"696\" data-end=\"709\">Sensoril\u00ae<\/strong>.<\/p>\n<p data-start=\"714\" data-end=\"857\"><strong data-start=\"714\" data-end=\"740\">Recommended dosage:<\/strong> 2\u20134 kapsuly denne: 1\u20132 kapsuly r\u00e1no nala\u010dno po prebuden\u00ed a 1\u20132 kapsuly pred obedom alebo ve\u010derou, taktie\u017e nala\u010dno.<\/p>\n<p data-start=\"859\" data-end=\"1016\">Neprekra\u010dujte odpor\u00fa\u010dan\u00fa denn\u00fa d\u00e1vku! V\u00fd\u017eivov\u00fd doplnok nie je n\u00e1hradou pestrej a vyv\u00e1\u017eenej stravy a zdrav\u00e9ho \u017eivotn\u00e9ho \u0161t\u00fdlu. Uchov\u00e1vajte mimo dosahu det\u00ed.<\/p>\n<p data-start=\"1018\" data-end=\"1209\"><strong data-start=\"1018\" data-end=\"1034\">Warning:<\/strong> Pri hypertyre\u00f3ze (zv\u00fd\u0161enej funkcii \u0161t\u00edtnej \u017e\u013eazy) a po\u010das tehotenstva u\u017e\u00edvajte len so s\u00fahlasom lek\u00e1ra. Po 2\u20133 mesiacoch u\u017e\u00edvania sa odpor\u00fa\u010da urobi\u0165 prest\u00e1vku na 1\u20132 t\u00fd\u017edne.<\/p>\n<p data-start=\"1211\" data-end=\"1235\"><strong data-start=\"1211\" data-end=\"1223\">Quantity:<\/strong> 60pcs<\/p>\n\n\n<p><\/p>","protected":false},"excerpt":{"rendered":"<p>Renomovan\u00fd profesor Dr. Shibnath Ghosal a jeho t\u00edm vyvinuli extrakt z ashwagandhy, ktor\u00e1 je v ajurv\u00e9dskej medic\u00edne u\u017e dlho pou\u017e\u00edvan\u00e1 a \u010dasto ozna\u010dovan\u00e1 aj ako \u201eindick\u00fd \u017een\u0161en\u201c. Tento extrakt okrem withanolidov obsahuje aj oligosacharidy. Cel\u00fd proces sa uskuto\u010d\u0148uje v\u00fdhradne pomocou \u010distej vody a pre komplexnos\u0165 sa extrahuj\u00fa nielen korene, ale aj listy rastliny. \u00da\u010dinnos\u0165 bola [&hellip;]<\/p>","protected":false},"featured_media":9832,"comment_status":"open","ping_status":"closed","template":"","meta":{"inline_featured_image":false},"product_brand":[113],"product_cat":[69],"product_tag":[],"class_list":{"0":"post-9201","1":"product","2":"type-product","3":"status-publish","4":"has-post-thumbnail","6":"product_brand-gal","7":"product_cat-vyzivove-doplnky","9":"first","10":"instock","11":"taxable","12":"shipping-taxable","13":"purchasable","14":"product-type-simple"},"aioseo_notices":[],"_links":{"self":[{"href":"https:\/\/www.biokari.sk\/en\/wp-json\/wp\/v2\/product\/9201","targetHints":{"allow":["GET"]}}],"collection":[{"href":"https:\/\/www.biokari.sk\/en\/wp-json\/wp\/v2\/product"}],"about":[{"href":"https:\/\/www.biokari.sk\/en\/wp-json\/wp\/v2\/types\/product"}],"replies":[{"embeddable":true,"href":"https:\/\/www.biokari.sk\/en\/wp-json\/wp\/v2\/comments?post=9201"}],"wp:featuredmedia":[{"embeddable":true,"href":"https:\/\/www.biokari.sk\/en\/wp-json\/wp\/v2\/media\/9832"}],"wp:attachment":[{"href":"https:\/\/www.biokari.sk\/en\/wp-json\/wp\/v2\/media?parent=9201"}],"wp:term":[{"taxonomy":"product_brand","embeddable":true,"href":"https:\/\/www.biokari.sk\/en\/wp-json\/wp\/v2\/product_brand?post=9201"},{"taxonomy":"product_cat","embeddable":true,"href":"https:\/\/www.biokari.sk\/en\/wp-json\/wp\/v2\/product_cat?post=9201"},{"taxonomy":"product_tag","embeddable":true,"href":"https:\/\/www.biokari.sk\/en\/wp-json\/wp\/v2\/product_tag?post=9201"}],"curies":[{"name":"wp","href":"https:\/\/api.w.org\/{rel}","templated":true}]}}