{"id":9203,"date":"2025-07-01T14:37:42","date_gmt":"2025-07-01T12:37:42","guid":{"rendered":"https:\/\/www.biokari.sk\/produkt\/nordvital-boswella-kurkuma-komplex-kapsuly-60ks\/"},"modified":"2026-04-29T19:03:15","modified_gmt":"2026-04-29T17:03:15","slug":"nordvital-boswella-kurkuma-komplex-kapsuly-60ks","status":"publish","type":"product","link":"https:\/\/www.biokari.sk\/en\/product\/nordvital-boswella-turmeric-complex-capsules-60pcs\/","title":{"rendered":"Nordvital Boswella-corn complex capsules 60pcs"},"content":{"rendered":"<p data-start=\"44\" data-end=\"341\">Our specially formulated formula contains herbs such as Boswellin\u00ae, black pepper and ginger. In traditional use, these plant extracts have often been associated with periods of increased exercise and a balanced lifestyle. Carefully selected ingredients integrate well into daily nutritional supplementation.<\/p>\n<p data-start=\"343\" data-end=\"374\"><strong data-start=\"343\" data-end=\"372\">Active ingredients in 1 capsule:<br \/>\n<\/strong>Frankincense (Boswellia serrata) extract (20:1 extract, equivalent to 4000 mg of frankincense) - 200 mg<br \/>\nGinger powder - 100 mg<br \/>\nTurmeric extract (Curcuma longa) (25:1 extract, equivalent to 1750 mg of turmeric) - 70 mg<br \/>\nShiitake mushroom (Lentinula edodes) extract (15:1 extract, equivalent to 750 mg of mushroom) - 50 mg<br \/>\nReishi mushroom (Ganoderma lucidum) extract (15:1 extract, equivalent to 750 mg of mushroom) - 50 mg<br \/>\nBioPerine\u00ae (black pepper extract [Piper nigrum], 95 % piperine) - 2 mg<\/p>\n<p data-start=\"864\" data-end=\"1133\"><strong data-start=\"864\" data-end=\"877\">Composition:<\/strong> Frankincense extract, Ginger root powder, Hydroxypropylmethylcellulose (vegan capsules), Turmeric root extract, Shiitake mushroom extract, Reishi mushroom extract, Anti-caking agent: leucine, BioPerine\u00ae (Black peppercorn extract).<\/p>\n<p data-start=\"1135\" data-end=\"1185\"><strong data-start=\"1135\" data-end=\"1150\">Dosage:<\/strong> 1 capsule daily, with meals.<\/p>\n<p data-start=\"1187\" data-end=\"1308\"><strong data-start=\"1187\" data-end=\"1203\">Storage:<\/strong> Store in a dry place, protected from sunlight, at room temperature, out of the reach of children.<\/p>\n<p data-start=\"1310\" data-end=\"1471\"><strong data-start=\"1310\" data-end=\"1326\">Warning:<\/strong> Keep out of reach of children! Do not exceed the recommended daily dose! A dietary supplement is not a substitute for a balanced, varied diet and a healthy lifestyle.<\/p>\n<p data-start=\"1310\" data-end=\"1471\"><strong>Quantity:<\/strong> 60pcs<br \/>\nStore in a cool place.<\/p>","protected":false},"excerpt":{"rendered":"<p>Na\u0161a \u0161peci\u00e1lne zostaven\u00e1 formula obsahuje rastliny ako Boswellin\u00ae, \u010dierne korenie a z\u00e1zvor. Tieto rastlinn\u00e9 extrakty sa v tradi\u010dnom pou\u017e\u00edvan\u00ed \u010dasto sp\u00e1jali s obdob\u00edm zv\u00fd\u0161en\u00e9ho pohybu a vyv\u00e1\u017een\u00fdm \u017eivotn\u00fdm \u0161t\u00fdlom. Starostlivo vybran\u00e9 zlo\u017eky sa dobre za\u010dle\u0148uj\u00fa do ka\u017edodenn\u00e9ho dop\u013a\u0148ania v\u00fd\u017eivy. \u00da\u010dinn\u00e9 l\u00e1tky v 1 kapsule: Extrakt z kadidlovn\u00edka (Boswellia serrata) (20:1 extrakt, zodpoved\u00e1 4000 mg kadidlovn\u00edka) [&hellip;]<\/p>","protected":false},"featured_media":9641,"comment_status":"open","ping_status":"closed","template":"","meta":{"inline_featured_image":false},"product_brand":[112],"product_cat":[69,146],"product_tag":[],"class_list":{"0":"post-9203","1":"product","2":"type-product","3":"status-publish","4":"has-post-thumbnail","6":"product_brand-nordvital","7":"product_cat-vyzivove-doplnky","8":"product_cat-klby-a-reuma","10":"first","11":"instock","12":"taxable","13":"shipping-taxable","14":"purchasable","15":"product-type-simple"},"aioseo_notices":[],"_links":{"self":[{"href":"https:\/\/www.biokari.sk\/en\/wp-json\/wp\/v2\/product\/9203","targetHints":{"allow":["GET"]}}],"collection":[{"href":"https:\/\/www.biokari.sk\/en\/wp-json\/wp\/v2\/product"}],"about":[{"href":"https:\/\/www.biokari.sk\/en\/wp-json\/wp\/v2\/types\/product"}],"replies":[{"embeddable":true,"href":"https:\/\/www.biokari.sk\/en\/wp-json\/wp\/v2\/comments?post=9203"}],"wp:featuredmedia":[{"embeddable":true,"href":"https:\/\/www.biokari.sk\/en\/wp-json\/wp\/v2\/media\/9641"}],"wp:attachment":[{"href":"https:\/\/www.biokari.sk\/en\/wp-json\/wp\/v2\/media?parent=9203"}],"wp:term":[{"taxonomy":"product_brand","embeddable":true,"href":"https:\/\/www.biokari.sk\/en\/wp-json\/wp\/v2\/product_brand?post=9203"},{"taxonomy":"product_cat","embeddable":true,"href":"https:\/\/www.biokari.sk\/en\/wp-json\/wp\/v2\/product_cat?post=9203"},{"taxonomy":"product_tag","embeddable":true,"href":"https:\/\/www.biokari.sk\/en\/wp-json\/wp\/v2\/product_tag?post=9203"}],"curies":[{"name":"wp","href":"https:\/\/api.w.org\/{rel}","templated":true}]}}