{"id":9207,"date":"2025-07-01T14:37:43","date_gmt":"2025-07-01T12:37:43","guid":{"rendered":"https:\/\/www.biokari.sk\/produkt\/gyorgytea-filtrovana-cajova-zmes-kamilka-25ks\/"},"modified":"2026-04-28T19:01:57","modified_gmt":"2026-04-28T17:01:57","slug":"gyorgytea-filtrovana-cajova-zmes-kamilka-25ks","status":"publish","type":"product","link":"https:\/\/www.biokari.sk\/en\/product\/gyorgytea-filtrovana-cajova-zmes-kamilka-25ks\/","title":{"rendered":"Gy\u00f6rgytea Filtrovan\u00e1 \u010cajov\u00e1 zmes &#8211; Kamilka 20ks"},"content":{"rendered":"<p data-start=\"32\" data-end=\"606\"><strong data-start=\"32\" data-end=\"60\">Harman\u010dekov\u00e1 \u010dajov\u00e1 zmes <\/strong>Pou\u017e\u00edva sa ako doplnkov\u00e1 podporn\u00e1 lie\u010dba pri ak\u00fatnych probl\u00e9moch. Odpor\u00fa\u010da sa pri r\u00f4znych z\u00e1paloch (v\u00fdpo\u010det bez n\u00e1roku na \u00faplnos\u0165), vn\u00fatorn\u00e9 pou\u017eitie: z\u00e1pal hrdla, z\u00e1paly maternice a po\u0161vy, z\u00e1paly k\u013abov, pr\u00ednosov\u00fdch dut\u00edn, \u010driev, mo\u010dov\u00e9ho mech\u00fara, \u0161liach, pe\u010dene, mandl\u00ed, prostaty, hrub\u00e9ho \u010dreva, pri prechladnut\u00ed a dokonca aj pri bolestiach hlavy. Pri ka\u0161li, z\u00e1pale hrdla a mandl\u00ed \u010di z\u00e1paloch v \u00fastnej dutine sa m\u00f4\u017ee pou\u017e\u00edva\u0165 na kloktanie a vyplachovanie \u00fast. V\u010faka vysok\u00e9mu obsahu sil\u00edc je vhodn\u00e1 aj na inhal\u00e1ciu pri z\u00e1pale hrdla a mandl\u00ed.<\/p>\n<p data-start=\"608\" data-end=\"812\">Ke\u010f\u017ee ve\u013ek\u00e1 \u010das\u0165 ochoren\u00ed m\u00e1 z\u00e1palov\u00fd p\u00f4vod, \u010dajov\u00e1 zmes s harman\u010dekom sa vyu\u017e\u00edva vo viacer\u00fdch oblastiach \u2013 napr. pri k\u013abov\u00fdch probl\u00e9moch, skler\u00f3ze multiplex, zv\u00e4\u010d\u0161enej prostate alebo Crohnovej chorobe.<\/p>\n<p data-start=\"814\" data-end=\"958\"><strong data-start=\"814\" data-end=\"837\">Outdoor use:<\/strong> podpora hojenia r\u00e1n, obklady pri pomlia\u017edenin\u00e1ch, v\u00fdplachy pri in\u00fdch ran\u00e1ch. Pridan\u00edm do k\u00fape\u013ea m\u00e1 upokojuj\u00faci \u00fa\u010dinok.<\/p>\n<p data-start=\"960\" data-end=\"1110\"><strong data-start=\"960\" data-end=\"973\">Composition:<\/strong> kvet harman\u010deka (50 %), list \u0161alvie lek\u00e1rskej, list skorocelu kopijovit\u00e9ho, necht\u00edk, v\u0148a\u0165 rep\u00edka lek\u00e1rskeho, v\u0148a\u0165 rebr\u00ed\u010dka oby\u010dajn\u00e9ho.<\/p>\n<p data-start=\"1112\" data-end=\"1225\"><strong data-start=\"1112\" data-end=\"1125\">Preparation:<\/strong> 1 \u010dajov\u00e9 vrec\u00fa\u0161ko zalia\u0165 \u0161\u00e1lkou (cca 2,5 dl) vriacej vody, necha\u0165 l\u00fahova\u0165 15 min\u00fat, potom vybra\u0165.<\/p>\n<p data-start=\"1227\" data-end=\"1287\"><strong data-start=\"1227\" data-end=\"1240\">Usage:<\/strong> pi\u0165 pred jedlom, najlep\u0161ie bez dochucovania.<\/p>\n<p data-start=\"1289\" data-end=\"1477\"><strong data-start=\"1289\" data-end=\"1309\">Contraindications:<\/strong> Po\u010das tehotenstva a doj\u010denia sa nesmie prekro\u010di\u0165 d\u00e1vka 1 \u0161\u00e1lky denne. V tomto obdob\u00ed sa m\u00f4\u017ee \u010daj pi\u0165 najviac 2 t\u00fd\u017edne v kuse, potom je potrebn\u00e1 2-t\u00fd\u017ed\u0148ov\u00e1 prest\u00e1vka.<\/p>\n<p data-start=\"1479\" data-end=\"1505\"><strong data-start=\"1479\" data-end=\"1491\">Packaging:<\/strong> 20ks<\/p>\n\n\n<p><\/p>","protected":false},"excerpt":{"rendered":"<p>Harman\u010dekov\u00e1 \u010dajov\u00e1 zmes Pou\u017e\u00edva sa ako doplnkov\u00e1 podporn\u00e1 lie\u010dba pri ak\u00fatnych probl\u00e9moch. Odpor\u00fa\u010da sa pri r\u00f4znych z\u00e1paloch (v\u00fdpo\u010det bez n\u00e1roku na \u00faplnos\u0165), vn\u00fatorn\u00e9 pou\u017eitie: z\u00e1pal hrdla, z\u00e1paly maternice a po\u0161vy, z\u00e1paly k\u013abov, pr\u00ednosov\u00fdch dut\u00edn, \u010driev, mo\u010dov\u00e9ho mech\u00fara, \u0161liach, pe\u010dene, mandl\u00ed, prostaty, hrub\u00e9ho \u010dreva, pri prechladnut\u00ed a dokonca aj pri bolestiach hlavy. Pri ka\u0161li, z\u00e1pale hrdla [&hellip;]<\/p>","protected":false},"featured_media":9829,"comment_status":"open","ping_status":"closed","template":"","meta":{"inline_featured_image":false},"product_brand":[],"product_cat":[148],"product_tag":[],"class_list":{"0":"post-9207","1":"product","2":"type-product","3":"status-publish","4":"has-post-thumbnail","6":"product_cat-liecive-rastliny","8":"first","9":"instock","10":"taxable","11":"shipping-taxable","12":"purchasable","13":"product-type-simple"},"aioseo_notices":[],"_links":{"self":[{"href":"https:\/\/www.biokari.sk\/en\/wp-json\/wp\/v2\/product\/9207","targetHints":{"allow":["GET"]}}],"collection":[{"href":"https:\/\/www.biokari.sk\/en\/wp-json\/wp\/v2\/product"}],"about":[{"href":"https:\/\/www.biokari.sk\/en\/wp-json\/wp\/v2\/types\/product"}],"replies":[{"embeddable":true,"href":"https:\/\/www.biokari.sk\/en\/wp-json\/wp\/v2\/comments?post=9207"}],"wp:featuredmedia":[{"embeddable":true,"href":"https:\/\/www.biokari.sk\/en\/wp-json\/wp\/v2\/media\/9829"}],"wp:attachment":[{"href":"https:\/\/www.biokari.sk\/en\/wp-json\/wp\/v2\/media?parent=9207"}],"wp:term":[{"taxonomy":"product_brand","embeddable":true,"href":"https:\/\/www.biokari.sk\/en\/wp-json\/wp\/v2\/product_brand?post=9207"},{"taxonomy":"product_cat","embeddable":true,"href":"https:\/\/www.biokari.sk\/en\/wp-json\/wp\/v2\/product_cat?post=9207"},{"taxonomy":"product_tag","embeddable":true,"href":"https:\/\/www.biokari.sk\/en\/wp-json\/wp\/v2\/product_tag?post=9207"}],"curies":[{"name":"wp","href":"https:\/\/api.w.org\/{rel}","templated":true}]}}