{"id":9214,"date":"2025-07-01T14:37:44","date_gmt":"2025-07-01T12:37:44","guid":{"rendered":"https:\/\/www.biokari.sk\/produkt\/nordvital-vitamin-b12-vitamin-1000mcg\/"},"modified":"2026-04-28T19:01:57","modified_gmt":"2026-04-28T17:01:57","slug":"nordvital-vitamin-b12-vitamin-1000mcg","status":"publish","type":"product","link":"https:\/\/www.biokari.sk\/en\/product\/nordvital-vitamin-b12-vitamin-1000mcg\/","title":{"rendered":"Nordvital Vitam\u00edn B12 vitam\u00edn 1000mcg"},"content":{"rendered":"<p data-start=\"32\" data-end=\"398\"><strong data-start=\"32\" data-end=\"66\">Nordvital Vitam\u00edn B12 1000 mcg<\/strong> je veg\u00e1nsky v\u00fd\u017eivov\u00fd doplnok, ktor\u00fd je ur\u010den\u00fd predov\u0161etk\u00fdm pre osoby dodr\u017eiavaj\u00face rastlinn\u00fa stravu. Vitam\u00edn B12 je d\u00f4le\u017eit\u00fd mikronutrient, na ktor\u00e9ho dop\u013a\u0148anie by mali kl\u00e1s\u0165 zv\u00fd\u0161en\u00fd d\u00f4raz veg\u00e1ni a vegetari\u00e1ni. Pr\u00edpravok v praktickej forme zabezpe\u010duje denn\u00fd pr\u00edjem vitam\u00ednu B12, a tak sa jednoducho za\u010dlen\u00ed do ka\u017edodennej rutiny.<\/p>\n<p data-start=\"400\" data-end=\"429\"><strong data-start=\"400\" data-end=\"427\">Ingredients (in 1 capsule): <\/strong>Vitam\u00edn B12 (metylkobalam\u00edn) \u2013 500 mcg (20 000 % RVH*) Vitam\u00edn B12 (adenozylkobalam\u00edn) \u2013 500 mcg (20 000 % RVH*)<br data-start=\"548\" data-end=\"551\" \/>*RVH = Dietary Reference Value for adults<\/p>\n<p data-start=\"604\" data-end=\"756\"><strong data-start=\"604\" data-end=\"622\">Pomocn\u00e9 l\u00e1tky:<\/strong> ry\u017eov\u00e1 m\u00faka, kapsula (hydroxypropylmetylcelul\u00f3za), protihrudkuj\u00faca l\u00e1tka (aminokyselina leuc\u00edn), metylkobalam\u00edn, adenozylkobalam\u00edn.<\/p>\n<p data-start=\"758\" data-end=\"812\"><strong data-start=\"758\" data-end=\"784\">Recommended dosage:<\/strong> 1 kapsula denne po jedle.<\/p>\n<p data-start=\"814\" data-end=\"1172\"><strong data-start=\"814\" data-end=\"830\">Warning: <\/strong>Uchov\u00e1vajte na suchom mieste, chr\u00e1nenom pred slne\u010dn\u00fdm \u017eiaren\u00edm, pri izbovej teplote. Uchov\u00e1vajte mimo dosahu det\u00ed. V\u00fd\u017eivov\u00fd doplnok sa nesmie pou\u017e\u00edva\u0165 ako n\u00e1hrada pestrej, vyv\u00e1\u017eenej stravy a zdrav\u00e9ho \u017eivotn\u00e9ho \u0161t\u00fdlu. Neprekra\u010dujte odpor\u00fa\u010dan\u00fa denn\u00fa d\u00e1vku! Neu\u017e\u00edvajte, ak ste precitliven\u00ed alebo alergick\u00ed na ktor\u00fako\u013evek zlo\u017eku pr\u00edpravku.<\/p>\n<p data-start=\"814\" data-end=\"1172\"><strong>Quantity<\/strong>: 30pcs<\/p>\n\n\n<p><\/p>","protected":false},"excerpt":{"rendered":"<p>Nordvital Vitam\u00edn B12 1000 mcg je veg\u00e1nsky v\u00fd\u017eivov\u00fd doplnok, ktor\u00fd je ur\u010den\u00fd predov\u0161etk\u00fdm pre osoby dodr\u017eiavaj\u00face rastlinn\u00fa stravu. Vitam\u00edn B12 je d\u00f4le\u017eit\u00fd mikronutrient, na ktor\u00e9ho dop\u013a\u0148anie by mali kl\u00e1s\u0165 zv\u00fd\u0161en\u00fd d\u00f4raz veg\u00e1ni a vegetari\u00e1ni. Pr\u00edpravok v praktickej forme zabezpe\u010duje denn\u00fd pr\u00edjem vitam\u00ednu B12, a tak sa jednoducho za\u010dlen\u00ed do ka\u017edodennej rutiny. Zlo\u017eenie (v 1 kapsule): [&hellip;]<\/p>","protected":false},"featured_media":9825,"comment_status":"open","ping_status":"closed","template":"","meta":{"inline_featured_image":false},"product_brand":[112],"product_cat":[69,140,142],"product_tag":[],"class_list":{"0":"post-9214","1":"product","2":"type-product","3":"status-publish","4":"has-post-thumbnail","6":"product_brand-nordvital","7":"product_cat-vyzivove-doplnky","8":"product_cat-posilnenie-imunity","9":"product_cat-srdcovo-cievny-system","11":"first","12":"instock","13":"taxable","14":"shipping-taxable","15":"purchasable","16":"product-type-simple"},"aioseo_notices":[],"_links":{"self":[{"href":"https:\/\/www.biokari.sk\/en\/wp-json\/wp\/v2\/product\/9214","targetHints":{"allow":["GET"]}}],"collection":[{"href":"https:\/\/www.biokari.sk\/en\/wp-json\/wp\/v2\/product"}],"about":[{"href":"https:\/\/www.biokari.sk\/en\/wp-json\/wp\/v2\/types\/product"}],"replies":[{"embeddable":true,"href":"https:\/\/www.biokari.sk\/en\/wp-json\/wp\/v2\/comments?post=9214"}],"wp:featuredmedia":[{"embeddable":true,"href":"https:\/\/www.biokari.sk\/en\/wp-json\/wp\/v2\/media\/9825"}],"wp:attachment":[{"href":"https:\/\/www.biokari.sk\/en\/wp-json\/wp\/v2\/media?parent=9214"}],"wp:term":[{"taxonomy":"product_brand","embeddable":true,"href":"https:\/\/www.biokari.sk\/en\/wp-json\/wp\/v2\/product_brand?post=9214"},{"taxonomy":"product_cat","embeddable":true,"href":"https:\/\/www.biokari.sk\/en\/wp-json\/wp\/v2\/product_cat?post=9214"},{"taxonomy":"product_tag","embeddable":true,"href":"https:\/\/www.biokari.sk\/en\/wp-json\/wp\/v2\/product_tag?post=9214"}],"curies":[{"name":"wp","href":"https:\/\/api.w.org\/{rel}","templated":true}]}}