{"id":9218,"date":"2025-07-01T14:37:44","date_gmt":"2025-07-01T12:37:44","guid":{"rendered":"https:\/\/www.biokari.sk\/produkt\/nordvital-kuracy-kolagenovy-prasok-90g\/"},"modified":"2026-01-27T08:41:54","modified_gmt":"2026-01-27T07:41:54","slug":"nordvital-kuracy-kolagenovy-prasok-90g","status":"publish","type":"product","link":"https:\/\/www.biokari.sk\/en\/product\/nordvital-chicken-collagen-press-90g\/","title":{"rendered":"Nordvital Chicken collagen powder 90g"},"content":{"rendered":"<p data-start=\"243\" data-end=\"697\"><strong data-start=\"243\" data-end=\"300\">Nordvital Chicken Cartilage Collagen - Joint Complex<\/strong> is a dietary supplement containing collagen from chicken cartilage, glucosamine, chondroitin and MSM. These ingredients are often used as a dietary supplement to maintain joint and musculoskeletal comfort. The carefully formulated formula is easy to incorporate into a daily routine, especially for those who care about the health of their musculoskeletal system. Consultation with a healthcare professional is recommended prior to use.<\/p>\n<p data-start=\"699\" data-end=\"742\"><strong data-start=\"699\" data-end=\"740\">Active ingredient in the daily dose (1.5 g):<\/strong><\/p>\n<ul data-start=\"743\" data-end=\"912\">\n<li data-start=\"743\" data-end=\"912\">\n<p data-start=\"745\" data-end=\"802\"><strong data-start=\"745\" data-end=\"790\">Chondractive\u00ae chicken cartilage extract<\/strong> - 1500 mg<\/p>\n<ul data-start=\"806\" data-end=\"912\">\n<li data-start=\"806\" data-end=\"849\">\n<p data-start=\"808\" data-end=\"849\">standardized to 70 % type II collagen<\/p>\n<\/li>\n<li data-start=\"853\" data-end=\"880\">\n<p data-start=\"855\" data-end=\"880\">10 % chondroitin sulphate<\/p>\n<\/li>\n<li data-start=\"884\" data-end=\"912\">\n<p data-start=\"886\" data-end=\"912\">1 % Hyaluronic acid<\/p>\n<\/li>\n<\/ul>\n<\/li>\n<\/ul>\n<p data-start=\"914\" data-end=\"974\"><strong data-start=\"914\" data-end=\"927\">Composition: <\/strong>Chondractive\u00ae chicken cartilage extract.<\/p>\n<p data-start=\"976\" data-end=\"1320\"><strong data-start=\"976\" data-end=\"1002\">Recommended dosage: <\/strong>Daily dose: 1.5 g (approx. 1 teaspoon) of collagen dissolved in liquid.<br data-start=\"1080\" data-end=\"1083\" \/>It can be taken at any time of the day, independently of food, but ideally shortly before movement (e.g. a walk, sport).<br data-start=\"1197\" data-end=\"1200\" \/>It is recommended to mix it in a flavoured liquid for a more pleasant taste and drink it with a smaller amount of liquid (approx. 2 dl).<\/p>\n<p data-start=\"1322\" data-end=\"1462\"><strong data-start=\"1322\" data-end=\"1338\">Storage: <\/strong>Store in a dry place, protected from direct sunlight, at room temperature. Keep out of the reach of children.<\/p>\n<p data-start=\"1464\" data-end=\"1482\"><strong data-start=\"1464\" data-end=\"1480\">Warning:\u00a0<\/strong>Keep out of reach of children! The recommended daily dose must not be exceeded. The dietary supplement must not be used as a substitute for a varied and balanced diet and a healthy lifestyle. Do not use if you are sensitive or allergic to any of the ingredients in the product.\u00a0<\/p>\n<p data-start=\"1759\" data-end=\"1779\"><strong data-start=\"1759\" data-end=\"1772\">Weight:<\/strong> 90 g<\/p>\n\n\n<p><\/p>","protected":false},"excerpt":{"rendered":"<p>Nordvital Kurac\u00ed chrupavkov\u00fd kolag\u00e9n \u2013 K\u013abov\u00fd komplex je v\u00fd\u017eivov\u00fd doplnok obsahuj\u00faci kolag\u00e9n z kuracej chrupavky, glukozam\u00edn, chondroit\u00edn a MSM. Tieto zlo\u017eky sa \u010dasto pou\u017e\u00edvaj\u00fa ako doplnok stravy pre udr\u017eanie komfortu k\u013abov a pohybov\u00e9ho apar\u00e1tu. Starostlivo zostaven\u00e1 formula sa \u013eahko zarad\u00ed do dennej rutiny, najm\u00e4 pre t\u00fdch, ktor\u00ed dbaj\u00fa na zdravie svojho pohybov\u00e9ho syst\u00e9mu. Pred pou\u017eit\u00edm [&hellip;]<\/p>","protected":false},"featured_media":9820,"comment_status":"open","ping_status":"closed","template":"","meta":{"inline_featured_image":false},"product_brand":[112],"product_cat":[69,145,140],"product_tag":[],"class_list":{"0":"post-9218","1":"product","2":"type-product","3":"status-publish","4":"has-post-thumbnail","6":"product_brand-nordvital","7":"product_cat-vyzivove-doplnky","8":"product_cat-krasa","9":"product_cat-posilnenie-imunity","11":"first","12":"instock","13":"taxable","14":"shipping-taxable","15":"purchasable","16":"product-type-simple"},"aioseo_notices":[],"_links":{"self":[{"href":"https:\/\/www.biokari.sk\/en\/wp-json\/wp\/v2\/product\/9218","targetHints":{"allow":["GET"]}}],"collection":[{"href":"https:\/\/www.biokari.sk\/en\/wp-json\/wp\/v2\/product"}],"about":[{"href":"https:\/\/www.biokari.sk\/en\/wp-json\/wp\/v2\/types\/product"}],"replies":[{"embeddable":true,"href":"https:\/\/www.biokari.sk\/en\/wp-json\/wp\/v2\/comments?post=9218"}],"wp:featuredmedia":[{"embeddable":true,"href":"https:\/\/www.biokari.sk\/en\/wp-json\/wp\/v2\/media\/9820"}],"wp:attachment":[{"href":"https:\/\/www.biokari.sk\/en\/wp-json\/wp\/v2\/media?parent=9218"}],"wp:term":[{"taxonomy":"product_brand","embeddable":true,"href":"https:\/\/www.biokari.sk\/en\/wp-json\/wp\/v2\/product_brand?post=9218"},{"taxonomy":"product_cat","embeddable":true,"href":"https:\/\/www.biokari.sk\/en\/wp-json\/wp\/v2\/product_cat?post=9218"},{"taxonomy":"product_tag","embeddable":true,"href":"https:\/\/www.biokari.sk\/en\/wp-json\/wp\/v2\/product_tag?post=9218"}],"curies":[{"name":"wp","href":"https:\/\/api.w.org\/{rel}","templated":true}]}}