{"id":9224,"date":"2025-07-01T14:37:45","date_gmt":"2025-07-01T12:37:45","guid":{"rendered":"https:\/\/www.biokari.sk\/produkt\/nordvital-b-komplex-kapsuly-60ks\/"},"modified":"2026-04-26T19:01:53","modified_gmt":"2026-04-26T17:01:53","slug":"nordvital-b-komplex-kapsuly-60ks","status":"publish","type":"product","link":"https:\/\/www.biokari.sk\/en\/product\/nordvital-b-complex-capsules-60pcs\/","title":{"rendered":"Nordvital B-complex capsules 60pcs"},"content":{"rendered":"<p data-start=\"195\" data-end=\"538\"><strong data-start=\"195\" data-end=\"224\">Nordvital B-complex Vegan<\/strong> contains all the important B vitamins - including vitamins B1, B2, B3, B5, B6, B7, B9 and B12.<br data-start=\"322\" data-end=\"325\" \/>It is formulated specifically for people on a plant-based diet, in an easy-to-dose form.<br data-start=\"408\" data-end=\"411\" \/>B vitamins are a common part of conscious supplementation and this product is easy to incorporate into your daily routine.<\/p>\n<p data-start=\"540\" data-end=\"572\"><strong data-start=\"540\" data-end=\"570\">Active ingredients in 1 capsule:<\/strong><\/p>\n<ul data-start=\"573\" data-end=\"1165\">\n<li data-start=\"573\" data-end=\"631\">\n<p data-start=\"575\" data-end=\"631\">Vitamin B1 (thiamine hydrochloride) - 20 mg (1818 % RVH*)<\/p>\n<\/li>\n<li data-start=\"632\" data-end=\"696\">\n<p data-start=\"634\" data-end=\"696\">Vitamin B2 (riboflavin-5-natrium phosphate) - 20 mg (1429 % RVH)<\/p>\n<\/li>\n<li data-start=\"697\" data-end=\"744\">\n<p data-start=\"699\" data-end=\"744\">Vitamin B3 (nicotinamide) - 15 mg (94 % RVH)<\/p>\n<\/li>\n<li data-start=\"745\" data-end=\"803\">\n<p data-start=\"747\" data-end=\"803\">Vitamin B5 (D-calcium-pantothenate) - 100 mg (1667 % RVH)<\/p>\n<\/li>\n<li data-start=\"804\" data-end=\"860\">\n<p data-start=\"806\" data-end=\"860\">Vitamin B6 (pyridoxal-5-phosphate) - 25 mg (1786 % RVH)<\/p>\n<\/li>\n<li data-start=\"861\" data-end=\"908\">\n<p data-start=\"863\" data-end=\"908\">Vitamin B7 (D-biotin) - 500 \u03bcg (1000 % RVH)<\/p>\n<\/li>\n<li data-start=\"909\" data-end=\"968\">\n<p data-start=\"911\" data-end=\"968\">Vitamin B9 (calcium-L-methylfolate) - 400 \u03bcg (200 % RVH)<\/p>\n<\/li>\n<li data-start=\"969\" data-end=\"1022\">\n<p data-start=\"971\" data-end=\"1022\">Vitamin B12 (methylcobalamin) - 50 \u03bcg (2000 % RVH)<\/p>\n<\/li>\n<li data-start=\"1023\" data-end=\"1079\">\n<p data-start=\"1025\" data-end=\"1079\">Vitamin B12 (adenosylcobalamin) - 50 \u03bcg (2000 % RVH)<\/p>\n<\/li>\n<li data-start=\"1080\" data-end=\"1165\">\n<p data-start=\"1082\" data-end=\"1165\">Choline (from choline bitartrate, organic form) - 30 mg (<strong data-start=\"1138\" data-end=\"1162\">The AGM is not established<\/strong>)<\/p>\n<\/li>\n<\/ul>\n<p data-start=\"1167\" data-end=\"1218\">*RVH = Dietary Reference Value for adults<\/p>\n<p data-start=\"1220\" data-end=\"1572\"><strong data-start=\"1220\" data-end=\"1233\">Composition: <\/strong>Rice flour, D-calcium pantothenate, capsule shell (hydroxypropylmethylcellulose), filler (microcrystalline cellulose), choline bitartrate, pyridoxal-5-phosphate, riboflavin-5-natrium phosphate, thiamine hydrochloride, anti-caking agent (amino acid leucine), nicotinamide, calcium-L-methylfolate, D-biotin, methylcobalamin, adenosylcobalamin.<\/p>\n<p data-start=\"1574\" data-end=\"1631\"><strong data-start=\"1574\" data-end=\"1600\">Recommended dosage: <\/strong>1 capsule daily, after meals.<\/p>\n<p data-start=\"1633\" data-end=\"1773\"><strong data-start=\"1633\" data-end=\"1649\">Storage: <\/strong>Store in a dry place, protected from direct sunlight, at room temperature. Keep out of the reach of children.<\/p>\n<p data-start=\"1775\" data-end=\"1793\"><strong data-start=\"1775\" data-end=\"1791\">Warning:\u00a0<\/strong>Keep out of reach of children! The recommended daily dose must not be exceeded. The dietary supplement must not be used as a substitute for a varied and balanced diet and a healthy lifestyle. Do not use if you are sensitive or allergic to any of the ingredients in the product.<\/p>\n<p data-start=\"2070\" data-end=\"2094\"><strong data-start=\"2070\" data-end=\"2082\">Packaging:<\/strong> 60 pcs<\/p>","protected":false},"excerpt":{"rendered":"<p>Nordvital B-komplex Veg\u00e1n obsahuje v\u0161etky d\u00f4le\u017eit\u00e9 vitam\u00edny skupiny B \u2013 vr\u00e1tane vitam\u00ednov B1, B2, B3, B5, B6, B7, B9 a B12.Je vytvoren\u00fd \u0161peci\u00e1lne pre osoby s rastlinnou stravou, v \u013eahko d\u00e1vkovate\u013enej forme.Vitam\u00edny skupiny B s\u00fa \u010dastou s\u00fa\u010das\u0165ou vedom\u00e9ho dop\u013a\u0148ania v\u00fd\u017eivy a tento pr\u00edpravok sa jednoducho zarad\u00ed do ka\u017edodennej rutiny. Akt\u00edvne l\u00e1tky v 1 kapsule: Vitam\u00edn [&hellip;]<\/p>","protected":false},"featured_media":9814,"comment_status":"open","ping_status":"closed","template":"","meta":{"inline_featured_image":false},"product_brand":[112],"product_cat":[69,140,142],"product_tag":[],"class_list":{"0":"post-9224","1":"product","2":"type-product","3":"status-publish","4":"has-post-thumbnail","6":"product_brand-nordvital","7":"product_cat-vyzivove-doplnky","8":"product_cat-posilnenie-imunity","9":"product_cat-srdcovo-cievny-system","11":"first","12":"instock","13":"taxable","14":"shipping-taxable","15":"purchasable","16":"product-type-simple"},"aioseo_notices":[],"_links":{"self":[{"href":"https:\/\/www.biokari.sk\/en\/wp-json\/wp\/v2\/product\/9224","targetHints":{"allow":["GET"]}}],"collection":[{"href":"https:\/\/www.biokari.sk\/en\/wp-json\/wp\/v2\/product"}],"about":[{"href":"https:\/\/www.biokari.sk\/en\/wp-json\/wp\/v2\/types\/product"}],"replies":[{"embeddable":true,"href":"https:\/\/www.biokari.sk\/en\/wp-json\/wp\/v2\/comments?post=9224"}],"wp:featuredmedia":[{"embeddable":true,"href":"https:\/\/www.biokari.sk\/en\/wp-json\/wp\/v2\/media\/9814"}],"wp:attachment":[{"href":"https:\/\/www.biokari.sk\/en\/wp-json\/wp\/v2\/media?parent=9224"}],"wp:term":[{"taxonomy":"product_brand","embeddable":true,"href":"https:\/\/www.biokari.sk\/en\/wp-json\/wp\/v2\/product_brand?post=9224"},{"taxonomy":"product_cat","embeddable":true,"href":"https:\/\/www.biokari.sk\/en\/wp-json\/wp\/v2\/product_cat?post=9224"},{"taxonomy":"product_tag","embeddable":true,"href":"https:\/\/www.biokari.sk\/en\/wp-json\/wp\/v2\/product_tag?post=9224"}],"curies":[{"name":"wp","href":"https:\/\/api.w.org\/{rel}","templated":true}]}}