{"id":9226,"date":"2025-07-01T14:37:46","date_gmt":"2025-07-01T12:37:46","guid":{"rendered":"https:\/\/www.biokari.sk\/produkt\/nordvital-kapsuly-na-vlasy-a-na-pokozky-60ks\/"},"modified":"2026-03-20T18:01:42","modified_gmt":"2026-03-20T17:01:42","slug":"nordvital-kapsuly-na-vlasy-a-na-pokozky-60ks","status":"publish","type":"product","link":"https:\/\/www.biokari.sk\/en\/product\/nordvital-kapsuly-na-vlasy-a-na-pokozky-60ks\/","title":{"rendered":"Nordvital Capsules for hair and cuticles 60pcs"},"content":{"rendered":"<p data-start=\"237\" data-end=\"537\"><strong data-start=\"237\" data-end=\"268\">\u0160peci\u00e1lne zostaven\u00e1 formula<\/strong>, ktor\u00e1 obsahuje biot\u00edn, zinok, me\u010f, sel\u00e9n a vitam\u00edn C.<br data-start=\"323\" data-end=\"326\" \/>Starostlivo vybran\u00e9 zlo\u017eky s\u00fa \u010dast\u00fdmi s\u00fa\u010das\u0165ami v\u00fd\u017eivov\u00fdch doplnkov ur\u010den\u00fdch na podporu zdravia vlasov, poko\u017eky a nechtov.<br data-start=\"448\" data-end=\"451\" \/>Kapsula sa jednoducho zarad\u00ed do ka\u017edodennej rutiny ako s\u00fa\u010das\u0165 vedom\u00e9ho pr\u00edjmu \u017eiv\u00edn.<\/p>\n<p data-start=\"539\" data-end=\"571\"><strong data-start=\"539\" data-end=\"569\">Active ingredients in 1 capsule:<\/strong><\/p>\n<ul data-start=\"572\" data-end=\"1084\">\n<li data-start=\"572\" data-end=\"607\">\n<p data-start=\"574\" data-end=\"607\">Vitam\u00edn B7 (D-biot\u00edn) \u2013 5000 \u00b5g<\/p>\n<\/li>\n<li data-start=\"608\" data-end=\"655\">\n<p data-start=\"610\" data-end=\"655\">Vitam\u00edn B9 (kalcium-L-metyl-fol\u00e1t) \u2013 400 \u00b5g<\/p>\n<\/li>\n<li data-start=\"656\" data-end=\"698\">\n<p data-start=\"658\" data-end=\"698\">Vitam\u00edn C (kyselina askorbov\u00e1) \u2013 50 mg<\/p>\n<\/li>\n<li data-start=\"699\" data-end=\"754\">\n<p data-start=\"701\" data-end=\"754\">Vitam\u00edn E (zo zmesi pr\u00edrodn\u00fdch tokoferolov) \u2013 20 mg<\/p>\n<\/li>\n<li data-start=\"755\" data-end=\"814\">\n<p data-start=\"757\" data-end=\"814\">Zinok (zino\u010dnat\u00fd bisglycin\u00e1t, organick\u00e1 forma) \u2013 7,5 mg<\/p>\n<\/li>\n<li data-start=\"815\" data-end=\"867\">\n<p data-start=\"817\" data-end=\"867\">Me\u010f (meden\u00fd bisglycin\u00e1t, organick\u00e1 forma) \u2013 1 mg<\/p>\n<\/li>\n<li data-start=\"868\" data-end=\"919\">\n<p data-start=\"870\" data-end=\"919\">Sel\u00e9n (zo selenov\u00fdch kvasn\u00edc, 0,2 % Se) \u2013 50 \u00b5g<\/p>\n<\/li>\n<li data-start=\"920\" data-end=\"952\">\n<p data-start=\"922\" data-end=\"952\">Kyselina hyalur\u00f3nov\u00e1 \u2013 25 mg<\/p>\n<\/li>\n<li data-start=\"953\" data-end=\"975\">\n<p data-start=\"955\" data-end=\"975\">L-cyste\u00edn \u2013 100 mg<\/p>\n<\/li>\n<li data-start=\"976\" data-end=\"999\">\n<p data-start=\"978\" data-end=\"999\">L-metion\u00edn \u2013 200 mg<\/p>\n<\/li>\n<li data-start=\"1000\" data-end=\"1020\">\n<p data-start=\"1002\" data-end=\"1020\">L-prol\u00edn \u2013 50 mg<\/p>\n<\/li>\n<li data-start=\"1021\" data-end=\"1046\">\n<p data-start=\"1023\" data-end=\"1046\">Oxid kremi\u010dit\u00fd \u2013 6 mg<\/p>\n<\/li>\n<li data-start=\"1047\" data-end=\"1084\">\n<p data-start=\"1049\" data-end=\"1084\">MSM (metylsulfonylmet\u00e1n) \u2013 500 mg<\/p>\n<\/li>\n<\/ul>\n<p data-start=\"1086\" data-end=\"1483\"><strong data-start=\"1086\" data-end=\"1099\">Composition: <\/strong>metylsulfonylmet\u00e1n (MSM), L-metion\u00edn, hydroxypropylmetylcelul\u00f3za (veg\u00e1nska kapsula), L-cyste\u00edn, pr\u00edrodn\u00e1 zmes tokoferolov, kyselina askorbov\u00e1, L-prol\u00edn, oxid kremi\u010dit\u00fd (extrakt z nadzemn\u00fdch \u010dast\u00ed prasli\u010dky ro\u013enej), kyselina hyalur\u00f3nov\u00e1, selenov\u00e9 kvasnice, zino\u010dnat\u00fd bisglycin\u00e1t, protihrudkuj\u00faca l\u00e1tka: leuc\u00edn, biot\u00edn, meden\u00fd bisglycin\u00e1t, kyselina listov\u00e1 (kalcium-L-metyl-fol\u00e1t).<\/p>\n<p data-start=\"1485\" data-end=\"1532\"><strong data-start=\"1485\" data-end=\"1511\">Recommended dosage: <\/strong>1 capsule daily.<\/p>\n<p data-start=\"1534\" data-end=\"1674\"><strong data-start=\"1534\" data-end=\"1550\">Storage: <\/strong>Store in a dry place, protected from direct sunlight, at room temperature. Keep out of the reach of children.<\/p>\n<p data-start=\"1676\" data-end=\"1694\"><strong data-start=\"1676\" data-end=\"1692\">Warning:\u00a0<\/strong>Uchov\u00e1vajte mimo dosahu det\u00ed! Odpor\u00fa\u010dan\u00e1 denn\u00e1 d\u00e1vka sa nesmie prekro\u010di\u0165. V\u00fd\u017eivov\u00fd doplnok sa nesmie pou\u017e\u00edva\u0165 ako n\u00e1hrada pestrej a vyv\u00e1\u017eenej stravy a zdrav\u00e9ho \u017eivotn\u00e9ho \u0161t\u00fdlu.<\/p>\n<p data-start=\"1885\" data-end=\"1909\"><strong data-start=\"1885\" data-end=\"1897\">Packaging:<\/strong> 60pcs<\/p>","protected":false},"excerpt":{"rendered":"<p>\u0160peci\u00e1lne zostaven\u00e1 formula, ktor\u00e1 obsahuje biot\u00edn, zinok, me\u010f, sel\u00e9n a vitam\u00edn C.Starostlivo vybran\u00e9 zlo\u017eky s\u00fa \u010dast\u00fdmi s\u00fa\u010das\u0165ami v\u00fd\u017eivov\u00fdch doplnkov ur\u010den\u00fdch na podporu zdravia vlasov, poko\u017eky a nechtov.Kapsula sa jednoducho zarad\u00ed do ka\u017edodennej rutiny ako s\u00fa\u010das\u0165 vedom\u00e9ho pr\u00edjmu \u017eiv\u00edn. Akt\u00edvne l\u00e1tky v 1 kapsule: Vitam\u00edn B7 (D-biot\u00edn) \u2013 5000 \u00b5g Vitam\u00edn B9 (kalcium-L-metyl-fol\u00e1t) \u2013 400 \u00b5g [&hellip;]<\/p>","protected":false},"featured_media":9812,"comment_status":"open","ping_status":"closed","template":"","meta":{"inline_featured_image":false},"product_brand":[112],"product_cat":[69,145],"product_tag":[],"class_list":{"0":"post-9226","1":"product","2":"type-product","3":"status-publish","4":"has-post-thumbnail","6":"product_brand-nordvital","7":"product_cat-vyzivove-doplnky","8":"product_cat-krasa","10":"first","11":"instock","12":"taxable","13":"shipping-taxable","14":"purchasable","15":"product-type-simple"},"aioseo_notices":[],"_links":{"self":[{"href":"https:\/\/www.biokari.sk\/en\/wp-json\/wp\/v2\/product\/9226","targetHints":{"allow":["GET"]}}],"collection":[{"href":"https:\/\/www.biokari.sk\/en\/wp-json\/wp\/v2\/product"}],"about":[{"href":"https:\/\/www.biokari.sk\/en\/wp-json\/wp\/v2\/types\/product"}],"replies":[{"embeddable":true,"href":"https:\/\/www.biokari.sk\/en\/wp-json\/wp\/v2\/comments?post=9226"}],"wp:featuredmedia":[{"embeddable":true,"href":"https:\/\/www.biokari.sk\/en\/wp-json\/wp\/v2\/media\/9812"}],"wp:attachment":[{"href":"https:\/\/www.biokari.sk\/en\/wp-json\/wp\/v2\/media?parent=9226"}],"wp:term":[{"taxonomy":"product_brand","embeddable":true,"href":"https:\/\/www.biokari.sk\/en\/wp-json\/wp\/v2\/product_brand?post=9226"},{"taxonomy":"product_cat","embeddable":true,"href":"https:\/\/www.biokari.sk\/en\/wp-json\/wp\/v2\/product_cat?post=9226"},{"taxonomy":"product_tag","embeddable":true,"href":"https:\/\/www.biokari.sk\/en\/wp-json\/wp\/v2\/product_tag?post=9226"}],"curies":[{"name":"wp","href":"https:\/\/api.w.org\/{rel}","templated":true}]}}