{"id":9228,"date":"2025-07-01T14:37:46","date_gmt":"2025-07-01T12:37:46","guid":{"rendered":"https:\/\/www.biokari.sk\/produkt\/nordvital-d3-vitamin-kvapky-4000ne-240davok\/"},"modified":"2026-04-23T19:01:20","modified_gmt":"2026-04-23T17:01:20","slug":"nordvital-d3-vitamin-kvapky-4000ne-240davok","status":"publish","type":"product","link":"https:\/\/www.biokari.sk\/en\/product\/nordvital-d3-vitamin-kvapky-4000ne-240davok\/","title":{"rendered":"Nordvital Vitamin D3 drops 4000NE 240dose"},"content":{"rendered":"<p data-start=\"213\" data-end=\"591\"><strong data-start=\"213\" data-end=\"250\">Nordvital D3-vitamin liquid form<\/strong> in a 30 ml pack contains vitamin D3, which helps to supplement the daily intake of vitamins in a practical form.<br data-start=\"349\" data-end=\"352\" \/>Droplet dosing is a convenient solution for those who have difficulty taking tablets or capsules.<br data-start=\"459\" data-end=\"462\" \/>Vitamin D is an important micronutrient for the body, which should be taken care of especially in periods with a lack of sunlight.<\/p>\n<p data-start=\"593\" data-end=\"614\"><strong data-start=\"593\" data-end=\"612\">Active ingredients: <\/strong>Vitamin D3 (cholecalciferol) - 100 \u03bcg = 4000 IU (2000 % RVH*)<br \/>\n*RVH = Dietary Reference Value<\/p>\n<p data-start=\"721\" data-end=\"861\"><strong data-start=\"721\" data-end=\"734\">Composition: <\/strong>MCT oil (RSPO certified from palm and coconut oil), cholecalciferol, antioxidant (natural mixed tocopherols).<\/p>\n<p data-start=\"863\" data-end=\"891\"><strong data-start=\"863\" data-end=\"889\">Recommended dosage:<\/strong><\/p>\n<ul data-start=\"892\" data-end=\"1229\">\n<li data-start=\"892\" data-end=\"1022\">\n<p data-start=\"894\" data-end=\"1022\">Adults: 4 drops daily directly into the mouth or added to food.<br data-start=\"954\" data-end=\"957\" \/>(Do not dilute in liquid!) Best taken in the morning, with the first meal.<\/p>\n<\/li>\n<li data-start=\"1023\" data-end=\"1058\">\n<p data-start=\"1025\" data-end=\"1058\">1 drop = 1000 IU of vitamin D3.<\/p>\n<\/li>\n<li data-start=\"1059\" data-end=\"1229\">\n<p data-start=\"1061\" data-end=\"1229\">Children: 1 drop for every 20 kg of body weight is recommended.<br data-start=\"1124\" data-end=\"1127\" \/>When dripping into the mouth, the pipette must not touch the tongue as the product <strong data-start=\"1194\" data-end=\"1226\">does not contain preservatives<\/strong>.<\/p>\n<\/li>\n<\/ul>\n<p data-start=\"1231\" data-end=\"1371\"><strong data-start=\"1231\" data-end=\"1247\">Storage: <\/strong>Store in a dry place, protected from direct sunlight, at room temperature. Keep out of the reach of children.<\/p>\n<p data-start=\"1373\" data-end=\"1391\"><strong data-start=\"1373\" data-end=\"1389\">Warning:\u00a0<\/strong>Keep out of reach of children! The recommended daily dose must not be exceeded. The dietary supplement must not be used as a substitute for a varied and balanced diet and a healthy lifestyle. Do not use if you are sensitive or allergic to any of the ingredients in the product.<\/p>\n<p data-start=\"1668\" data-end=\"1686\"><strong data-start=\"1668\" data-end=\"1678\">Volume:<\/strong> 30 ml<\/p>","protected":false},"excerpt":{"rendered":"<p>Nordvital D3-vitam\u00edn tekut\u00e1 forma v balen\u00ed 30 ml obsahuje vitam\u00edn D3, ktor\u00fd praktickou formou pom\u00e1ha doplni\u0165 denn\u00fd pr\u00edjem vitam\u00ednov.Kvapkadlov\u00e9 d\u00e1vkovanie je pohodln\u00fdm rie\u0161en\u00edm pre t\u00fdch, ktor\u00ed maj\u00fa \u0165a\u017ekosti s u\u017e\u00edvan\u00edm tabliet alebo kaps\u00fal.Vitam\u00edn D je pre organizmus d\u00f4le\u017eit\u00fd mikronutrient, na ktor\u00fd je vhodn\u00e9 dba\u0165 najm\u00e4 v obdobiach s nedostatkom slne\u010dn\u00e9ho \u017eiarenia. Akt\u00edvne zlo\u017eky: D3-vitam\u00edn (cholekalciferol) [&hellip;]<\/p>","protected":false},"featured_media":9809,"comment_status":"open","ping_status":"closed","template":"","meta":{"inline_featured_image":false},"product_brand":[112],"product_cat":[69,145,140,142],"product_tag":[],"class_list":{"0":"post-9228","1":"product","2":"type-product","3":"status-publish","4":"has-post-thumbnail","6":"product_brand-nordvital","7":"product_cat-vyzivove-doplnky","8":"product_cat-krasa","9":"product_cat-posilnenie-imunity","10":"product_cat-srdcovo-cievny-system","12":"first","13":"instock","14":"taxable","15":"shipping-taxable","16":"purchasable","17":"product-type-simple"},"aioseo_notices":[],"_links":{"self":[{"href":"https:\/\/www.biokari.sk\/en\/wp-json\/wp\/v2\/product\/9228","targetHints":{"allow":["GET"]}}],"collection":[{"href":"https:\/\/www.biokari.sk\/en\/wp-json\/wp\/v2\/product"}],"about":[{"href":"https:\/\/www.biokari.sk\/en\/wp-json\/wp\/v2\/types\/product"}],"replies":[{"embeddable":true,"href":"https:\/\/www.biokari.sk\/en\/wp-json\/wp\/v2\/comments?post=9228"}],"wp:featuredmedia":[{"embeddable":true,"href":"https:\/\/www.biokari.sk\/en\/wp-json\/wp\/v2\/media\/9809"}],"wp:attachment":[{"href":"https:\/\/www.biokari.sk\/en\/wp-json\/wp\/v2\/media?parent=9228"}],"wp:term":[{"taxonomy":"product_brand","embeddable":true,"href":"https:\/\/www.biokari.sk\/en\/wp-json\/wp\/v2\/product_brand?post=9228"},{"taxonomy":"product_cat","embeddable":true,"href":"https:\/\/www.biokari.sk\/en\/wp-json\/wp\/v2\/product_cat?post=9228"},{"taxonomy":"product_tag","embeddable":true,"href":"https:\/\/www.biokari.sk\/en\/wp-json\/wp\/v2\/product_tag?post=9228"}],"curies":[{"name":"wp","href":"https:\/\/api.w.org\/{rel}","templated":true}]}}