{"id":9230,"date":"2025-07-01T14:37:46","date_gmt":"2025-07-01T12:37:46","guid":{"rendered":"https:\/\/www.biokari.sk\/produkt\/nordvital-cajova-zmes-na-prostatu-90g\/"},"modified":"2026-01-27T08:41:54","modified_gmt":"2026-01-27T07:41:54","slug":"nordvital-cajova-zmes-na-prostatu-90g","status":"publish","type":"product","link":"https:\/\/www.biokari.sk\/en\/product\/nordvital-cajova-zmes-na-prostatu-90g\/","title":{"rendered":"Nordvital Tea mixture for prostate 90g"},"content":{"rendered":"<p data-start=\"202\" data-end=\"797\"><strong data-start=\"202\" data-end=\"250\">Na\u0161a \u010dajov\u00e1 zmes na podporu zdravia prostaty<\/strong> obsahuje vyv\u00e1\u017een\u00fa kombin\u00e1ciu nasleduj\u00facich zlo\u017eiek.<br data-start=\"302\" data-end=\"305\" \/><strong data-start=\"305\" data-end=\"343\">Vrbovka malokvet\u00e1 (Epilobii herba)<\/strong> a <strong data-start=\"346\" data-end=\"411\">harman\u010dek lek\u00e1rsky (Matricariae flos \/ Chamomillae anthodium)<\/strong> prispievaj\u00fa k norm\u00e1lnej funkcii prostaty a pom\u00e1haj\u00fa zmierni\u0165 z\u00e1paly.<br data-start=\"480\" data-end=\"483\" \/><strong data-start=\"483\" data-end=\"518\">\u017dih\u013eavov\u00fd list (Urticae folium)<\/strong> a <strong data-start=\"521\" data-end=\"554\">brezov\u00fd list (Betulae folium)<\/strong> podporuj\u00fa zdravie mo\u010dov\u00e9ho syst\u00e9mu a pom\u00e1haj\u00fa organizmu pri o\u010dis\u0165ovan\u00ed od \u0161kodliv\u00fdch l\u00e1tok.<br data-start=\"646\" data-end=\"649\" \/><strong data-start=\"649\" data-end=\"704\">Kvet ibi\u0161teka sud\u00e1nskeho (Hibisci sabdariffae flos)<\/strong> obohacuje \u010dajov\u00fa zmes svojou pr\u00edjemnou chu\u0165ou, v\u010faka \u010domu je nielen \u00fa\u010dinn\u00e1, ale aj chutn\u00e1.<\/p>\n<p data-start=\"799\" data-end=\"1047\"><strong data-start=\"799\" data-end=\"812\">Composition: <\/strong>vrbovka malokvet\u00e1 (Epilobii herba), harman\u010dek lek\u00e1rsky \/ kvet kamilky (Matricariae flos \/ Chamomillae anthodium), \u017eih\u013eavov\u00fd list (Urticae folium), brezov\u00fd list (Betulae folium), kvet ibi\u0161teka sud\u00e1nskeho (Hibisci sabdariffae flos).<\/p>\n<p data-start=\"1049\" data-end=\"1202\"><strong data-start=\"1049\" data-end=\"1075\">Pou\u017eitie \/ D\u00e1vkovanie:<\/strong><br data-start=\"1075\" data-end=\"1078\" \/>Pour 2 teaspoons of the mixture over 2.5 dl of boiling water, cover and leave to infuse for 15 minutes.<br data-start=\"1163\" data-end=\"1166\" \/>Odpor\u00fa\u010dan\u00e1 denn\u00e1 d\u00e1vka: 2\u20133 \u0161\u00e1lky.<\/p>\n<p data-start=\"1204\" data-end=\"1222\"><strong data-start=\"1204\" data-end=\"1220\">Warning: <\/strong>Kontraindik\u00e1cie: mo\u017en\u00e1 kr\u00ed\u017eov\u00e1 alergia na rastliny z \u010de\u013eade astrovit\u00e9 (Asteraceae), srdcov\u00e9 a obli\u010dkov\u00e9 zlyh\u00e1vanie. Nordvital Prostata \u010dajov\u00e1 zmes je potravinov\u00fd v\u00fdrobok, jej u\u017e\u00edvanie nenahr\u00e1dza potrebn\u00fa lek\u00e1rsku lie\u010dbu! Pri precitlivenosti na ktor\u00fako\u013evek zlo\u017eku \u010dajovej zmesi sa u\u017e\u00edvanie neodpor\u00fa\u010da. Ak pravidelne u\u017e\u00edvate lieky alebo podstupujete dlhodob\u00fa lie\u010dbu, pora\u010fte sa pred u\u017e\u00edvan\u00edm so svoj\u00edm lek\u00e1rom alebo lek\u00e1rnikom.<\/p>\n<p data-start=\"1666\" data-end=\"1686\"><strong data-start=\"1666\" data-end=\"1679\">Weight:<\/strong> 90 g<\/p>","protected":false},"excerpt":{"rendered":"<p>Na\u0161a \u010dajov\u00e1 zmes na podporu zdravia prostaty obsahuje vyv\u00e1\u017een\u00fa kombin\u00e1ciu nasleduj\u00facich zlo\u017eiek.Vrbovka malokvet\u00e1 (Epilobii herba) a harman\u010dek lek\u00e1rsky (Matricariae flos \/ Chamomillae anthodium) prispievaj\u00fa k norm\u00e1lnej funkcii prostaty a pom\u00e1haj\u00fa zmierni\u0165 z\u00e1paly.\u017dih\u013eavov\u00fd list (Urticae folium) a brezov\u00fd list (Betulae folium) podporuj\u00fa zdravie mo\u010dov\u00e9ho syst\u00e9mu a pom\u00e1haj\u00fa organizmu pri o\u010dis\u0165ovan\u00ed od \u0161kodliv\u00fdch l\u00e1tok.Kvet ibi\u0161teka sud\u00e1nskeho (Hibisci [&hellip;]<\/p>","protected":false},"featured_media":9807,"comment_status":"open","ping_status":"closed","template":"","meta":{"inline_featured_image":false},"product_brand":[112],"product_cat":[148],"product_tag":[],"class_list":{"0":"post-9230","1":"product","2":"type-product","3":"status-publish","4":"has-post-thumbnail","6":"product_brand-nordvital","7":"product_cat-liecive-rastliny","9":"first","10":"instock","11":"taxable","12":"shipping-taxable","13":"purchasable","14":"product-type-simple"},"aioseo_notices":[],"_links":{"self":[{"href":"https:\/\/www.biokari.sk\/en\/wp-json\/wp\/v2\/product\/9230","targetHints":{"allow":["GET"]}}],"collection":[{"href":"https:\/\/www.biokari.sk\/en\/wp-json\/wp\/v2\/product"}],"about":[{"href":"https:\/\/www.biokari.sk\/en\/wp-json\/wp\/v2\/types\/product"}],"replies":[{"embeddable":true,"href":"https:\/\/www.biokari.sk\/en\/wp-json\/wp\/v2\/comments?post=9230"}],"wp:featuredmedia":[{"embeddable":true,"href":"https:\/\/www.biokari.sk\/en\/wp-json\/wp\/v2\/media\/9807"}],"wp:attachment":[{"href":"https:\/\/www.biokari.sk\/en\/wp-json\/wp\/v2\/media?parent=9230"}],"wp:term":[{"taxonomy":"product_brand","embeddable":true,"href":"https:\/\/www.biokari.sk\/en\/wp-json\/wp\/v2\/product_brand?post=9230"},{"taxonomy":"product_cat","embeddable":true,"href":"https:\/\/www.biokari.sk\/en\/wp-json\/wp\/v2\/product_cat?post=9230"},{"taxonomy":"product_tag","embeddable":true,"href":"https:\/\/www.biokari.sk\/en\/wp-json\/wp\/v2\/product_tag?post=9230"}],"curies":[{"name":"wp","href":"https:\/\/api.w.org\/{rel}","templated":true}]}}