{"id":9232,"date":"2025-07-01T14:37:47","date_gmt":"2025-07-01T12:37:47","guid":{"rendered":"https:\/\/www.biokari.sk\/produkt\/nordvital-kyselina-hialuronova-komplex-kapsuly-30ks\/"},"modified":"2026-04-26T19:01:53","modified_gmt":"2026-04-26T17:01:53","slug":"nordvital-kyselina-hialuronova-komplex-kapsuly-30ks","status":"publish","type":"product","link":"https:\/\/www.biokari.sk\/en\/product\/nordvital-kyselina-hialuronova-komplex-kapsuly-30ks\/","title":{"rendered":"Nordvital Hyaluronic Acid Complex Capsules 30pcs"},"content":{"rendered":"<p data-start=\"260\" data-end=\"617\"><strong data-start=\"260\" data-end=\"308\">Nordvital Kyselina hyalur\u00f3nov\u00e1 Komplex Veg\u00e1n<\/strong> je modern\u00fd v\u00fd\u017eivov\u00fd doplnok, ktor\u00fd obsahuje kyselinu hyalur\u00f3nov\u00fa a starostlivo vybran\u00e9 zlo\u017eky.<br data-start=\"403\" data-end=\"406\" \/>Formula je navrhnut\u00e1 \u0161peci\u00e1lne pre potreby t\u00fdch, ktor\u00ed sa stravuj\u00fa na rastlinnej b\u00e1ze.<br data-start=\"492\" data-end=\"495\" \/>Kyselina hyalur\u00f3nov\u00e1 sa \u010dasto pou\u017e\u00edva v produktoch ur\u010den\u00fdch na doplnenie v\u00fd\u017eivy v oblasti kr\u00e1sy a starostlivosti o ple\u0165.<\/p>\n<p data-start=\"619\" data-end=\"652\"><strong data-start=\"619\" data-end=\"650\">Akt\u00edvne zlo\u017eky v 1 kapsule:<\/strong><\/p>\n<ul data-start=\"653\" data-end=\"798\">\n<li data-start=\"653\" data-end=\"705\">\n<p data-start=\"655\" data-end=\"705\">Kyselina hyalur\u00f3nov\u00e1 (hyaluron\u00e1t sodn\u00fd) \u2013 250 mg<\/p>\n<\/li>\n<li data-start=\"706\" data-end=\"764\">\n<p data-start=\"708\" data-end=\"764\">Vitam\u00edn C (magn\u00e9zium-L-askorb\u00e1t) \u2013 100 mg (125 % RVH*)<\/p>\n<\/li>\n<li data-start=\"765\" data-end=\"798\">\n<p data-start=\"767\" data-end=\"798\">Alfa-lipoov\u00e1 kyselina \u2013 50 mg<\/p>\n<\/li>\n<\/ul>\n<p data-start=\"800\" data-end=\"837\">*RVH = Dietary Reference Value<\/p>\n<p data-start=\"839\" data-end=\"1062\"><strong data-start=\"839\" data-end=\"852\">Composition: <\/strong>hyaluron\u00e1t sodn\u00fd, ry\u017eov\u00e1 m\u00faka, kapsulov\u00e1 \u0161krupina (hydroxypropylmetylcelul\u00f3za), magn\u00e9zium-L-askorb\u00e1t, extrakt z jadier \u010derven\u00e9ho hrozna, alfa-lipoov\u00e1 kyselina, protihrudkuj\u00faca l\u00e1tka (aminokyselina leuc\u00edn).<\/p>\n<p data-start=\"1064\" data-end=\"1222\"><strong data-start=\"1064\" data-end=\"1090\">Recommended dosage: <\/strong>1 kapsula denne, medzi jedlami, zapi\u0165 dostato\u010dn\u00fdm mno\u017estvom tekutiny.<br data-start=\"1162\" data-end=\"1165\" \/>V pr\u00edpade citliv\u00e9ho tr\u00e1venia sa odpor\u00fa\u010da u\u017ei\u0165 po jedle.<\/p>\n<p data-start=\"1224\" data-end=\"1364\"><strong data-start=\"1224\" data-end=\"1240\">Storage: <\/strong>Store in a dry place, protected from direct sunlight, at room temperature. Keep out of the reach of children.<\/p>\n<p data-start=\"1366\" data-end=\"1384\"><strong data-start=\"1366\" data-end=\"1382\">Warning:\u00a0<\/strong>Keep out of reach of children! The recommended daily dose must not be exceeded. The dietary supplement must not be used as a substitute for a varied and balanced diet and a healthy lifestyle. Do not use if you are sensitive or allergic to any of the ingredients in the product.<\/p>\n<p data-start=\"1661\" data-end=\"1685\"><strong data-start=\"1661\" data-end=\"1673\">Quantity:<\/strong> 30pcs<\/p>","protected":false},"excerpt":{"rendered":"<p>Nordvital Kyselina hyalur\u00f3nov\u00e1 Komplex Veg\u00e1n je modern\u00fd v\u00fd\u017eivov\u00fd doplnok, ktor\u00fd obsahuje kyselinu hyalur\u00f3nov\u00fa a starostlivo vybran\u00e9 zlo\u017eky.Formula je navrhnut\u00e1 \u0161peci\u00e1lne pre potreby t\u00fdch, ktor\u00ed sa stravuj\u00fa na rastlinnej b\u00e1ze.Kyselina hyalur\u00f3nov\u00e1 sa \u010dasto pou\u017e\u00edva v produktoch ur\u010den\u00fdch na doplnenie v\u00fd\u017eivy v oblasti kr\u00e1sy a starostlivosti o ple\u0165. Akt\u00edvne zlo\u017eky v 1 kapsule: Kyselina hyalur\u00f3nov\u00e1 (hyaluron\u00e1t sodn\u00fd) [&hellip;]<\/p>","protected":false},"featured_media":9805,"comment_status":"open","ping_status":"closed","template":"","meta":{"inline_featured_image":false},"product_brand":[112],"product_cat":[69,146,145],"product_tag":[],"class_list":{"0":"post-9232","1":"product","2":"type-product","3":"status-publish","4":"has-post-thumbnail","6":"product_brand-nordvital","7":"product_cat-vyzivove-doplnky","8":"product_cat-klby-a-reuma","9":"product_cat-krasa","11":"first","12":"instock","13":"taxable","14":"shipping-taxable","15":"purchasable","16":"product-type-simple"},"aioseo_notices":[],"_links":{"self":[{"href":"https:\/\/www.biokari.sk\/en\/wp-json\/wp\/v2\/product\/9232","targetHints":{"allow":["GET"]}}],"collection":[{"href":"https:\/\/www.biokari.sk\/en\/wp-json\/wp\/v2\/product"}],"about":[{"href":"https:\/\/www.biokari.sk\/en\/wp-json\/wp\/v2\/types\/product"}],"replies":[{"embeddable":true,"href":"https:\/\/www.biokari.sk\/en\/wp-json\/wp\/v2\/comments?post=9232"}],"wp:featuredmedia":[{"embeddable":true,"href":"https:\/\/www.biokari.sk\/en\/wp-json\/wp\/v2\/media\/9805"}],"wp:attachment":[{"href":"https:\/\/www.biokari.sk\/en\/wp-json\/wp\/v2\/media?parent=9232"}],"wp:term":[{"taxonomy":"product_brand","embeddable":true,"href":"https:\/\/www.biokari.sk\/en\/wp-json\/wp\/v2\/product_brand?post=9232"},{"taxonomy":"product_cat","embeddable":true,"href":"https:\/\/www.biokari.sk\/en\/wp-json\/wp\/v2\/product_cat?post=9232"},{"taxonomy":"product_tag","embeddable":true,"href":"https:\/\/www.biokari.sk\/en\/wp-json\/wp\/v2\/product_tag?post=9232"}],"curies":[{"name":"wp","href":"https:\/\/api.w.org\/{rel}","templated":true}]}}