{"id":9235,"date":"2025-07-01T14:37:47","date_gmt":"2025-07-01T12:37:47","guid":{"rendered":"https:\/\/www.biokari.sk\/produkt\/nordvital-papaya-koncentrat-500ml\/"},"modified":"2026-04-25T19:02:14","modified_gmt":"2026-04-25T17:02:14","slug":"nordvital-papaya-koncentrat-500ml","status":"publish","type":"product","link":"https:\/\/www.biokari.sk\/en\/product\/nordvital-papaya-concentrate-500ml\/","title":{"rendered":"Nordvital Papaya concentrate 500ml"},"content":{"rendered":"<p data-start=\"212\" data-end=\"425\"><strong data-start=\"212\" data-end=\"235\">No added sugar<\/strong>, produced by biofermentation, supplemented with natural Noni fruit juice.<br data-start=\"303\" data-end=\"306\" \/>Product <strong data-start=\"314\" data-end=\"340\">contains no artificial flavourings<\/strong>.<br data-start=\"341\" data-end=\"344\" \/>The unique taste is given by the harmonious combination of fermented papaya and Noni fruit.<\/p>\n<p data-start=\"427\" data-end=\"471\"><strong data-start=\"427\" data-end=\"469\">Ingredients (daily dose of 30 ml contains): <\/strong>fermented papaya juice - 25.5 ml, papaya pulp - 2.4 ml, Noni juice (Morinda Citrifolia L.) - 0.3 ml<\/p>\n<p data-start=\"427\" data-end=\"471\"><strong data-start=\"594\" data-end=\"611\">Composition: <\/strong>fermented papaya juice, papaya pulp, purified water, Noni fruit juice (Morinda Citrifolia L.), thickener (xanthan gum), preservative (potassium sorbate).<\/p>\n<p data-start=\"790\" data-end=\"1062\"><strong data-start=\"790\" data-end=\"816\">Recommended dosage: <\/strong>Daily dose: 30 ml (3 tablespoons) divided into 2 parts, preferably before meals, alone or diluted in about 2 dl of water. Shake before use. Recommended duration of use: minimum 50 days (3 bottles), maximum 160 days (10 bottles).<\/p>\n<p data-start=\"1064\" data-end=\"1204\"><strong data-start=\"1064\" data-end=\"1080\">Storage: <\/strong>Store in a dry place, protected from direct sunlight, at room temperature. Keep out of the reach of children.<\/p>\n<p data-start=\"1206\" data-end=\"1224\"><strong data-start=\"1206\" data-end=\"1222\">Warning:\u00a0<\/strong>Keep out of reach of children! The recommended daily dose must not be exceeded. The dietary supplement must not be used as a substitute for a varied and balanced diet and a healthy lifestyle. Do not use if you are sensitive or allergic to any of the ingredients in the product.<\/p>\n<p data-start=\"1501\" data-end=\"1520\"><strong data-start=\"1501\" data-end=\"1511\">Volume:<\/strong> 500 ml<\/p>","protected":false},"excerpt":{"rendered":"<p>Bez pridan\u00e9ho cukru, vyroben\u00fd bioferment\u00e1ciou, doplnen\u00fd o pr\u00edrodn\u00fa \u0161\u0165avu z plodov Noni.V\u00fdrobok neobsahuje umel\u00e9 ar\u00f3my.Jedine\u010dn\u00fa chu\u0165 dod\u00e1va harmonick\u00e1 kombin\u00e1cia fermentovanej pap\u00e1je a ovocia Noni. Zlo\u017eenie (denn\u00e1 d\u00e1vka 30 ml obsahuje): fermentovan\u00e1 pap\u00e1jov\u00e1 \u0161\u0165ava \u2013 25,5 ml, pap\u00e1jov\u00e1 du\u017eina \u2013 2,4 ml, \u0161\u0165ava z Noni (Morinda Citrifolia L.) \u2013 0,3 ml Zlo\u017eenie: fermentovan\u00e1 pap\u00e1jov\u00e1 \u0161\u0165ava, pap\u00e1jov\u00e1 [&hellip;]<\/p>","protected":false},"featured_media":9802,"comment_status":"open","ping_status":"closed","template":"","meta":{"inline_featured_image":false},"product_brand":[112],"product_cat":[69,141,140,143],"product_tag":[],"class_list":{"0":"post-9235","1":"product","2":"type-product","3":"status-publish","4":"has-post-thumbnail","6":"product_brand-nordvital","7":"product_cat-vyzivove-doplnky","8":"product_cat-chudnutie","9":"product_cat-posilnenie-imunity","10":"product_cat-zaludok-a-crevna-cinnost","12":"first","13":"instock","14":"taxable","15":"shipping-taxable","16":"purchasable","17":"product-type-simple"},"aioseo_notices":[],"_links":{"self":[{"href":"https:\/\/www.biokari.sk\/en\/wp-json\/wp\/v2\/product\/9235","targetHints":{"allow":["GET"]}}],"collection":[{"href":"https:\/\/www.biokari.sk\/en\/wp-json\/wp\/v2\/product"}],"about":[{"href":"https:\/\/www.biokari.sk\/en\/wp-json\/wp\/v2\/types\/product"}],"replies":[{"embeddable":true,"href":"https:\/\/www.biokari.sk\/en\/wp-json\/wp\/v2\/comments?post=9235"}],"wp:featuredmedia":[{"embeddable":true,"href":"https:\/\/www.biokari.sk\/en\/wp-json\/wp\/v2\/media\/9802"}],"wp:attachment":[{"href":"https:\/\/www.biokari.sk\/en\/wp-json\/wp\/v2\/media?parent=9235"}],"wp:term":[{"taxonomy":"product_brand","embeddable":true,"href":"https:\/\/www.biokari.sk\/en\/wp-json\/wp\/v2\/product_brand?post=9235"},{"taxonomy":"product_cat","embeddable":true,"href":"https:\/\/www.biokari.sk\/en\/wp-json\/wp\/v2\/product_cat?post=9235"},{"taxonomy":"product_tag","embeddable":true,"href":"https:\/\/www.biokari.sk\/en\/wp-json\/wp\/v2\/product_tag?post=9235"}],"curies":[{"name":"wp","href":"https:\/\/api.w.org\/{rel}","templated":true}]}}