{"id":9245,"date":"2025-07-01T14:37:49","date_gmt":"2025-07-01T12:37:49","guid":{"rendered":"https:\/\/www.biokari.sk\/produkt\/nordvital-susena-srvatka-500g\/"},"modified":"2026-03-05T18:01:18","modified_gmt":"2026-03-05T17:01:18","slug":"nordvital-susena-srvatka-500g","status":"publish","type":"product","link":"https:\/\/www.biokari.sk\/en\/product\/nordvital-susena-srvatka-500g\/","title":{"rendered":"Nordvital Dried whey 500g"},"content":{"rendered":"<p data-start=\"78\" data-end=\"447\"><strong data-start=\"78\" data-end=\"112\">High quality protein source<\/strong> - Volactive whey isolate ensures efficient and rapid absorption of nutrients for muscles. Thanks to transverse micro- and ultrafiltration, it contains pure and high-value proteins. The gluten-free formula is an ideal choice for those following a gluten-free diet. The convenient 500 g pack allows easy dosing for daily use.<\/p>\n<p data-start=\"449\" data-end=\"572\"><strong data-start=\"449\" data-end=\"473\">Recommended use: <\/strong>Enjoy <strong data-start=\"482\" data-end=\"500\">1 dose (25 g)<\/strong> whey isolate mixed in <strong data-start=\"534\" data-end=\"569\">200 ml of water or other liquid<\/strong>. On workout days. On non-training days: at any time of the day.<\/p>\n<p data-start=\"660\" data-end=\"797\"><strong data-start=\"660\" data-end=\"673\">Composition: <\/strong>100 % Volactive whey isolate produced by transverse micro- and ultrafiltration (milk), emulsifier (sunflower lecithin).<\/p>\n<p data-start=\"799\" data-end=\"879\"><strong data-start=\"799\" data-end=\"826\">Warning: <\/strong>May contain traces of peanuts, nuts and sesame.<\/p>\n<p data-start=\"881\" data-end=\"931\"><strong data-start=\"881\" data-end=\"897\">Storage: <\/strong>Keep dry and cool.<\/p>\n<p data-start=\"933\" data-end=\"954\"><strong data-start=\"933\" data-end=\"946\">Weight:<\/strong> 500 g<\/p>\n<hr data-start=\"956\" data-end=\"959\" \/>","protected":false},"excerpt":{"rendered":"<p>Vysokokvalitn\u00fd zdroj bielkov\u00edn \u2013 Volactive srv\u00e1tkov\u00fd izol\u00e1t zabezpe\u010duje \u00fa\u010dinn\u00e9 a r\u00fdchle vstreb\u00e1vanie \u017eiv\u00edn pre svaly. V\u010faka prie\u010dnej mikro- a ultrafiltr\u00e1cii obsahuje \u010dist\u00e9 a vysokohodnotn\u00e9 bielkoviny. Bezlepkov\u00e1 formula je ide\u00e1lnou vo\u013ebou pre t\u00fdch, ktor\u00ed dodr\u017eiavaj\u00fa bezlepkov\u00fa di\u00e9tu. Praktick\u00e9 500 g balenie umo\u017e\u0148uje jednoduch\u00e9 d\u00e1vkovanie na ka\u017edodenn\u00e9 pou\u017eitie. Odpor\u00fa\u010dan\u00e9 pou\u017eitie: U\u017eite 1 d\u00e1vku (25 g) srv\u00e1tkov\u00e9ho izol\u00e1tu [&hellip;]<\/p>","protected":false},"featured_media":9791,"comment_status":"open","ping_status":"closed","template":"","meta":{"inline_featured_image":false},"product_brand":[112],"product_cat":[69,141,145,71],"product_tag":[],"class_list":{"0":"post-9245","1":"product","2":"type-product","3":"status-publish","4":"has-post-thumbnail","6":"product_brand-nordvital","7":"product_cat-vyzivove-doplnky","8":"product_cat-chudnutie","9":"product_cat-krasa","10":"product_cat-potraviny","12":"first","13":"instock","14":"taxable","15":"shipping-taxable","16":"purchasable","17":"product-type-simple"},"aioseo_notices":[],"_links":{"self":[{"href":"https:\/\/www.biokari.sk\/en\/wp-json\/wp\/v2\/product\/9245","targetHints":{"allow":["GET"]}}],"collection":[{"href":"https:\/\/www.biokari.sk\/en\/wp-json\/wp\/v2\/product"}],"about":[{"href":"https:\/\/www.biokari.sk\/en\/wp-json\/wp\/v2\/types\/product"}],"replies":[{"embeddable":true,"href":"https:\/\/www.biokari.sk\/en\/wp-json\/wp\/v2\/comments?post=9245"}],"wp:featuredmedia":[{"embeddable":true,"href":"https:\/\/www.biokari.sk\/en\/wp-json\/wp\/v2\/media\/9791"}],"wp:attachment":[{"href":"https:\/\/www.biokari.sk\/en\/wp-json\/wp\/v2\/media?parent=9245"}],"wp:term":[{"taxonomy":"product_brand","embeddable":true,"href":"https:\/\/www.biokari.sk\/en\/wp-json\/wp\/v2\/product_brand?post=9245"},{"taxonomy":"product_cat","embeddable":true,"href":"https:\/\/www.biokari.sk\/en\/wp-json\/wp\/v2\/product_cat?post=9245"},{"taxonomy":"product_tag","embeddable":true,"href":"https:\/\/www.biokari.sk\/en\/wp-json\/wp\/v2\/product_tag?post=9245"}],"curies":[{"name":"wp","href":"https:\/\/api.w.org\/{rel}","templated":true}]}}