{"id":9247,"date":"2025-07-01T14:37:49","date_gmt":"2025-07-01T12:37:49","guid":{"rendered":"https:\/\/www.biokari.sk\/produkt\/nordvital-k2d3-forte-kvapky-30ml\/"},"modified":"2026-04-13T19:01:56","modified_gmt":"2026-04-13T17:01:56","slug":"nordvital-k2d3-forte-kvapky-30ml","status":"publish","type":"product","link":"https:\/\/www.biokari.sk\/en\/product\/nordvital-k2d3-forte-drops-30ml\/","title":{"rendered":"Nordvital K2+D3 FORTE drops 30ml"},"content":{"rendered":"<p data-start=\"88\" data-end=\"133\">Our vitamins D3 and K2 are dissolved in MCT oil sourced from certified sustainable (RSPO, \"orangutan friendly\") coconut and palm oil. Vitamin K2 is exclusively in the form of the MK-7 trans-isomer, obtained by fermentation from natto. This formula is intended for conscious consumers as a supplement to their daily diet.<\/p>\n<p data-start=\"88\" data-end=\"133\"><strong data-start=\"88\" data-end=\"131\">Composition (in a daily dose - 15 drops):<\/strong><\/p>\n<ul data-start=\"134\" data-end=\"399\">\n<li data-start=\"134\" data-end=\"185\">\n<p data-start=\"136\" data-end=\"185\">Vitamin D3 (cholecalciferol) - 100 \u03bcg = 4000 IU<\/p>\n<\/li>\n<li data-start=\"186\" data-end=\"230\">\n<p data-start=\"188\" data-end=\"230\">Vitamin K2 (menaquinone-7, MK-7) - 100 \u03bcg<\/p>\n<\/li>\n<li data-start=\"231\" data-end=\"399\">\n<p data-start=\"233\" data-end=\"399\">MCT oil (from certified RSPO palm and coconut oil), menaquinone-7 (vitamin K2), cholecalciferol (vitamin D3), antioxidant (natural mixed tocopherols).<\/p>\n<\/li>\n<\/ul>\n<p data-start=\"401\" data-end=\"690\"><strong data-start=\"401\" data-end=\"427\">Recommended dosage: <\/strong>Adults are recommended to take <strong data-start=\"458\" data-end=\"478\">15 drops daily<\/strong>, drip directly into the mouth or add to food. Do not drip into liquids! Best taken in the morning, with the first meal. The pipette must not touch the tongue when dripping into the mouth, as the product does not contain preservatives.<\/p>\n<p data-start=\"692\" data-end=\"710\"><strong data-start=\"692\" data-end=\"708\">Warning: <\/strong>Store in a dry place, protected from sunlight, at room temperature and out of reach of children. Do not exceed the recommended daily dose! This dietary supplement is not a substitute for a varied and balanced diet and a healthy lifestyle. Do not take the product if you are allergic or hypersensitive to any of the ingredients.<\/p>\n<p data-start=\"1038\" data-end=\"1390\">","protected":false},"excerpt":{"rendered":"<p>Na\u0161e vitam\u00edny D3 a K2 s\u00fa rozpusten\u00e9 v MCT oleji poch\u00e1dzaj\u00facom z certifikovan\u00e9ho udr\u017eate\u013en\u00e9ho hospod\u00e1rstva (RSPO, \u201epriate\u013esk\u00e9 k orangutanom\u201c), z kokosu a palmy. Vitam\u00edn K2 je v\u00fdhradne vo forme MK-7 trans-izom\u00e9ru, z\u00edskan\u00fd ferment\u00e1ciou z natto. T\u00e1to formula je ur\u010den\u00e1 pre vedom\u00fdch spotrebite\u013eov ako doplnok ka\u017edodennej stravy. Zlo\u017eenie (v dennej d\u00e1vke \u2013 15 kvapiek): Vitam\u00edn D3 [&hellip;]<\/p>","protected":false},"featured_media":9790,"comment_status":"open","ping_status":"closed","template":"","meta":{"inline_featured_image":false},"product_brand":[112],"product_cat":[69,146,140,142],"product_tag":[],"class_list":{"0":"post-9247","1":"product","2":"type-product","3":"status-publish","4":"has-post-thumbnail","6":"product_brand-nordvital","7":"product_cat-vyzivove-doplnky","8":"product_cat-klby-a-reuma","9":"product_cat-posilnenie-imunity","10":"product_cat-srdcovo-cievny-system","12":"first","13":"instock","14":"taxable","15":"shipping-taxable","16":"purchasable","17":"product-type-simple"},"aioseo_notices":[],"_links":{"self":[{"href":"https:\/\/www.biokari.sk\/en\/wp-json\/wp\/v2\/product\/9247","targetHints":{"allow":["GET"]}}],"collection":[{"href":"https:\/\/www.biokari.sk\/en\/wp-json\/wp\/v2\/product"}],"about":[{"href":"https:\/\/www.biokari.sk\/en\/wp-json\/wp\/v2\/types\/product"}],"replies":[{"embeddable":true,"href":"https:\/\/www.biokari.sk\/en\/wp-json\/wp\/v2\/comments?post=9247"}],"wp:featuredmedia":[{"embeddable":true,"href":"https:\/\/www.biokari.sk\/en\/wp-json\/wp\/v2\/media\/9790"}],"wp:attachment":[{"href":"https:\/\/www.biokari.sk\/en\/wp-json\/wp\/v2\/media?parent=9247"}],"wp:term":[{"taxonomy":"product_brand","embeddable":true,"href":"https:\/\/www.biokari.sk\/en\/wp-json\/wp\/v2\/product_brand?post=9247"},{"taxonomy":"product_cat","embeddable":true,"href":"https:\/\/www.biokari.sk\/en\/wp-json\/wp\/v2\/product_cat?post=9247"},{"taxonomy":"product_tag","embeddable":true,"href":"https:\/\/www.biokari.sk\/en\/wp-json\/wp\/v2\/product_tag?post=9247"}],"curies":[{"name":"wp","href":"https:\/\/api.w.org\/{rel}","templated":true}]}}