{"id":9253,"date":"2025-07-01T14:37:50","date_gmt":"2025-07-01T12:37:50","guid":{"rendered":"https:\/\/www.biokari.sk\/produkt\/nordvital-kapsuly-na-klby-60ks\/"},"modified":"2026-05-02T19:01:07","modified_gmt":"2026-05-02T17:01:07","slug":"nordvital-kapsuly-na-klby-60ks","status":"publish","type":"product","link":"https:\/\/www.biokari.sk\/en\/product\/nordvital-kapsuly-na-klby-60ks\/","title":{"rendered":"Nordvital capsules for swearing 60pcs"},"content":{"rendered":"<p data-start=\"98\" data-end=\"582\"><strong data-start=\"98\" data-end=\"165\">V\u00fd\u017eivov\u00fd doplnok vo forme kaps\u00fal \u2013 komplex pre k\u013aby a chrupavky<\/strong> s vybran\u00fdmi rastlinn\u00fdmi extraktmi a mikronutrientmi.<br data-start=\"218\" data-end=\"221\" \/>Vo formul\u00e1cii sa nach\u00e1dza <strong data-start=\"247\" data-end=\"261\">Boswellin\u00ae<\/strong>, <strong data-start=\"263\" data-end=\"274\">kurkuma<\/strong>, <strong data-start=\"276\" data-end=\"294\">\u010dierne korenie<\/strong>, ako aj <strong data-start=\"303\" data-end=\"316\">vitamin C<\/strong> a <strong data-start=\"319\" data-end=\"329\">Manganese<\/strong>.<br data-start=\"330\" data-end=\"333\" \/>Vitam\u00edn C a mang\u00e1n s\u00fa d\u00f4le\u017eit\u00e9 mikronutrienty pre organizmus, zatia\u013e \u010do kurkuma a Boswellin\u00ae sa tradi\u010dne sp\u00e1jali s obdob\u00edm zv\u00fd\u0161enej fyzickej aktivity. Kapsuly sa v\u00fdborne hodia ako doplnok pestrej a vyv\u00e1\u017eenej stravy, aj pri akt\u00edvnom \u017eivotnom \u0161t\u00fdle.<\/p>\n<p data-start=\"589\" data-end=\"633\"><strong data-start=\"589\" data-end=\"631\">Zlo\u017eenie (v dennej d\u00e1vke \u2013 2 kapsuly):<\/strong><\/p>\n<ul data-start=\"634\" data-end=\"1048\">\n<li data-start=\"634\" data-end=\"656\">\n<p data-start=\"636\" data-end=\"656\">Vitam\u00edn C \u2013 100 mg<\/p>\n<\/li>\n<li data-start=\"657\" data-end=\"674\">\n<p data-start=\"659\" data-end=\"674\">Mang\u00e1n \u2013 3 mg<\/p>\n<\/li>\n<li data-start=\"675\" data-end=\"709\">\n<p data-start=\"677\" data-end=\"709\">Vaje\u010dn\u00e1 membr\u00e1na ESM\u00ae \u2013 500 mg<\/p>\n<\/li>\n<li data-start=\"710\" data-end=\"741\">\n<p data-start=\"712\" data-end=\"741\">Chondroit\u00edn sulf\u00e1t \u2013 400 mg<\/p>\n<\/li>\n<li data-start=\"742\" data-end=\"779\">\n<p data-start=\"744\" data-end=\"779\">Metylsulfonylmet\u00e1n (MSM) \u2013 200 mg<\/p>\n<\/li>\n<li data-start=\"780\" data-end=\"861\">\n<p data-start=\"782\" data-end=\"861\">Extrakt z kadidlovn\u00edka (Boswellia serrata, 65 % kyselina boswellov\u00e1) \u2013 100 mg<\/p>\n<\/li>\n<li data-start=\"862\" data-end=\"913\">\n<p data-start=\"864\" data-end=\"913\">Extrakt z kurkumy (95 % kurkuminoidov) \u2013 100 mg<\/p>\n<\/li>\n<li data-start=\"914\" data-end=\"970\">\n<p data-start=\"916\" data-end=\"970\">Hor\u010d\u00edk (z hor\u010d\u00edkov\u00e9ho bisglycin\u00e1tu, 10 % Mg) \u2013 50 mg<\/p>\n<\/li>\n<li data-start=\"971\" data-end=\"1048\">\n<p data-start=\"973\" data-end=\"1048\">BioPerine\u00ae (extrakt z \u010dierneho korenia [Piper nigrum], 95 % piper\u00edn) \u2013 3 mg<\/p>\n<\/li>\n<\/ul>\n<p data-start=\"1055\" data-end=\"1369\"><strong data-start=\"1055\" data-end=\"1076\">Capsule composition: <\/strong>ESM\u00ae pr\u00e1\u0161ok z vaje\u010dnej membr\u00e1ny, chondroit\u00edn sulf\u00e1t, hydroxypropylmetylcelul\u00f3za (veg\u00e1nske kapsuly), metylsulfonylmet\u00e1n, hor\u010d\u00edkov\u00fd L-askorb\u00e1t, extrakt z kadidlovn\u00edka, extrakt z kore\u0148a kurkumy, protihrudkuj\u00faca l\u00e1tka: leuc\u00edn, mang\u00e1n bisglycin\u00e1t, BioPerine\u00ae (extrakt z plodov \u010dierneho korenia).<\/p>\n<p data-start=\"1376\" data-end=\"1437\"><strong data-start=\"1376\" data-end=\"1402\">Recommended dosage: <\/strong>2 kapsuly denne, spolu s jedlom.<\/p>\n<p data-start=\"1439\" data-end=\"1576\"><strong data-start=\"1439\" data-end=\"1455\">Storage: <\/strong>Skladujte na suchom mieste, chr\u00e1\u0148te pred priamym slne\u010dn\u00fdm \u017eiaren\u00edm, pri izbovej teplote. Uchov\u00e1vajte mimo dosahu det\u00ed.<\/p>\n<p data-start=\"1583\" data-end=\"1796\"><strong data-start=\"1583\" data-end=\"1599\">Warning: <\/strong>V\u00fd\u017eivov\u00fd doplnok nie je n\u00e1hradou pestrej, vyv\u00e1\u017eenej a zdravej stravy. Neprekra\u010dujte odpor\u00fa\u010dan\u00fa denn\u00fa d\u00e1vku!<br data-start=\"1709\" data-end=\"1712\" \/>Neu\u017e\u00edvajte pr\u00edpravok, ak ste alergick\u00fd alebo precitliven\u00fd na ktor\u00fako\u013evek zo zlo\u017eiek.<\/p>\n<p data-start=\"1583\" data-end=\"1796\"><strong>Quantity:\u00a0<\/strong>60pcs<\/p>","protected":false},"excerpt":{"rendered":"<p>V\u00fd\u017eivov\u00fd doplnok vo forme kaps\u00fal \u2013 komplex pre k\u013aby a chrupavky s vybran\u00fdmi rastlinn\u00fdmi extraktmi a mikronutrientmi.Vo formul\u00e1cii sa nach\u00e1dza Boswellin\u00ae, kurkuma, \u010dierne korenie, ako aj vitam\u00edn C a mang\u00e1n.Vitam\u00edn C a mang\u00e1n s\u00fa d\u00f4le\u017eit\u00e9 mikronutrienty pre organizmus, zatia\u013e \u010do kurkuma a Boswellin\u00ae sa tradi\u010dne sp\u00e1jali s obdob\u00edm zv\u00fd\u0161enej fyzickej aktivity. Kapsuly sa v\u00fdborne hodia [&hellip;]<\/p>","protected":false},"featured_media":9784,"comment_status":"open","ping_status":"closed","template":"","meta":{"inline_featured_image":false},"product_brand":[112],"product_cat":[69,146],"product_tag":[],"class_list":{"0":"post-9253","1":"product","2":"type-product","3":"status-publish","4":"has-post-thumbnail","6":"product_brand-nordvital","7":"product_cat-vyzivove-doplnky","8":"product_cat-klby-a-reuma","10":"first","11":"instock","12":"taxable","13":"shipping-taxable","14":"purchasable","15":"product-type-simple"},"aioseo_notices":[],"_links":{"self":[{"href":"https:\/\/www.biokari.sk\/en\/wp-json\/wp\/v2\/product\/9253","targetHints":{"allow":["GET"]}}],"collection":[{"href":"https:\/\/www.biokari.sk\/en\/wp-json\/wp\/v2\/product"}],"about":[{"href":"https:\/\/www.biokari.sk\/en\/wp-json\/wp\/v2\/types\/product"}],"replies":[{"embeddable":true,"href":"https:\/\/www.biokari.sk\/en\/wp-json\/wp\/v2\/comments?post=9253"}],"wp:featuredmedia":[{"embeddable":true,"href":"https:\/\/www.biokari.sk\/en\/wp-json\/wp\/v2\/media\/9784"}],"wp:attachment":[{"href":"https:\/\/www.biokari.sk\/en\/wp-json\/wp\/v2\/media?parent=9253"}],"wp:term":[{"taxonomy":"product_brand","embeddable":true,"href":"https:\/\/www.biokari.sk\/en\/wp-json\/wp\/v2\/product_brand?post=9253"},{"taxonomy":"product_cat","embeddable":true,"href":"https:\/\/www.biokari.sk\/en\/wp-json\/wp\/v2\/product_cat?post=9253"},{"taxonomy":"product_tag","embeddable":true,"href":"https:\/\/www.biokari.sk\/en\/wp-json\/wp\/v2\/product_tag?post=9253"}],"curies":[{"name":"wp","href":"https:\/\/api.w.org\/{rel}","templated":true}]}}