{"id":9255,"date":"2025-07-01T14:37:50","date_gmt":"2025-07-01T12:37:50","guid":{"rendered":"https:\/\/www.biokari.sk\/produkt\/nordvital-kapsuly-na-prostatu-60ks\/"},"modified":"2026-04-29T19:03:15","modified_gmt":"2026-04-29T17:03:15","slug":"nordvital-kapsuly-na-prostatu-60ks","status":"publish","type":"product","link":"https:\/\/www.biokari.sk\/en\/product\/nordvital-kapsuly-na-prostatu-60ks\/","title":{"rendered":"Nordvital Prostate Capsules 60pcs"},"content":{"rendered":"<p data-start=\"44\" data-end=\"434\">Pr\u00edpravok obsahuje <strong data-start=\"63\" data-end=\"80\">sel\u00e9n a zinok<\/strong>, ktor\u00e9 s\u00fa d\u00f4le\u017eit\u00e9 mikronutrienty pre organizmus.<br data-start=\"130\" data-end=\"133\" \/>Vo formul\u00e1cii sa nach\u00e1dza aj <strong data-start=\"162\" data-end=\"198\">p\u00edlkovit\u00e1 palma (Serenoa repens)<\/strong> a <strong data-start=\"201\" data-end=\"222\" data-is-only-node=\"\">v\u0155bovka malokvet\u00e1<\/strong> \u2013 rastlinn\u00e9 zlo\u017eky, ktor\u00e9 sa v tradi\u010dnom pou\u017eit\u00ed \u010dasto sp\u00e1jali s v\u00fd\u017eivov\u00fdmi doplnkami ur\u010den\u00fdmi pre mu\u017eov.<br data-start=\"328\" data-end=\"331\" \/>V\u00fdrobok sa m\u00f4\u017ee dobre zaradi\u0165 do ka\u017edodenn\u00e9ho jed\u00e1lni\u010dka t\u00fdch, ktor\u00ed vedome dbaj\u00fa na svoj \u017eivotn\u00fd \u0161t\u00fdl.<\/p>\n\n\n<p><strong>Nutritional values per daily dose:<\/strong><br><strong>Zinok (z bisglycin\u00e1tu zino\u010dnat\u00e9ho)<\/strong> 10 mg<br><strong>Sel\u00e9n (z kvasn\u00edc obohaten\u00fdch o sel\u00e9n)<\/strong> 50 \u00b5g<br><strong>Lykop\u00e9n<\/strong> 3 mg<br><strong>Extrakt z plodov Serenoa repens (p\u00edlkovit\u00e1 palma)<\/strong> 320 mg (4:1 extrakt, zodpoved\u00e1 1280 mg plodov p\u00edlkovitej palmy)<br><strong>Extrakt z v\u0155bovky malokvetej<\/strong> 120 mg<br>(4:1 extrakt, zodpoved\u00e1 480 mg v\u0155bovky)<br><strong>Extrakt zo \u017eih\u013eavy dvojdomej (Urtica dioica)<\/strong> 120 mg (4:1 extrakt, zodpoved\u00e1 480 mg \u017eih\u013eavy)<br><strong>Extrakt z tekvicov\u00fdch semien (Cucurbita pepo)<\/strong> 100 mg (4:1 extrakt, zodpoved\u00e1 400 mg semien tekvice)<br><strong>Extrakt z gran\u00e1tov\u00e9ho jablka (Punica granatum L)<\/strong> 50 mg (4:1 extrakt, zodpoved\u00e1 200 mg gran\u00e1tov\u00e9ho jablka)<\/p>\n\n\n\n<p><strong>Composition:<\/strong> extrakt z plodov p\u00edlkovitej palmy, hydroxypropylmetylcelul\u00f3za (veg\u00e1nske kapsuly), extrakt z listov \u017eih\u013eavy, extrakt z nadzemn\u00fdch \u010dast\u00ed v\u0155bovky, extrakt zo semien tekvice, extrakt zo \u0161upky gran\u00e1tov\u00e9ho jablka, protihrudkuj\u00faca l\u00e1tka: leuc\u00edn, zinok vo forme bisglycin\u00e1tu, lykop\u00e9n, sel\u00e9n z obohaten\u00fdch kvasn\u00edc.<\/p>\n\n\n\n<p><strong>Recommended dosage:<\/strong> 1 capsule daily.<br><strong>Storage:<\/strong> Skladujte na suchom mieste, chr\u00e1\u0148te pred priamym slne\u010dn\u00fdm \u017eiaren\u00edm, pri izbovej teplote, mimo dosahu det\u00ed.<\/p>\n\n\n\n<p><strong>Warning:<\/strong> Uchov\u00e1vajte mimo dosahu det\u00ed! Neprekra\u010dujte odpor\u00fa\u010dan\u00fa denn\u00fa d\u00e1vku! V\u00fd\u017eivov\u00fd doplnok nie je n\u00e1hradou pestrej, vyv\u00e1\u017eenej stravy a zdrav\u00e9ho \u017eivotn\u00e9ho \u0161t\u00fdlu.<\/p>\n\n\n\n<p><strong>Quantity: <\/strong>60pcs<\/p>\n\n\n\n<p><\/p>","protected":false},"excerpt":{"rendered":"<p>Pr\u00edpravok obsahuje sel\u00e9n a zinok, ktor\u00e9 s\u00fa d\u00f4le\u017eit\u00e9 mikronutrienty pre organizmus.Vo formul\u00e1cii sa nach\u00e1dza aj p\u00edlkovit\u00e1 palma (Serenoa repens) a v\u0155bovka malokvet\u00e1 \u2013 rastlinn\u00e9 zlo\u017eky, ktor\u00e9 sa v tradi\u010dnom pou\u017eit\u00ed \u010dasto sp\u00e1jali s v\u00fd\u017eivov\u00fdmi doplnkami ur\u010den\u00fdmi pre mu\u017eov.V\u00fdrobok sa m\u00f4\u017ee dobre zaradi\u0165 do ka\u017edodenn\u00e9ho jed\u00e1lni\u010dka t\u00fdch, ktor\u00ed vedome dbaj\u00fa na svoj \u017eivotn\u00fd \u0161t\u00fdl. Nutri\u010dn\u00e9 hodnoty [&hellip;]<\/p>","protected":false},"featured_media":9781,"comment_status":"open","ping_status":"closed","template":"","meta":{"inline_featured_image":false},"product_brand":[112],"product_cat":[69],"product_tag":[],"class_list":{"0":"post-9255","1":"product","2":"type-product","3":"status-publish","4":"has-post-thumbnail","6":"product_brand-nordvital","7":"product_cat-vyzivove-doplnky","9":"first","10":"instock","11":"taxable","12":"shipping-taxable","13":"purchasable","14":"product-type-simple"},"aioseo_notices":[],"_links":{"self":[{"href":"https:\/\/www.biokari.sk\/en\/wp-json\/wp\/v2\/product\/9255","targetHints":{"allow":["GET"]}}],"collection":[{"href":"https:\/\/www.biokari.sk\/en\/wp-json\/wp\/v2\/product"}],"about":[{"href":"https:\/\/www.biokari.sk\/en\/wp-json\/wp\/v2\/types\/product"}],"replies":[{"embeddable":true,"href":"https:\/\/www.biokari.sk\/en\/wp-json\/wp\/v2\/comments?post=9255"}],"wp:featuredmedia":[{"embeddable":true,"href":"https:\/\/www.biokari.sk\/en\/wp-json\/wp\/v2\/media\/9781"}],"wp:attachment":[{"href":"https:\/\/www.biokari.sk\/en\/wp-json\/wp\/v2\/media?parent=9255"}],"wp:term":[{"taxonomy":"product_brand","embeddable":true,"href":"https:\/\/www.biokari.sk\/en\/wp-json\/wp\/v2\/product_brand?post=9255"},{"taxonomy":"product_cat","embeddable":true,"href":"https:\/\/www.biokari.sk\/en\/wp-json\/wp\/v2\/product_cat?post=9255"},{"taxonomy":"product_tag","embeddable":true,"href":"https:\/\/www.biokari.sk\/en\/wp-json\/wp\/v2\/product_tag?post=9255"}],"curies":[{"name":"wp","href":"https:\/\/api.w.org\/{rel}","templated":true}]}}