{"id":9262,"date":"2025-07-01T14:37:52","date_gmt":"2025-07-01T12:37:52","guid":{"rendered":"https:\/\/www.biokari.sk\/produkt\/nordvital-cajova-zmes-na-reflux-90g\/"},"modified":"2026-01-27T08:41:55","modified_gmt":"2026-01-27T07:41:55","slug":"nordvital-cajova-zmes-na-reflux-90g","status":"publish","type":"product","link":"https:\/\/www.biokari.sk\/en\/product\/nordvital-tea-mixture-for-reflux-90g\/","title":{"rendered":"Nordvital Reflux Tea Blend 90g"},"content":{"rendered":"<p data-start=\"32\" data-end=\"300\">Tata tea blend contains calendula, fennel, peppermint and anise - herbs that have often been used in traditional use in connection with digestion. Its pleasant, harmonious taste makes it an ideal choice for those who want to enrich their diet with natural ingredients.<\/p>\n<p data-start=\"302\" data-end=\"565\"><strong data-start=\"302\" data-end=\"315\">Composition: <\/strong>Peppermint - leaf (Menthae piperitae folium), Chamomile - flower (Matricariae flos \/ Chamomillae anthodium), Lemon balm - leaf (Melissae folium), Dandelion - scent (Origani vulgaris herba), Caraway - fruit (Carvi fructus)<\/p>\n<p data-start=\"567\" data-end=\"727\"><strong data-start=\"567\" data-end=\"589\">Instructions for use: <\/strong>Pour 2 teaspoons of the mixture over 2.5 dl of boiling water, cover and leave to infuse for 10 minutes. Recommended daily dose: 2-3 cups, before meals.<\/p>\n<p data-start=\"729\" data-end=\"826\"><strong data-start=\"729\" data-end=\"749\">Contraindications: <\/strong>Cross-allergy to plants of the astro family, pregnancy, breastfeeding.<\/p>\n<p data-start=\"828\" data-end=\"1176\">NORDVITAL Gastro-Plus tea mixture is a food product, its use does not replace the necessary medical treatment! In case of hypersensitivity to any component of the tea mixture, its consumption is not recommended. If you are taking regular medication or are under long-term medical care, please consult your doctor or pharmacist before use.<\/p>\n\n\n<p><strong>Weight:<\/strong> 90g<br>Store in a dry place.<br><strong>Minimum shelf life to:<\/strong> see the packaging.<\/p>","protected":false},"excerpt":{"rendered":"<p>T\u00e1ta \u010dajov\u00e1 zmes obsahuje necht\u00edk, fenikel, m\u00e4tu pieporn\u00fa a an\u00edz \u2013 bylinky, ktor\u00e9 sa v tradi\u010dnom pou\u017e\u00edvan\u00ed \u010dasto vyu\u017e\u00edvali v s\u00favislosti s tr\u00e1ven\u00edm. V\u010faka pr\u00edjemnej, harmonickej chuti je ide\u00e1lnou vo\u013ebou pre t\u00fdch, ktor\u00ed chc\u00fa svoj jed\u00e1lni\u010dek obohati\u0165 o pr\u00edrodn\u00e9 zlo\u017eky. Zlo\u017eenie: M\u00e4ta pieporn\u00e1 \u2013 list (Menthae piperitae folium), Harman\u010dek prav\u00fd \u2013 kvet (Matricariae flos \/ [&hellip;]<\/p>","protected":false},"featured_media":9775,"comment_status":"open","ping_status":"closed","template":"","meta":{"inline_featured_image":false},"product_brand":[112],"product_cat":[148,152],"product_tag":[310],"class_list":{"0":"post-9262","1":"product","2":"type-product","3":"status-publish","4":"has-post-thumbnail","6":"product_brand-nordvital","7":"product_cat-liecive-rastliny","8":"product_cat-zaludok-a-crevna-cinnost-liecive-rastliny","9":"product_tag-top-liecive-rastliny","11":"first","12":"onbackorder","13":"taxable","14":"shipping-taxable","15":"purchasable","16":"product-type-simple"},"aioseo_notices":[],"_links":{"self":[{"href":"https:\/\/www.biokari.sk\/en\/wp-json\/wp\/v2\/product\/9262","targetHints":{"allow":["GET"]}}],"collection":[{"href":"https:\/\/www.biokari.sk\/en\/wp-json\/wp\/v2\/product"}],"about":[{"href":"https:\/\/www.biokari.sk\/en\/wp-json\/wp\/v2\/types\/product"}],"replies":[{"embeddable":true,"href":"https:\/\/www.biokari.sk\/en\/wp-json\/wp\/v2\/comments?post=9262"}],"wp:featuredmedia":[{"embeddable":true,"href":"https:\/\/www.biokari.sk\/en\/wp-json\/wp\/v2\/media\/9775"}],"wp:attachment":[{"href":"https:\/\/www.biokari.sk\/en\/wp-json\/wp\/v2\/media?parent=9262"}],"wp:term":[{"taxonomy":"product_brand","embeddable":true,"href":"https:\/\/www.biokari.sk\/en\/wp-json\/wp\/v2\/product_brand?post=9262"},{"taxonomy":"product_cat","embeddable":true,"href":"https:\/\/www.biokari.sk\/en\/wp-json\/wp\/v2\/product_cat?post=9262"},{"taxonomy":"product_tag","embeddable":true,"href":"https:\/\/www.biokari.sk\/en\/wp-json\/wp\/v2\/product_tag?post=9262"}],"curies":[{"name":"wp","href":"https:\/\/api.w.org\/{rel}","templated":true}]}}