{"id":9264,"date":"2025-07-01T14:37:52","date_gmt":"2025-07-01T12:37:52","guid":{"rendered":"https:\/\/www.biokari.sk\/produkt\/nordvital-cajova-zmes-na-klimax-90g\/"},"modified":"2026-01-27T08:41:55","modified_gmt":"2026-01-27T07:41:55","slug":"nordvital-cajova-zmes-na-klimax-90g","status":"publish","type":"product","link":"https:\/\/www.biokari.sk\/en\/product\/nordvital-tea-mixture-for-climacteric-90g\/","title":{"rendered":"Nordvital Tea blend for climacteric 90g"},"content":{"rendered":"<p data-start=\"32\" data-end=\"268\">This evening tea blend contains herbs such as rose hips and meadow clover, which were often used in traditional use during the climacteric period. The delicate flavour can evoke the peaceful atmosphere of the evening hours and help with relaxation after a long day.<\/p>\n<p data-start=\"270\" data-end=\"505\"><strong data-start=\"270\" data-end=\"283\">Composition: <\/strong>Meadow clover - flower (Trifolii pratensis flos), Hyssop - scent (Hyssopi herba), Lemon balm - leaf (Melissae folium), Sage - leaf (Salviae folium), Rosehip - fruit (Rosae \/ Cynosbati pseudofructus)<\/p>\n<p data-start=\"507\" data-end=\"688\"><strong data-start=\"507\" data-end=\"529\">Instructions for use: <\/strong>Pour 2 teaspoons of the mixture over 2.5 dl of boiling water, cover and leave to infuse for 15 minutes. Recommended daily dose: 2-3 cups, for a maximum of 6 weeks as part of the treatment.<\/p>\n<p data-start=\"690\" data-end=\"843\"><strong data-start=\"690\" data-end=\"710\">Contraindications: <\/strong>Pregnancy, breastfeeding, hormonally sensitive conditions (e.g. estrogen-dependent breast, uterine, ovarian tumors, endometriosis).<\/p>\n<p data-start=\"845\" data-end=\"1205\">NORDVITAL tea mixture for menopause is a food product, its use does not replace the necessary medical treatment! In case of hypersensitivity to any component of the tea mixture, its consumption is not recommended. If you are taking regular medication or are under long-term medical care, please consult your doctor or pharmacist before use.<\/p>\n<p data-start=\"845\" data-end=\"1205\"><strong>Weight:<\/strong> 90g<br \/>\nStore in a dry place.<br \/>\n<strong>Minimum shelf life to:<\/strong> see the packaging.<\/p>","protected":false},"excerpt":{"rendered":"<p>T\u00e1to ve\u010dern\u00e1 \u010dajov\u00e1 zmes obsahuje bylinky ako \u0161\u00edpka a \u010fatelina l\u00fa\u010dna, ktor\u00e9 sa pri tradi\u010dnom pou\u017e\u00edvan\u00ed \u010dasto vyu\u017e\u00edvali v obdob\u00ed klimakt\u00e9ria. Jemn\u00e1 chu\u0165 m\u00f4\u017ee navodi\u0165 pokojn\u00fa atmosf\u00e9ru ve\u010dern\u00fdch hod\u00edn a pom\u00f4c\u0165 pri uvo\u013enen\u00ed po dlhom dni. Zlo\u017eenie: \u010eatelina l\u00fa\u010dna \u2013 kvet (Trifolii pratensis flos), Yzop lek\u00e1rsky \u2013 v\u0148a\u0165 (Hyssopi herba), Medovka lek\u00e1rska \u2013 list (Melissae [&hellip;]<\/p>","protected":false},"featured_media":9773,"comment_status":"open","ping_status":"closed","template":"","meta":{"inline_featured_image":false},"product_brand":[112],"product_cat":[69],"product_tag":[],"class_list":{"0":"post-9264","1":"product","2":"type-product","3":"status-publish","4":"has-post-thumbnail","6":"product_brand-nordvital","7":"product_cat-vyzivove-doplnky","9":"first","10":"onbackorder","11":"taxable","12":"shipping-taxable","13":"purchasable","14":"product-type-simple"},"aioseo_notices":[],"_links":{"self":[{"href":"https:\/\/www.biokari.sk\/en\/wp-json\/wp\/v2\/product\/9264","targetHints":{"allow":["GET"]}}],"collection":[{"href":"https:\/\/www.biokari.sk\/en\/wp-json\/wp\/v2\/product"}],"about":[{"href":"https:\/\/www.biokari.sk\/en\/wp-json\/wp\/v2\/types\/product"}],"replies":[{"embeddable":true,"href":"https:\/\/www.biokari.sk\/en\/wp-json\/wp\/v2\/comments?post=9264"}],"wp:featuredmedia":[{"embeddable":true,"href":"https:\/\/www.biokari.sk\/en\/wp-json\/wp\/v2\/media\/9773"}],"wp:attachment":[{"href":"https:\/\/www.biokari.sk\/en\/wp-json\/wp\/v2\/media?parent=9264"}],"wp:term":[{"taxonomy":"product_brand","embeddable":true,"href":"https:\/\/www.biokari.sk\/en\/wp-json\/wp\/v2\/product_brand?post=9264"},{"taxonomy":"product_cat","embeddable":true,"href":"https:\/\/www.biokari.sk\/en\/wp-json\/wp\/v2\/product_cat?post=9264"},{"taxonomy":"product_tag","embeddable":true,"href":"https:\/\/www.biokari.sk\/en\/wp-json\/wp\/v2\/product_tag?post=9264"}],"curies":[{"name":"wp","href":"https:\/\/api.w.org\/{rel}","templated":true}]}}