{"id":9274,"date":"2025-07-01T14:37:54","date_gmt":"2025-07-01T12:37:54","guid":{"rendered":"https:\/\/www.biokari.sk\/produkt\/nordvital-kyselina-askorobova-500g\/"},"modified":"2026-05-02T19:01:07","modified_gmt":"2026-05-02T17:01:07","slug":"nordvital-kyselina-askorobova-500g","status":"publish","type":"product","link":"https:\/\/www.biokari.sk\/en\/product\/nordvital-ascorbic-acid-500g\/","title":{"rendered":"Nordvital Ascorbic acid 500g"},"content":{"rendered":"<p data-start=\"146\" data-end=\"183\">1000 mg of vitamin C in a daily dose. Vitamin C is a water-soluble vitamin that is often used to supplement the daily diet. It is a well-known and widely distributed ingredient that is commonly found in a variety of dietary supplements and multivitamin formulas.<\/p>\n<p data-start=\"422\" data-end=\"486\"><strong data-start=\"422\" data-end=\"439\">Active ingredient: <\/strong>Vitamin C (L-ascorbic acid) - 1000 mg<\/p>\n<p data-start=\"488\" data-end=\"530\"><strong data-start=\"488\" data-end=\"501\">Composition: <\/strong>100 % L-ascorbic acid<\/p>\n<p data-start=\"537\" data-end=\"680\"><strong data-start=\"537\" data-end=\"563\">Recommended dosage: <\/strong>1 g of powder daily to be mixed in water or other beverage. It can be taken at any time of the day, independently of food.<\/p>\n<p data-start=\"687\" data-end=\"785\"><strong data-start=\"687\" data-end=\"703\">Storage: <\/strong>Store in a dry, dark place at room temperature, <strong data-start=\"764\" data-end=\"784\">out of reach of children<\/strong>.<\/p>\n<p data-start=\"792\" data-end=\"1020\"><strong data-start=\"792\" data-end=\"808\">Warning: <\/strong>Nutritional supplement <strong data-start=\"828\" data-end=\"847\">is not a substitute<\/strong> a varied and balanced diet or a healthy lifestyle. Do not exceed the recommended daily dose! Do not take if you are allergic or hypersensitive to any of the ingredients.<\/p>","protected":false},"excerpt":{"rendered":"<p>1000 mg vitam\u00ednu C v dennej d\u00e1vke.\u00a0Vitam\u00edn C je vo vode rozpustn\u00fd vitam\u00edn, ktor\u00fd sa \u010dasto pou\u017e\u00edva na dop\u013a\u0148anie ka\u017edodennej stravy. Je to dobre zn\u00e1ma a \u0161iroko roz\u0161\u00edren\u00e1 zlo\u017eka, ktor\u00e1 sa be\u017ene nach\u00e1dza v r\u00f4znych v\u00fd\u017eivov\u00fdch doplnkoch a multivitam\u00ednov\u00fdch formul\u00e1ch. \u00da\u010dinn\u00e1 l\u00e1tka: Vitam\u00edn C (kyselina L-askorbov\u00e1) \u2013 1000 mg Zlo\u017eenie: 100 % L-askorbov\u00e1 kyselina Odpor\u00fa\u010dan\u00e9 [&hellip;]<\/p>","protected":false},"featured_media":9601,"comment_status":"open","ping_status":"closed","template":"","meta":{"inline_featured_image":false},"product_brand":[112],"product_cat":[69,140],"product_tag":[],"class_list":{"0":"post-9274","1":"product","2":"type-product","3":"status-publish","4":"has-post-thumbnail","6":"product_brand-nordvital","7":"product_cat-vyzivove-doplnky","8":"product_cat-posilnenie-imunity","10":"first","11":"instock","12":"taxable","13":"shipping-taxable","14":"purchasable","15":"product-type-simple"},"aioseo_notices":[],"_links":{"self":[{"href":"https:\/\/www.biokari.sk\/en\/wp-json\/wp\/v2\/product\/9274","targetHints":{"allow":["GET"]}}],"collection":[{"href":"https:\/\/www.biokari.sk\/en\/wp-json\/wp\/v2\/product"}],"about":[{"href":"https:\/\/www.biokari.sk\/en\/wp-json\/wp\/v2\/types\/product"}],"replies":[{"embeddable":true,"href":"https:\/\/www.biokari.sk\/en\/wp-json\/wp\/v2\/comments?post=9274"}],"wp:featuredmedia":[{"embeddable":true,"href":"https:\/\/www.biokari.sk\/en\/wp-json\/wp\/v2\/media\/9601"}],"wp:attachment":[{"href":"https:\/\/www.biokari.sk\/en\/wp-json\/wp\/v2\/media?parent=9274"}],"wp:term":[{"taxonomy":"product_brand","embeddable":true,"href":"https:\/\/www.biokari.sk\/en\/wp-json\/wp\/v2\/product_brand?post=9274"},{"taxonomy":"product_cat","embeddable":true,"href":"https:\/\/www.biokari.sk\/en\/wp-json\/wp\/v2\/product_cat?post=9274"},{"taxonomy":"product_tag","embeddable":true,"href":"https:\/\/www.biokari.sk\/en\/wp-json\/wp\/v2\/product_tag?post=9274"}],"curies":[{"name":"wp","href":"https:\/\/api.w.org\/{rel}","templated":true}]}}