{"id":9276,"date":"2025-07-01T14:37:54","date_gmt":"2025-07-01T12:37:54","guid":{"rendered":"https:\/\/www.biokari.sk\/produkt\/nordvital-vitamin-pre-zeny-pocas-tehotenstva-a-dojcania-30-davok\/"},"modified":"2026-02-12T18:02:09","modified_gmt":"2026-02-12T17:02:09","slug":"nordvital-vitamin-pre-zeny-pocas-tehotenstva-a-dojcania-30-davok","status":"publish","type":"product","link":"https:\/\/www.biokari.sk\/en\/product\/nordvital-vitamin-for-women-during-pregnancy-and-lactation-30-doses\/","title":{"rendered":"Nordvital Vitamin for women during pregnancy and breastfeeding 30 doses"},"content":{"rendered":"<p data-start=\"168\" data-end=\"231\">For the period before pregnancy, during pregnancy and after childbirth. A carefully formulated nutritional supplement tailored to the needs of women throughout the maternity period - before, during and after pregnancy. It contains vitamins, minerals, choline, ginger extract, the enzyme papain and omega-3 fatty acids to support the body at every stage of this extraordinary period.<\/p>\n<p><strong data-start=\"563\" data-end=\"597\">Active ingredients (in daily dose):<br \/>\nVitamin B7 (D-biotin):<\/strong> 200 \u00b5g<br \/>\n<strong data-start=\"638\" data-end=\"675\">Vitamin B9 (calcium-L-methylfolate):<\/strong> 1000 \u00b5g<br \/>\n<strong data-start=\"688\" data-end=\"724\">Magnesium (from magnesium bisglycinate):<\/strong> 65 mg<br \/>\n<strong data-start=\"735\" data-end=\"777\">Selenium (from selenium-enriched yeast):<\/strong> 50 \u00b5g<br \/>\n<strong data-start=\"788\" data-end=\"823\">Iron (from iron bisglycinate):<\/strong> 18 mg<br \/>\n<strong data-start=\"834\" data-end=\"868\">Choline (from choline bitartrate):<\/strong> 20 mg<br \/>\n<strong data-start=\"879\" data-end=\"932\">Ginger extract (4:1, equivalent to 100 mg of root):<\/strong> 25 mg<br \/>\n<strong data-start=\"943\" data-end=\"954\">Papain:<\/strong> 12 500 U<br \/>\n<strong data-start=\"968\" data-end=\"1001\">Vitamin D3 (cholecalciferol):<\/strong> 50 \u00b5g = 2000 IU<br \/>\n<strong data-start=\"1022\" data-end=\"1073\">Vitamin E (natural tocopherols and tocotrienols):<\/strong> 7 mg<br \/>\n<strong data-start=\"1083\" data-end=\"1105\">Vitamin K2 (MK-7):<\/strong> 90 \u00b5g<br \/>\n<strong data-start=\"1116\" data-end=\"1138\">Omega-3 fish oil:<\/strong> 350 mg of which <strong data-start=\"1159\" data-end=\"1167\">EPA:<\/strong> 126 mg of which <strong data-start=\"1188\" data-end=\"1196\">DHA:<\/strong> 84 mg<\/p>\n<h4 data-start=\"1211\" data-end=\"1229\"><strong data-start=\"1216\" data-end=\"1229\">Composition:<br \/>\n<\/strong><strong data-start=\"1231\" data-end=\"1258\">Hard vegan capsule: <\/strong>Magnesium bisglycinate, hydroxypropylmethylcellulose (capsule), iron bisglycinate, choline bitartrate, yeast with selenium, ginger root extract, papain, anti-caking agent: leucine, calcium-L-methylfolate, D-biotin.<br \/>\n<strong data-start=\"1476\" data-end=\"1505\">Soft gelatin capsule: <\/strong>Fish oil (TG form, deep-sea fish from Peru)*, gelatin coating (gelatin, glycerin, purified water), menaquinone-7 (vitamin K2), natural tocopherols and tocotrienols, cholecalciferol (vitamin D3).<br data-start=\"1701\" data-end=\"1704\" \/>*<strong>Origin:<\/strong> Peru<\/h4>\n<h4 data-start=\"1723\" data-end=\"1745\"><strong data-start=\"1728\" data-end=\"1743\">Dosage:\u00a0<\/strong>1 hard and 1 softgel daily after meals.<\/h4>\n<p><strong data-start=\"1799\" data-end=\"1815\">Storage:\u00a0<\/strong>Store in a dry, dark place at room temperature. Keep out of reach of children.<\/p>\n<h4 data-start=\"1914\" data-end=\"1937\"><strong data-start=\"1919\" data-end=\"1935\">Warning:\u00a0<\/strong>A dietary supplement is not a substitute for a varied and balanced diet and a healthy lifestyle. Do not exceed the recommended daily dose! Do not take if you are allergic or hypersensitive to any of the product ingredients!<\/h4>\n<p><strong>Quantity:<\/strong> 30+30 capsules<\/p>","protected":false},"excerpt":{"rendered":"<p>Na obdobie pred tehotenstvom, po\u010das tehotenstva a po p\u00f4rode.\u00a0Starostlivo zostaven\u00fd doplnok v\u00fd\u017eivy prisp\u00f4soben\u00fd potreb\u00e1m \u017eien po\u010das cel\u00e9ho obdobia materstva \u2013 pred otehotnen\u00edm, po\u010das tehotenstva aj po p\u00f4rode. Obsahuje vitam\u00edny, miner\u00e1ly, chol\u00edn, z\u00e1zvorov\u00fd extrakt, enz\u00fdm papain a omega-3 mastn\u00e9 kyseliny, ktor\u00e9 podporuj\u00fa organizmus v ka\u017edej f\u00e1ze tohto v\u00fdnimo\u010dn\u00e9ho obdobia. \u00da\u010dinn\u00e9 l\u00e1tky (v dennej d\u00e1vke): Vitam\u00edn B7 [&hellip;]<\/p>","protected":false},"featured_media":9600,"comment_status":"open","ping_status":"closed","template":"","meta":{"inline_featured_image":false},"product_brand":[112],"product_cat":[69],"product_tag":[],"class_list":{"0":"post-9276","1":"product","2":"type-product","3":"status-publish","4":"has-post-thumbnail","6":"product_brand-nordvital","7":"product_cat-vyzivove-doplnky","9":"first","10":"onbackorder","11":"taxable","12":"shipping-taxable","13":"purchasable","14":"product-type-simple"},"aioseo_notices":[],"_links":{"self":[{"href":"https:\/\/www.biokari.sk\/en\/wp-json\/wp\/v2\/product\/9276","targetHints":{"allow":["GET"]}}],"collection":[{"href":"https:\/\/www.biokari.sk\/en\/wp-json\/wp\/v2\/product"}],"about":[{"href":"https:\/\/www.biokari.sk\/en\/wp-json\/wp\/v2\/types\/product"}],"replies":[{"embeddable":true,"href":"https:\/\/www.biokari.sk\/en\/wp-json\/wp\/v2\/comments?post=9276"}],"wp:featuredmedia":[{"embeddable":true,"href":"https:\/\/www.biokari.sk\/en\/wp-json\/wp\/v2\/media\/9600"}],"wp:attachment":[{"href":"https:\/\/www.biokari.sk\/en\/wp-json\/wp\/v2\/media?parent=9276"}],"wp:term":[{"taxonomy":"product_brand","embeddable":true,"href":"https:\/\/www.biokari.sk\/en\/wp-json\/wp\/v2\/product_brand?post=9276"},{"taxonomy":"product_cat","embeddable":true,"href":"https:\/\/www.biokari.sk\/en\/wp-json\/wp\/v2\/product_cat?post=9276"},{"taxonomy":"product_tag","embeddable":true,"href":"https:\/\/www.biokari.sk\/en\/wp-json\/wp\/v2\/product_tag?post=9276"}],"curies":[{"name":"wp","href":"https:\/\/api.w.org\/{rel}","templated":true}]}}