{"id":9282,"date":"2025-07-01T14:37:55","date_gmt":"2025-07-01T12:37:55","guid":{"rendered":"https:\/\/www.biokari.sk\/produkt\/nordvital-hovezy-kolagen-300g\/"},"modified":"2026-01-27T08:41:55","modified_gmt":"2026-01-27T07:41:55","slug":"nordvital-hovezy-kolagen-300g","status":"publish","type":"product","link":"https:\/\/www.biokari.sk\/en\/product\/nordvital-hovezy-collagen-300g\/","title":{"rendered":"Nordvital Bovine Collagen 300g"},"content":{"rendered":"<p data-start=\"1177\" data-end=\"1468\">Nordvital Bovine Collagen contains Rousselot\u00ae type I and III collagen peptides with high protein content (~90 %). Thanks to its amino acid profile and excellent solubility, it mixes well with hot and cold beverages and is easy to incorporate into your daily diet.<\/p>\n<p data-start=\"1470\" data-end=\"1511\"><strong data-start=\"1470\" data-end=\"1509\">Active ingredient in the daily dose (10 g):<br \/>\n<\/strong>Hydrolysed bovine collagen (Rousselot\u00ae) - 10 000 mg<\/p>\n<p data-start=\"1570\" data-end=\"1636\"><strong data-start=\"1570\" data-end=\"1584\">Rousselot\u00ae<\/strong> is a registered trademark of the Vion Group.<\/p>\n<p data-start=\"1638\" data-end=\"1767\"><strong data-start=\"1638\" data-end=\"1654\">Storage: <\/strong>In a dry place, protected from direct sunlight, at room temperature. Keep out of the reach of children.<\/p>\n<p data-start=\"1769\" data-end=\"1787\"><strong data-start=\"1769\" data-end=\"1785\">Warning: <\/strong>Do not exceed the recommended daily dose. A dietary supplement is not a substitute for a varied and balanced diet or a healthy lifestyle. Keep out of reach of children!<\/p>\n<p data-start=\"1945\" data-end=\"2035\"><strong data-start=\"1945\" data-end=\"1972\">Allergen warning: <\/strong>Made in a plant that processes peanuts, tree nuts and sesame seeds.<\/p>\n<p data-start=\"1945\" data-end=\"2035\"><strong>Weight:<\/strong> 300g<\/p>","protected":false},"excerpt":{"rendered":"<p>Nordvital Hov\u00e4dz\u00ed kolag\u00e9n obsahuje kolag\u00e9nov\u00e9 peptidy zna\u010dky Rousselot\u00ae typu I a III s vysok\u00fdm obsahom bielkov\u00edn (~90\u202f%). V\u010faka svojmu aminokyselinov\u00e9mu profilu a v\u00fdbornej rozpustnosti sa dobre mie\u0161a s tepl\u00fdmi aj studen\u00fdmi n\u00e1pojmi a \u013eahko sa za\u010dlen\u00ed do ka\u017edodenn\u00e9ho jed\u00e1lni\u010dka. \u00da\u010dinn\u00e1 l\u00e1tka v dennej d\u00e1vke (10 g): Hydrolyzovan\u00fd hov\u00e4dz\u00ed kolag\u00e9n (Rousselot\u00ae) \u2013 10 000 mg Rousselot\u00ae [&hellip;]<\/p>","protected":false},"featured_media":9589,"comment_status":"open","ping_status":"closed","template":"","meta":{"inline_featured_image":false},"product_brand":[112],"product_cat":[71],"product_tag":[],"class_list":{"0":"post-9282","1":"product","2":"type-product","3":"status-publish","4":"has-post-thumbnail","6":"product_brand-nordvital","7":"product_cat-potraviny","9":"first","10":"onbackorder","11":"taxable","12":"shipping-taxable","13":"purchasable","14":"product-type-simple"},"aioseo_notices":[],"_links":{"self":[{"href":"https:\/\/www.biokari.sk\/en\/wp-json\/wp\/v2\/product\/9282","targetHints":{"allow":["GET"]}}],"collection":[{"href":"https:\/\/www.biokari.sk\/en\/wp-json\/wp\/v2\/product"}],"about":[{"href":"https:\/\/www.biokari.sk\/en\/wp-json\/wp\/v2\/types\/product"}],"replies":[{"embeddable":true,"href":"https:\/\/www.biokari.sk\/en\/wp-json\/wp\/v2\/comments?post=9282"}],"wp:featuredmedia":[{"embeddable":true,"href":"https:\/\/www.biokari.sk\/en\/wp-json\/wp\/v2\/media\/9589"}],"wp:attachment":[{"href":"https:\/\/www.biokari.sk\/en\/wp-json\/wp\/v2\/media?parent=9282"}],"wp:term":[{"taxonomy":"product_brand","embeddable":true,"href":"https:\/\/www.biokari.sk\/en\/wp-json\/wp\/v2\/product_brand?post=9282"},{"taxonomy":"product_cat","embeddable":true,"href":"https:\/\/www.biokari.sk\/en\/wp-json\/wp\/v2\/product_cat?post=9282"},{"taxonomy":"product_tag","embeddable":true,"href":"https:\/\/www.biokari.sk\/en\/wp-json\/wp\/v2\/product_tag?post=9282"}],"curies":[{"name":"wp","href":"https:\/\/api.w.org\/{rel}","templated":true}]}}