{"id":9284,"date":"2025-07-01T14:37:55","date_gmt":"2025-07-01T12:37:55","guid":{"rendered":"https:\/\/www.biokari.sk\/produkt\/nordvital-taurin-prasok-250g\/"},"modified":"2026-04-10T19:02:49","modified_gmt":"2026-04-10T17:02:49","slug":"nordvital-taurin-prasok-250g","status":"publish","type":"product","link":"https:\/\/www.biokari.sk\/en\/product\/nordvital-taurine-prasok-250g\/","title":{"rendered":"Nordvital Taurine powder 250g"},"content":{"rendered":"<p data-start=\"704\" data-end=\"961\">Taurine is a sulfur-containing non-protein amino acid that may be involved in various metabolic processes in the human body. It occurs naturally in the body and is also found in foods such as meat, fish, dairy products and breast milk. Taurine is a popular ingredient among those who focus on conscious supplementation, especially those with active lifestyles or specific nutritional goals.<\/p>\n<p data-start=\"850\" data-end=\"909\"><strong data-start=\"850\" data-end=\"867\">Active ingredient:<\/strong> 100 % taurine<br data-start=\"880\" data-end=\"883\" \/><strong data-start=\"883\" data-end=\"896\">Composition:<\/strong> 100 % taurine<\/p>\n<p data-start=\"911\" data-end=\"1000\"><strong data-start=\"911\" data-end=\"926\">Dosage: <\/strong>Stir 1 g of powder in a glass of water or your favorite beverage, 1 time a day.<\/p>\n<p data-start=\"1002\" data-end=\"1141\"><strong data-start=\"1002\" data-end=\"1018\">Storage: <\/strong>Store in a dry place, protected from direct sunlight, at room temperature. Keep out of the reach of children.<\/p>\n<p data-start=\"1143\" data-end=\"1161\"><strong data-start=\"1143\" data-end=\"1159\">Warning: <\/strong>Do not exceed the recommended daily dose! A dietary supplement is not a substitute for a varied and balanced diet or a healthy lifestyle. Keep out of reach of children!\u00a0<\/p>\n<p data-start=\"1331\" data-end=\"1421\"><strong data-start=\"1331\" data-end=\"1358\">Allergen warning: <\/strong>Made in a plant that processes peanuts, tree nuts and sesame seeds.<\/p>\n\n\n<p><strong>Weight:<\/strong> 250g<\/p>\n\n\n\n<p>Store in a dry place. <br><strong>Minimum shelf life to:<\/strong> See the cover. <\/p>\n\n\n\n<p><\/p>","protected":false},"excerpt":{"rendered":"<p>Taur\u00edn je s\u00edru obsahuj\u00faca neprote\u00ednov\u00e1 aminokyselina, ktor\u00e1 sa m\u00f4\u017ee podie\u013ea\u0165 na r\u00f4znych metabolick\u00fdch procesoch v \u013eudskom tele. Prirodzene sa vyskytuje v organizme a nach\u00e1dza sa aj v potravin\u00e1ch, ako s\u00fa m\u00e4so, ryby, mlie\u010dne v\u00fdrobky a matersk\u00e9 mlieko.\u00a0Taur\u00edn je ob\u013e\u00fabenou zlo\u017ekou medzi t\u00fdmi, ktor\u00ed sa zameriavaj\u00fa na vedom\u00e9 dop\u013a\u0148anie v\u00fd\u017eivy, najm\u00e4 pri akt\u00edvnom \u017eivotnom \u0161t\u00fdle alebo [&hellip;]<\/p>","protected":false},"featured_media":9563,"comment_status":"open","ping_status":"closed","template":"","meta":{"inline_featured_image":false},"product_brand":[112],"product_cat":[69],"product_tag":[],"class_list":{"0":"post-9284","1":"product","2":"type-product","3":"status-publish","4":"has-post-thumbnail","6":"product_brand-nordvital","7":"product_cat-vyzivove-doplnky","9":"first","10":"instock","11":"taxable","12":"shipping-taxable","13":"purchasable","14":"product-type-simple"},"aioseo_notices":[],"_links":{"self":[{"href":"https:\/\/www.biokari.sk\/en\/wp-json\/wp\/v2\/product\/9284","targetHints":{"allow":["GET"]}}],"collection":[{"href":"https:\/\/www.biokari.sk\/en\/wp-json\/wp\/v2\/product"}],"about":[{"href":"https:\/\/www.biokari.sk\/en\/wp-json\/wp\/v2\/types\/product"}],"replies":[{"embeddable":true,"href":"https:\/\/www.biokari.sk\/en\/wp-json\/wp\/v2\/comments?post=9284"}],"wp:featuredmedia":[{"embeddable":true,"href":"https:\/\/www.biokari.sk\/en\/wp-json\/wp\/v2\/media\/9563"}],"wp:attachment":[{"href":"https:\/\/www.biokari.sk\/en\/wp-json\/wp\/v2\/media?parent=9284"}],"wp:term":[{"taxonomy":"product_brand","embeddable":true,"href":"https:\/\/www.biokari.sk\/en\/wp-json\/wp\/v2\/product_brand?post=9284"},{"taxonomy":"product_cat","embeddable":true,"href":"https:\/\/www.biokari.sk\/en\/wp-json\/wp\/v2\/product_cat?post=9284"},{"taxonomy":"product_tag","embeddable":true,"href":"https:\/\/www.biokari.sk\/en\/wp-json\/wp\/v2\/product_tag?post=9284"}],"curies":[{"name":"wp","href":"https:\/\/api.w.org\/{rel}","templated":true}]}}