{"id":9286,"date":"2025-07-01T14:37:56","date_gmt":"2025-07-01T12:37:56","guid":{"rendered":"https:\/\/www.biokari.sk\/produkt\/nordvital-cajova-zmes-na-chudnutie-90g\/"},"modified":"2026-01-27T08:41:55","modified_gmt":"2026-01-27T07:41:55","slug":"nordvital-cajova-zmes-na-chudnutie-90g","status":"publish","type":"product","link":"https:\/\/www.biokari.sk\/en\/product\/nordvital-tea-blend-for-weight-loss-90g\/","title":{"rendered":"Nordvital Slimming Tea Blend 90g"},"content":{"rendered":"<p data-start=\"1458\" data-end=\"1766\">Refresh yourself and enjoy the perfect harmony of flavours!<br data-start=\"1511\" data-end=\"1514\" \/>This fragrant tea blend composed of 100 % natural herbs combines the characteristic taste of mate leaves, the traditional use of nettle and birch, the freshness of peppermint, the warming character of ginger and the subtly sweet aroma of Ceylon cinnamon.<\/p>\n<p data-start=\"1768\" data-end=\"1783\"><strong data-start=\"1768\" data-end=\"1781\">Composition: <\/strong>Mate leaves (<em data-start=\"1798\" data-end=\"1811\">Mate foil<\/em>), Nettle leaves (<em data-start=\"1832\" data-end=\"1848\">Urticae folium<\/em>), Birch Leaves (<em data-start=\"1867\" data-end=\"1883\">Betulae folium<\/em>), Peppermint (<em data-start=\"1904\" data-end=\"1930\">Menthae piperitae folium<\/em>), Ginger root (<em data-start=\"1951\" data-end=\"1971\">Zingiber rhizoma<\/em>), Cinnamon bark - Ceylon (<em data-start=\"2005\" data-end=\"2023\">Cinnamomi cortex<\/em>)<\/p>\n<p data-start=\"2026\" data-end=\"2181\"><strong data-start=\"2026\" data-end=\"2052\">Preparation and dosage: <\/strong>Pour 2 teaspoons of the mixture over 2.5 dl of boiling water, cover and leave to infuse for 15 minutes. <br \/><strong data-start=\"2143\" data-end=\"2170\">Recommended daily dose:<\/strong> 2-3 cups.<\/p>\n<p data-start=\"2183\" data-end=\"2485\"><strong>Warning:<\/strong> Nordvital Metabolism Support Tea Blend is a food, not a substitute for medical treatment.<br data-start=\"2292\" data-end=\"2295\" \/>Do not use if you are allergic or hypersensitive to any of the ingredients.<br data-start=\"2368\" data-end=\"2371\" \/>If you take medication regularly or are under medical supervision, consult your doctor or pharmacist before taking it.<\/p>\n\n\n<p><strong>Weight:<\/strong> 90g<\/p>\n\n\n\n<p>Store in a dry place. <\/p>","protected":false},"excerpt":{"rendered":"<p>Osvie\u017e sa a vychutnaj si dokonal\u00fa harm\u00f3niu chut\u00ed!T\u00e1to vo\u0148av\u00e1 \u010dajov\u00e1 zmes zlo\u017een\u00e1 zo 100\u202f% pr\u00edrodn\u00fdch byl\u00edn sp\u00e1ja charakteristick\u00fa chu\u0165 mat\u00e9 listov, tradi\u010dn\u00e9 pou\u017eitie \u017eih\u013eavy a brezy, svie\u017eos\u0165 m\u00e4ty piepornej, hrejiv\u00fd charakter z\u00e1zvoru a jemne sladkast\u00fa ar\u00f3mu cejl\u00f3nskej \u0161korice. Zlo\u017eenie: Listy mat\u00e9 (Mat\u00e9 folium), Listy \u017eih\u013eavy (Urticae folium), Listy brezy (Betulae folium), M\u00e4ta pieporn\u00e1 (Menthae piperitae [&hellip;]<\/p>","protected":false},"featured_media":9583,"comment_status":"open","ping_status":"closed","template":"","meta":{"inline_featured_image":false},"product_brand":[112],"product_cat":[69],"product_tag":[],"class_list":{"0":"post-9286","1":"product","2":"type-product","3":"status-publish","4":"has-post-thumbnail","6":"product_brand-nordvital","7":"product_cat-vyzivove-doplnky","9":"first","10":"instock","11":"taxable","12":"shipping-taxable","13":"purchasable","14":"product-type-simple"},"aioseo_notices":[],"_links":{"self":[{"href":"https:\/\/www.biokari.sk\/en\/wp-json\/wp\/v2\/product\/9286","targetHints":{"allow":["GET"]}}],"collection":[{"href":"https:\/\/www.biokari.sk\/en\/wp-json\/wp\/v2\/product"}],"about":[{"href":"https:\/\/www.biokari.sk\/en\/wp-json\/wp\/v2\/types\/product"}],"replies":[{"embeddable":true,"href":"https:\/\/www.biokari.sk\/en\/wp-json\/wp\/v2\/comments?post=9286"}],"wp:featuredmedia":[{"embeddable":true,"href":"https:\/\/www.biokari.sk\/en\/wp-json\/wp\/v2\/media\/9583"}],"wp:attachment":[{"href":"https:\/\/www.biokari.sk\/en\/wp-json\/wp\/v2\/media?parent=9286"}],"wp:term":[{"taxonomy":"product_brand","embeddable":true,"href":"https:\/\/www.biokari.sk\/en\/wp-json\/wp\/v2\/product_brand?post=9286"},{"taxonomy":"product_cat","embeddable":true,"href":"https:\/\/www.biokari.sk\/en\/wp-json\/wp\/v2\/product_cat?post=9286"},{"taxonomy":"product_tag","embeddable":true,"href":"https:\/\/www.biokari.sk\/en\/wp-json\/wp\/v2\/product_tag?post=9286"}],"curies":[{"name":"wp","href":"https:\/\/api.w.org\/{rel}","templated":true}]}}