{"id":9288,"date":"2025-07-01T14:37:56","date_gmt":"2025-07-01T12:37:56","guid":{"rendered":"https:\/\/www.biokari.sk\/produkt\/nordvital-horcik-bysglicinaty-kapsuly-30ks\/"},"modified":"2026-04-24T19:06:38","modified_gmt":"2026-04-24T17:06:38","slug":"nordvital-horcik-bysglicinaty-kapsuly-30ks","status":"publish","type":"product","link":"https:\/\/www.biokari.sk\/en\/product\/nordvital-gentian-bysglicinates-capsules-30pcs\/","title":{"rendered":"Nordvital Magnesium byglycinates capsules 30pcs"},"content":{"rendered":"<p data-start=\"1576\" data-end=\"1892\">Nordvital magnesium bisglycinate + B6 contains organically bound magnesium and the active form of vitamin B6 (pyridoxal-5-phosphate).<br data-start=\"1700\" data-end=\"1703\" \/>The bisglycinate form is gentle on the stomach and well absorbed. The preparation is suitable for stress load, physical activity or for people who care about conscious replenishment of nutrients.<\/p>\n<p data-start=\"1894\" data-end=\"1938\"><strong data-start=\"1894\" data-end=\"1938\">Active ingredients in a daily dose (2 capsules):<\/strong><\/p>\n<p data-start=\"1941\" data-end=\"2021\">Magnesium bisglycinate - 1600 mg<br data-start=\"1969\" data-end=\"1972\" \/>of which elemental magnesium - 200 mg (53 % RVH*)<br \/>\nVitamin B6 (in the form of pyridoxal-5-phosphate) - 4 mg (286 % RVH*)<\/p>\n<p data-start=\"2087\" data-end=\"2138\">(*) RVH = Adult Reference Nutrition Value<\/p>\n<p data-start=\"2140\" data-end=\"2273\"><strong data-start=\"2140\" data-end=\"2153\">Composition: <\/strong>Magnesium bisglycinate, hydroxypropyl methylcellulose (vegan capsule), leucine (anti-caking agent), pyridoxal-5-phosphate<\/p>\n<p data-start=\"2275\" data-end=\"2374\"><strong data-start=\"2275\" data-end=\"2290\">Dosage: <\/strong>2\u00d71 capsule daily after meals. It is recommended to take one capsule in the evening before bedtime.<\/p>\n<p data-start=\"2376\" data-end=\"2507\"><strong data-start=\"2376\" data-end=\"2392\">Storage: <\/strong>Store in a dry place, protected from sunlight, at room temperature. Keep out of the reach of children.<\/p>\n<p data-start=\"2509\" data-end=\"2708\"><strong data-start=\"2509\" data-end=\"2525\">Warning: <\/strong>A nutritional supplement is not a substitute for a varied and balanced diet or a healthy lifestyle. Do not exceed the recommended daily dose! Do not take if you are allergic to any of the ingredients.<\/p>\n<p data-start=\"2509\" data-end=\"2708\"><strong>Quantity<\/strong>: 30pcs<\/p>","protected":false},"excerpt":{"rendered":"<p>Nordvital hor\u010d\u00edk-bisglycin\u00e1t + B6 obsahuje organicky viazan\u00fd hor\u010d\u00edk a akt\u00edvnu formu vitam\u00ednu B6 (pyridoxal-5-fosf\u00e1t).Bisglycin\u00e1tov\u00e1 forma je \u0161etrn\u00e1 k \u017eal\u00fadku a dobre vstrebate\u013en\u00e1. Pr\u00edpravok je vhodn\u00fd pri stresovej z\u00e1\u0165a\u017ei, fyzickej aktivite alebo pre \u013eud\u00ed, ktor\u00ed dbaj\u00fa na vedom\u00e9 dop\u013a\u0148anie \u017eiv\u00edn. \u00da\u010dinn\u00e9 l\u00e1tky v dennej d\u00e1vke (2 kapsuly): Hor\u010d\u00edk-bisglycin\u00e1t \u2013 1600 mgz toho element\u00e1rny hor\u010d\u00edk \u2013 200 [&hellip;]<\/p>","protected":false},"featured_media":9568,"comment_status":"open","ping_status":"closed","template":"","meta":{"inline_featured_image":false},"product_brand":[112],"product_cat":[69],"product_tag":[],"class_list":{"0":"post-9288","1":"product","2":"type-product","3":"status-publish","4":"has-post-thumbnail","6":"product_brand-nordvital","7":"product_cat-vyzivove-doplnky","9":"first","10":"instock","11":"taxable","12":"shipping-taxable","13":"purchasable","14":"product-type-simple"},"aioseo_notices":[],"_links":{"self":[{"href":"https:\/\/www.biokari.sk\/en\/wp-json\/wp\/v2\/product\/9288","targetHints":{"allow":["GET"]}}],"collection":[{"href":"https:\/\/www.biokari.sk\/en\/wp-json\/wp\/v2\/product"}],"about":[{"href":"https:\/\/www.biokari.sk\/en\/wp-json\/wp\/v2\/types\/product"}],"replies":[{"embeddable":true,"href":"https:\/\/www.biokari.sk\/en\/wp-json\/wp\/v2\/comments?post=9288"}],"wp:featuredmedia":[{"embeddable":true,"href":"https:\/\/www.biokari.sk\/en\/wp-json\/wp\/v2\/media\/9568"}],"wp:attachment":[{"href":"https:\/\/www.biokari.sk\/en\/wp-json\/wp\/v2\/media?parent=9288"}],"wp:term":[{"taxonomy":"product_brand","embeddable":true,"href":"https:\/\/www.biokari.sk\/en\/wp-json\/wp\/v2\/product_brand?post=9288"},{"taxonomy":"product_cat","embeddable":true,"href":"https:\/\/www.biokari.sk\/en\/wp-json\/wp\/v2\/product_cat?post=9288"},{"taxonomy":"product_tag","embeddable":true,"href":"https:\/\/www.biokari.sk\/en\/wp-json\/wp\/v2\/product_tag?post=9288"}],"curies":[{"name":"wp","href":"https:\/\/api.w.org\/{rel}","templated":true}]}}