{"id":9298,"date":"2025-07-01T14:37:58","date_gmt":"2025-07-01T12:37:58","guid":{"rendered":"https:\/\/www.biokari.sk\/produkt\/gyorgytea-kostihojovy-gel-10015ml\/"},"modified":"2026-05-01T19:01:09","modified_gmt":"2026-05-01T17:01:09","slug":"gyorgytea-kostihojovy-gel-10015ml","status":"publish","type":"product","link":"https:\/\/www.biokari.sk\/en\/product\/gyorgytea-kostihojovy-gel-10015ml\/","title":{"rendered":"Gy\u00f6rgytea Boneset gel 100ml"},"content":{"rendered":"<p data-start=\"364\" data-end=\"810\">\u013dudov\u00e9 lie\u010dite\u013estvo naz\u00fdva t\u00fato rastlinu \u201ezv\u00e4zova\u010d kost\u00ed\u201c (forraszt\u00f3f\u0171), a nie n\u00e1hodou \u2013 na\u0161i predkovia u\u017e d\u00e1vno spozorovali, \u017ee ka\u0161ovit\u00fd obklad pripraven\u00fd z kore\u0148a a stonky lie\u010divej rastliny zmier\u0148uje pohybov\u00e9 bolesti, pom\u00e1ha vstreb\u00e1vaniu modr\u00edn a ur\u00fdch\u013euje hojenie. Dnes u\u017e vieme, \u017ee \u00fa\u010dinn\u00e9 l\u00e1tky kostivalu maj\u00fa protiz\u00e1palov\u00e9 a hojiv\u00e9 \u00fa\u010dinky, ba dokonca stimuluj\u00fa tvorbu kostn\u00e9ho lepidla, \u010do napom\u00e1ha r\u00fdchlej\u0161ej regener\u00e1cii aj po zlomenin\u00e1ch.<\/p>\n<p data-start=\"812\" data-end=\"1085\">Gyuri b\u00e1csi kedysi pripravoval t\u00fato bylinu vo forme alkoholov\u00e9ho v\u00fd\u0165a\u017eku. Av\u0161ak existuje mno\u017estvo situ\u00e1ci\u00ed, ke\u010f je praktickej\u0161ie pou\u017ei\u0165 mas\u0165 alebo g\u00e9l. Preto Lopes-Szab\u00f3 Zsuzsa vytvorila recept\u00faru, ktor\u00e1 predstavuje r\u00fdchle a pr\u00edrodn\u00e9 rie\u0161enie v praktickom g\u00e9lovom balen\u00ed.<\/p>\n<p data-start=\"1087\" data-end=\"1254\">Protiz\u00e1palov\u00fd, analgetick\u00fd, hojiv\u00fd a regenera\u010dn\u00fd g\u00e9l z kostivalu lek\u00e1rskeho je pr\u00edrodn\u00e1 kozmetika bez syntetick\u00fdch farb\u00edv a parfumov, obohaten\u00e1 o rastlinn\u00e9 extrakty.<\/p>\n<p><strong data-start=\"1264\" data-end=\"1314\">Ak\u00e9 probl\u00e9my m\u00f4\u017eeme pou\u017ei\u0165 Kostivalov\u00fd g\u00e9l?<\/strong><\/p>\n<p data-start=\"1317\" data-end=\"1356\">Skuto\u010dn\u00e1 prv\u00e1 pomoc pre ka\u017ed\u00e9ho, kto:<\/p>\n<ul data-start=\"1357\" data-end=\"1784\">\n<li data-start=\"1357\" data-end=\"1435\">\n<p data-start=\"1359\" data-end=\"1435\">h\u013ead\u00e1 pr\u00edrodn\u00e9 rie\u0161enie na boles\u0165 k\u013abov, chrbtice, z\u00e1paly k\u013abov \u010di \u0161liach,<\/p>\n<\/li>\n<li data-start=\"1436\" data-end=\"1505\">\n<p data-start=\"1438\" data-end=\"1505\">utrpel \u0161portov\u00e9 zranenie alebo vyk\u013abenie a chce ur\u00fdchli\u0165 hojenie,<\/p>\n<\/li>\n<li data-start=\"1506\" data-end=\"1562\">\n<p data-start=\"1508\" data-end=\"1562\">potrebuje zmierni\u0165 z\u00e1paly, podliatiny alebo modriny,<\/p>\n<\/li>\n<li data-start=\"1563\" data-end=\"1647\">\n<p data-start=\"1565\" data-end=\"1647\">po zlomenin\u00e1ch h\u013ead\u00e1 prostriedok na regener\u00e1ciu tkan\u00edv a zlep\u0161enie pohyblivosti,<\/p>\n<\/li>\n<li data-start=\"1648\" data-end=\"1700\">\n<p data-start=\"1650\" data-end=\"1700\">m\u00e1 probl\u00e9my s k\u0155\u010dov\u00fdmi \u017eilami alebo z\u00e1palom \u017e\u00edl,<\/p>\n<\/li>\n<li data-start=\"1701\" data-end=\"1784\">\n<p data-start=\"1703\" data-end=\"1784\">v\u010faka \u00fa\u010dinn\u00fdm l\u00e1tkam pastierskej kapsi\u010dky chce podpori\u0165 spr\u00e1vnu funkciu svalov.<\/p>\n<\/li>\n<\/ul>\n<p><strong data-start=\"1794\" data-end=\"1834\">Rastlinn\u00e9 zlo\u017eky v Kostivalovom g\u00e9li<\/strong><\/p>\n<ul data-start=\"1837\" data-end=\"2319\">\n<li data-start=\"1837\" data-end=\"1983\">\n<p data-start=\"1839\" data-end=\"1983\"><strong data-start=\"1839\" data-end=\"1884\">Kostival lek\u00e1rsky (Symphytum officinale):<\/strong> v\u00fd\u0165a\u017eky v alkohole a glyc\u00edne upokojuj\u00fa a regeneruj\u00fa poko\u017eku, maj\u00fa protiz\u00e1palov\u00fd a hojiv\u00fd \u00fa\u010dinok.<\/p>\n<\/li>\n<li data-start=\"1984\" data-end=\"2147\">\n<p data-start=\"1986\" data-end=\"2147\"><strong data-start=\"1986\" data-end=\"2036\">Pastierska kapsi\u010dka (Capsella bursa-pastoris):<\/strong> vysok\u00fd obsah sapon\u00ednov a flavonoidov, odpor\u00fa\u010da sa pri bolestiach svalov a na zmiernenie ekz\u00e9mov\u00fdch prejavov.<\/p>\n<\/li>\n<li data-start=\"2148\" data-end=\"2212\">\n<p data-start=\"2150\" data-end=\"2212\"><strong data-start=\"2150\" data-end=\"2171\">Levandu\u013eov\u00fd olej:<\/strong> zn\u00e1my antibakteri\u00e1lny a hojiv\u00fd \u00fa\u010dinok.<\/p>\n<\/li>\n<li data-start=\"2213\" data-end=\"2319\">\n<p data-start=\"2215\" data-end=\"2319\"><strong data-start=\"2215\" data-end=\"2236\">Eukalyptov\u00fd olej:<\/strong> protiz\u00e1palov\u00e9 vlastnosti, podpora pri reumatick\u00fdch \u0165a\u017ekostiach a z\u00e1paloch k\u013abov.<\/p>\n<\/li>\n<\/ul>\n<p><strong data-start=\"2329\" data-end=\"2356\">Zlo\u017eenie (Ingredients):<\/strong><\/p>\n<p data-start=\"2359\" data-end=\"2657\">Aqua, Glycerin, Sympytum Officinale Extract, Alcohol, Isopropylalcohol, Symphytum Officinale Extract, Capsella Bursa Pastoris Extract, Propanediol, Xanthan Gum, Phenoxyethanol and Ethylhexylglycerine, Carrageen, Hydroxyethyl Cellulose, Lavandula Angustifolia Flower Oil, Eucalyptus Citriodora Oil<\/p>\n<p><strong data-start=\"2667\" data-end=\"2680\">Application:<\/strong><\/p>\n<p data-start=\"2683\" data-end=\"2751\">Nan\u00e1\u0161ajte v tenkej vrstve nieko\u013ekokr\u00e1t denne na postihnut\u00e9 miesto.<\/p>\n<ul data-start=\"2752\" data-end=\"3222\">\n<li data-start=\"2752\" data-end=\"2863\">\n<p data-start=\"2754\" data-end=\"2863\">Pri bolestiach k\u013abov (rameno, lake\u0165, z\u00e1p\u00e4stie, bedrov\u00fd k\u013ab, koleno) aplikujte 2\u00d7 denne a nechajte vstreba\u0165.<\/p>\n<\/li>\n<li data-start=\"2864\" data-end=\"2952\">\n<p data-start=\"2866\" data-end=\"2952\">Pri bedrov\u00fdch probl\u00e9moch aplikujte g\u00e9l v oblasti slab\u00edn, odkia\u013e sa lep\u0161ie vstreb\u00e1va.<\/p>\n<\/li>\n<li data-start=\"2953\" data-end=\"3050\">\n<p data-start=\"2955\" data-end=\"3050\">Po odstr\u00e1nen\u00ed sadry po zlomenin\u00e1ch natierajte postihnut\u00e9 miesto r\u00e1no a ve\u010der, aspo\u0148 2 t\u00fd\u017edne.<\/p>\n<\/li>\n<li data-start=\"3051\" data-end=\"3222\">\n<p data-start=\"3053\" data-end=\"3222\">Kostn\u00e9 v\u00fdrastky na chodidl\u00e1ch alebo ruk\u00e1ch mo\u017eno zmierni\u0165 ve\u010dern\u00fdm z\u00e1balom \u2013 naneste g\u00e9l, prekryte obv\u00e4zom a nechajte p\u00f4sobi\u0165 cez noc. Opakujte, k\u00fdm v\u00fdrastok nezmizne.<\/p>\n<\/li>\n<\/ul>\n<p><strong data-start=\"3232\" data-end=\"3252\">Contraindications:<\/strong><\/p>\n<ul data-start=\"3255\" data-end=\"3398\">\n<li data-start=\"3255\" data-end=\"3299\">\n<p data-start=\"3257\" data-end=\"3299\">G\u00e9l sa nesmie pou\u017e\u00edva\u0165 na otvoren\u00e9 rany.<\/p>\n<\/li>\n<li data-start=\"3300\" data-end=\"3362\">\n<p data-start=\"3302\" data-end=\"3362\">Nepou\u017e\u00edvajte dlhodobo \u2013 maxim\u00e1lne 6 t\u00fd\u017ed\u0148ov bez prest\u00e1vky.<\/p>\n<\/li>\n<li data-start=\"3363\" data-end=\"3398\">\n<p data-start=\"3365\" data-end=\"3398\">Nie je vhodn\u00e9 pre tehotn\u00e9 \u017eeny.<\/p>\n<\/li>\n<\/ul>\n<p data-start=\"3428\" data-end=\"3511\"><strong>Volume:<\/strong> 50ml<br \/>\nStore in a dry place.<br \/>\n<strong>Minimum shelf life to:<\/strong> see the packaging.<\/p>","protected":false},"excerpt":{"rendered":"<p>\u013dudov\u00e9 lie\u010dite\u013estvo naz\u00fdva t\u00fato rastlinu \u201ezv\u00e4zova\u010d kost\u00ed\u201c (forraszt\u00f3f\u0171), a nie n\u00e1hodou \u2013 na\u0161i predkovia u\u017e d\u00e1vno spozorovali, \u017ee ka\u0161ovit\u00fd obklad pripraven\u00fd z kore\u0148a a stonky lie\u010divej rastliny zmier\u0148uje pohybov\u00e9 bolesti, pom\u00e1ha vstreb\u00e1vaniu modr\u00edn a ur\u00fdch\u013euje hojenie. Dnes u\u017e vieme, \u017ee \u00fa\u010dinn\u00e9 l\u00e1tky kostivalu maj\u00fa protiz\u00e1palov\u00e9 a hojiv\u00e9 \u00fa\u010dinky, ba dokonca stimuluj\u00fa tvorbu kostn\u00e9ho lepidla, \u010do [&hellip;]<\/p>","protected":false},"featured_media":9757,"comment_status":"open","ping_status":"closed","template":"","meta":{"inline_featured_image":false},"product_brand":[],"product_cat":[19],"product_tag":[],"class_list":{"0":"post-9298","1":"product","2":"type-product","3":"status-publish","4":"has-post-thumbnail","6":"product_cat-ostatne","8":"first","9":"instock","10":"taxable","11":"shipping-taxable","12":"purchasable","13":"product-type-simple"},"aioseo_notices":[],"_links":{"self":[{"href":"https:\/\/www.biokari.sk\/en\/wp-json\/wp\/v2\/product\/9298","targetHints":{"allow":["GET"]}}],"collection":[{"href":"https:\/\/www.biokari.sk\/en\/wp-json\/wp\/v2\/product"}],"about":[{"href":"https:\/\/www.biokari.sk\/en\/wp-json\/wp\/v2\/types\/product"}],"replies":[{"embeddable":true,"href":"https:\/\/www.biokari.sk\/en\/wp-json\/wp\/v2\/comments?post=9298"}],"wp:featuredmedia":[{"embeddable":true,"href":"https:\/\/www.biokari.sk\/en\/wp-json\/wp\/v2\/media\/9757"}],"wp:attachment":[{"href":"https:\/\/www.biokari.sk\/en\/wp-json\/wp\/v2\/media?parent=9298"}],"wp:term":[{"taxonomy":"product_brand","embeddable":true,"href":"https:\/\/www.biokari.sk\/en\/wp-json\/wp\/v2\/product_brand?post=9298"},{"taxonomy":"product_cat","embeddable":true,"href":"https:\/\/www.biokari.sk\/en\/wp-json\/wp\/v2\/product_cat?post=9298"},{"taxonomy":"product_tag","embeddable":true,"href":"https:\/\/www.biokari.sk\/en\/wp-json\/wp\/v2\/product_tag?post=9298"}],"curies":[{"name":"wp","href":"https:\/\/api.w.org\/{rel}","templated":true}]}}