{"id":9300,"date":"2025-07-01T14:37:58","date_gmt":"2025-07-01T12:37:58","guid":{"rendered":"https:\/\/www.biokari.sk\/produkt\/nordvital-kreatin-prasok-500g\/"},"modified":"2026-05-01T19:01:09","modified_gmt":"2026-05-01T17:01:09","slug":"nordvital-kreatin-prasok-500g","status":"publish","type":"product","link":"https:\/\/www.biokari.sk\/en\/product\/nordvital-creatine-prasok-500g\/","title":{"rendered":"Nordvital Creatine powder 500g"},"content":{"rendered":"<p data-start=\"1462\" data-end=\"1779\">Nordvital Micronized Creatine Monohydrate is a high purity, additive-free dietary supplement designed for athletes and people with an active lifestyle. The micronized form means finer particles, ensuring better solubility in water or other beverages. Ideal for taking before or after a workout.<\/p>\n<p data-start=\"1781\" data-end=\"1850\"><strong data-start=\"1781\" data-end=\"1809\">Active Ingredient\/Ingredients: <\/strong>100 % micronized creatine monohydrate<\/p>\n<p data-start=\"1852\" data-end=\"2028\"><strong data-start=\"1852\" data-end=\"1867\">Dosage: <\/strong>Mix 1 dose (5 g) of powder with about 200 ml of water.<br data-start=\"1919\" data-end=\"1922\" \/><strong>Usage:<\/strong><br data-start=\"1931\" data-end=\"1934\" \/>- <strong data-start=\"1936\" data-end=\"1956\">on training days<\/strong>: 15 minutes before training<br data-start=\"1981\" data-end=\"1984\" \/>- <strong data-start=\"1986\" data-end=\"2005\">on rest days<\/strong>: in the morning with the first meal<\/p>\n<p data-start=\"2030\" data-end=\"2137\">The measuring tape in the package is for reference measurement only. Always use a digital scale for accurate dosing.<\/p>\n<p data-start=\"2139\" data-end=\"2233\"><strong data-start=\"2139\" data-end=\"2155\">Storage: <\/strong>In a dry, cool place, away from children and direct sunlight.<\/p>\n<p data-start=\"2235\" data-end=\"2524\"><strong data-start=\"2235\" data-end=\"2251\">Warning: <\/strong>A nutritional supplement is not a substitute for a varied and balanced diet or a healthy lifestyle.<br data-start=\"2343\" data-end=\"2346\" \/>Do not exceed the recommended daily dose!<br data-start=\"2383\" data-end=\"2386\" \/>Do not take if you are allergic to any of the ingredients.<br data-start=\"2441\" data-end=\"2444\" \/>It is recommended to consult a trainer or medical professional before use.<\/p>\n<p data-start=\"1647\" data-end=\"1743\"><strong>Weight: <\/strong>500g<\/p>\n<p data-start=\"1647\" data-end=\"1743\">Store in a dry place.<br \/>\n<strong>Minimum shelf life to:<\/strong> see the packaging.<\/p>","protected":false},"excerpt":{"rendered":"<p>Nordvital Mikronizovan\u00fd Kreat\u00edn-monohydr\u00e1t je vysoko \u010dist\u00fd doplnok v\u00fd\u017eivy bez pr\u00eddavn\u00fdch l\u00e1tok, ur\u010den\u00fd pre \u0161portovcov a \u013eud\u00ed s akt\u00edvnym \u017eivotn\u00fdm \u0161t\u00fdlom. Mikronizovan\u00e1 forma znamen\u00e1 jemnej\u0161ie \u010dastice, \u010do zais\u0165uje lep\u0161iu rozpustnos\u0165 vo vode alebo inom n\u00e1poji. Ide\u00e1lny na u\u017e\u00edvanie pred alebo po tr\u00e9ningu. \u00da\u010dinn\u00e1 l\u00e1tka \/ Zlo\u017eenie: 100\u202f% mikronizovan\u00fd kreat\u00edn-monohydr\u00e1t D\u00e1vkovanie: Zmie\u0161ajte 1 d\u00e1vku (5 g) pr\u00e1\u0161ku [&hellip;]<\/p>","protected":false},"featured_media":9564,"comment_status":"open","ping_status":"closed","template":"","meta":{"inline_featured_image":false},"product_brand":[112],"product_cat":[69],"product_tag":[],"class_list":{"0":"post-9300","1":"product","2":"type-product","3":"status-publish","4":"has-post-thumbnail","6":"product_brand-nordvital","7":"product_cat-vyzivove-doplnky","9":"first","10":"instock","11":"taxable","12":"shipping-taxable","13":"purchasable","14":"product-type-simple"},"aioseo_notices":[],"_links":{"self":[{"href":"https:\/\/www.biokari.sk\/en\/wp-json\/wp\/v2\/product\/9300","targetHints":{"allow":["GET"]}}],"collection":[{"href":"https:\/\/www.biokari.sk\/en\/wp-json\/wp\/v2\/product"}],"about":[{"href":"https:\/\/www.biokari.sk\/en\/wp-json\/wp\/v2\/types\/product"}],"replies":[{"embeddable":true,"href":"https:\/\/www.biokari.sk\/en\/wp-json\/wp\/v2\/comments?post=9300"}],"wp:featuredmedia":[{"embeddable":true,"href":"https:\/\/www.biokari.sk\/en\/wp-json\/wp\/v2\/media\/9564"}],"wp:attachment":[{"href":"https:\/\/www.biokari.sk\/en\/wp-json\/wp\/v2\/media?parent=9300"}],"wp:term":[{"taxonomy":"product_brand","embeddable":true,"href":"https:\/\/www.biokari.sk\/en\/wp-json\/wp\/v2\/product_brand?post=9300"},{"taxonomy":"product_cat","embeddable":true,"href":"https:\/\/www.biokari.sk\/en\/wp-json\/wp\/v2\/product_cat?post=9300"},{"taxonomy":"product_tag","embeddable":true,"href":"https:\/\/www.biokari.sk\/en\/wp-json\/wp\/v2\/product_tag?post=9300"}],"curies":[{"name":"wp","href":"https:\/\/api.w.org\/{rel}","templated":true}]}}