{"id":9304,"date":"2025-07-01T14:37:59","date_gmt":"2025-07-01T12:37:59","guid":{"rendered":"https:\/\/www.biokari.sk\/produkt\/nordvital-cajova-zmes-na-srdce-90g-2\/"},"modified":"2026-01-27T08:41:55","modified_gmt":"2026-01-27T07:41:55","slug":"nordvital-cajova-zmes-na-srdce-90g-2","status":"publish","type":"product","link":"https:\/\/www.biokari.sk\/en\/product\/nordvital-tea-blend-for-heart-90g-2\/","title":{"rendered":"Nordvital Tea blend for heart 90g"},"content":{"rendered":"<p data-start=\"1619\" data-end=\"1952\">Nordvital's heart support tea blend contains hawthorn blossom ends, heart-leaved mugwort, lemon balm leaves, rose hips and hibiscus flowers. These herbs have been associated in traditional folk healing with supporting the comfort of the cardiovascular system.<br data-start=\"1865\" data-end=\"1868\" \/>The balanced formula offers a pleasant taste and is suitable for everyday conscious tea drinking.<\/p>\n<p data-start=\"1954\" data-end=\"1969\"><strong data-start=\"1954\" data-end=\"1967\">Composition:\u00a0<\/strong>Flowering ends of hawthorn (Crataegi folium cum flore), Dandelion (Leonuri cardiacae herba), Melissa leaves (Melissae folium), Rose hips (Rosae pseudofructus), Hibiscus flowers (Hibisci sabdariffae flos)<\/p>\n<p data-start=\"2211\" data-end=\"2396\"><strong>Instructions for use:<\/strong>Pour 1 teaspoon of the mixture over 1.5 dl of boiling water, cover and leave to infuse for 10 minutes.<\/p>\n<p data-start=\"2211\" data-end=\"2396\"><strong data-start=\"2324\" data-end=\"2351\">Recommended daily dose:<\/strong> 3-4 cups per day, in the cure for at least 6 weeks.<\/p>\n<p data-start=\"2398\" data-end=\"2416\"><strong data-start=\"2398\" data-end=\"2414\">Warning: <\/strong>Not suitable for pregnant and lactating women. The product is a food, it does not replace medical treatment. Not suitable for people with allergies or hypersensitivity to any of the ingredients. If you are taking medication or are under continuing medical care, consult a doctor or pharmacist before use.\u00a0<\/p>\n\n\n<p>Weight: 90g<\/p>\n\n\n\n<p>Store in a dry place. <br><strong>Minimum shelf life to:<\/strong> see the packaging.<\/p>\n\n\n\n<p><\/p>","protected":false},"excerpt":{"rendered":"<p>\u010cajov\u00e1 zmes Nordvital na podporu srdca obsahuje kvetn\u00e9 konce hlohu, pamajor\u00e1n srdcovit\u00fd, listy medovky, plody \u0161\u00edpky a kvety ibi\u0161teka. Tieto byliny sa v tradi\u010dnom \u013eudovom lie\u010dite\u013estve sp\u00e1jali s podporou komfortu srdcovo-cievneho syst\u00e9mu.Vyv\u00e1\u017een\u00e1 recept\u00fara pon\u00faka pr\u00edjemn\u00fa chu\u0165 a je vhodn\u00e1 na ka\u017edodenn\u00e9 vedom\u00e9 pitie \u010daju. Zlo\u017eenie:\u00a0Kvetn\u00e9 konce hlohu (Crataegi folium cum flore), Pamajor\u00e1n srdcovit\u00fd (Leonuri cardiacae [&hellip;]<\/p>","protected":false},"featured_media":9559,"comment_status":"open","ping_status":"closed","template":"","meta":{"inline_featured_image":false},"product_brand":[112],"product_cat":[148,151],"product_tag":[],"class_list":{"0":"post-9304","1":"product","2":"type-product","3":"status-publish","4":"has-post-thumbnail","6":"product_brand-nordvital","7":"product_cat-liecive-rastliny","8":"product_cat-srdcovo-cievny-system-liecive-rastliny","10":"first","11":"onbackorder","12":"taxable","13":"shipping-taxable","14":"purchasable","15":"product-type-simple"},"aioseo_notices":[],"_links":{"self":[{"href":"https:\/\/www.biokari.sk\/en\/wp-json\/wp\/v2\/product\/9304","targetHints":{"allow":["GET"]}}],"collection":[{"href":"https:\/\/www.biokari.sk\/en\/wp-json\/wp\/v2\/product"}],"about":[{"href":"https:\/\/www.biokari.sk\/en\/wp-json\/wp\/v2\/types\/product"}],"replies":[{"embeddable":true,"href":"https:\/\/www.biokari.sk\/en\/wp-json\/wp\/v2\/comments?post=9304"}],"wp:featuredmedia":[{"embeddable":true,"href":"https:\/\/www.biokari.sk\/en\/wp-json\/wp\/v2\/media\/9559"}],"wp:attachment":[{"href":"https:\/\/www.biokari.sk\/en\/wp-json\/wp\/v2\/media?parent=9304"}],"wp:term":[{"taxonomy":"product_brand","embeddable":true,"href":"https:\/\/www.biokari.sk\/en\/wp-json\/wp\/v2\/product_brand?post=9304"},{"taxonomy":"product_cat","embeddable":true,"href":"https:\/\/www.biokari.sk\/en\/wp-json\/wp\/v2\/product_cat?post=9304"},{"taxonomy":"product_tag","embeddable":true,"href":"https:\/\/www.biokari.sk\/en\/wp-json\/wp\/v2\/product_tag?post=9304"}],"curies":[{"name":"wp","href":"https:\/\/api.w.org\/{rel}","templated":true}]}}