{"id":9306,"date":"2025-07-01T14:38:00","date_gmt":"2025-07-01T12:38:00","guid":{"rendered":"https:\/\/www.biokari.sk\/produkt\/nordvital-stress-control-kapsuly-60ks\/"},"modified":"2026-05-02T19:01:08","modified_gmt":"2026-05-02T17:01:08","slug":"nordvital-stress-control-kapsuly-60ks","status":"publish","type":"product","link":"https:\/\/www.biokari.sk\/en\/product\/nordvital-stress-control-capsules-60pcs\/","title":{"rendered":"Nordvital Stress control capsules 60pcs"},"content":{"rendered":"<p data-start=\"2025\" data-end=\"2359\">Stress Control capsule is a dietary supplement with selected plant extracts and important vitamins and minerals.<br data-start=\"2141\" data-end=\"2144\" \/>It contains ashwagandha KSM-66\u00ae, honeydew, rosehip, L-theanine, GABA, as well as B vitamins and magnesium - substances traditionally used during periods of stress. Suitable as part of a daily nutritional supplement.<\/p>\n<p data-start=\"2361\" data-end=\"2394\"><strong data-start=\"2361\" data-end=\"2394\">Active ingredients (in 2 capsules):<br \/>\n<\/strong> Thiamine (vitamin B1): 25 mg (*)<br \/>\nRiboflavin (vitamin B2): 25 mg (*)<br \/>\nVitamin B6: 12 mg (*)<br \/>\nMagnesium: 57 mg (*)<br \/>\nL-theanine: 200 mg (**)<br \/>\nKSM-66\u00ae ashwagandha root extract: 249 mg (**)<br \/>\nGABA (gamma-aminobutyric acid): 200 mg (**)<br \/>\nLemon balm extract 4:1: 100 mg (**)<br \/>\nRosehip extract 4:1: 100 mg (**)<\/p>\n<p data-start=\"2731\" data-end=\"2817\">(*) Adult income reference value<br data-start=\"2774\" data-end=\"2777\" \/>(**) Benchmark not set<\/p>\n<p data-start=\"2819\" data-end=\"3074\"><strong data-start=\"2819\" data-end=\"2832\">Composition:<\/strong> magnesium bisglycinate, green tea extract, hydroxypropyl methylcellulose (vegan capsule), KSM-66\u00ae ashwagandha, GABA, rosehip extract, lemon balm extract, leucine, thiamine mononitrate, riboflavin, pyridoxal-5-phosphate, rice flour.<\/p>\n<p data-start=\"3076\" data-end=\"3244\"><strong data-start=\"3076\" data-end=\"3091\">Dosage:<\/strong> 2 capsules daily with meals.<br data-start=\"3123\" data-end=\"3126\" \/><strong data-start=\"3126\" data-end=\"3142\">Storage:<\/strong> Store in a dry place out of direct sunlight, at room temperature, out of the reach of children.<\/p>\n<p data-start=\"3246\" data-end=\"3464\"><strong data-start=\"3246\" data-end=\"3262\">Warning: <\/strong>A nutritional supplement is not a substitute for a varied and balanced diet or a healthy lifestyle. Do not exceed the recommended daily dose. Do not take if you are allergic or hypersensitive to any of the ingredients.<\/p>","protected":false},"excerpt":{"rendered":"<p>Stress Control kapsula je v\u00fd\u017eivov\u00fd doplnok s vybran\u00fdmi rastlinn\u00fdmi extraktmi a d\u00f4le\u017eit\u00fdmi vitam\u00ednmi a miner\u00e1lmi.Obsahuje ashwagandhu KSM-66\u00ae, medovku, rozchodnicu ru\u017eov\u00fa, L-tean\u00edn, GABA, ako aj vitam\u00edny skupiny B a hor\u010d\u00edk \u2013 l\u00e1tky, ktor\u00e9 sa tradi\u010dne pou\u017e\u00edvaj\u00fa po\u010das stresov\u00fdch obdob\u00ed. Vhodn\u00e9 ako s\u00fa\u010das\u0165 denn\u00e9ho doplnenia v\u00fd\u017eivy. \u00da\u010dinn\u00e9 l\u00e1tky (v 2 kapsul\u00e1ch): Tiam\u00edn (vitam\u00edn B1): 25 mg (*) [&hellip;]<\/p>","protected":false},"featured_media":9558,"comment_status":"open","ping_status":"closed","template":"","meta":{"inline_featured_image":false},"product_brand":[112],"product_cat":[69],"product_tag":[],"class_list":{"0":"post-9306","1":"product","2":"type-product","3":"status-publish","4":"has-post-thumbnail","6":"product_brand-nordvital","7":"product_cat-vyzivove-doplnky","9":"first","10":"instock","11":"taxable","12":"shipping-taxable","13":"purchasable","14":"product-type-simple"},"aioseo_notices":[],"_links":{"self":[{"href":"https:\/\/www.biokari.sk\/en\/wp-json\/wp\/v2\/product\/9306","targetHints":{"allow":["GET"]}}],"collection":[{"href":"https:\/\/www.biokari.sk\/en\/wp-json\/wp\/v2\/product"}],"about":[{"href":"https:\/\/www.biokari.sk\/en\/wp-json\/wp\/v2\/types\/product"}],"replies":[{"embeddable":true,"href":"https:\/\/www.biokari.sk\/en\/wp-json\/wp\/v2\/comments?post=9306"}],"wp:featuredmedia":[{"embeddable":true,"href":"https:\/\/www.biokari.sk\/en\/wp-json\/wp\/v2\/media\/9558"}],"wp:attachment":[{"href":"https:\/\/www.biokari.sk\/en\/wp-json\/wp\/v2\/media?parent=9306"}],"wp:term":[{"taxonomy":"product_brand","embeddable":true,"href":"https:\/\/www.biokari.sk\/en\/wp-json\/wp\/v2\/product_brand?post=9306"},{"taxonomy":"product_cat","embeddable":true,"href":"https:\/\/www.biokari.sk\/en\/wp-json\/wp\/v2\/product_cat?post=9306"},{"taxonomy":"product_tag","embeddable":true,"href":"https:\/\/www.biokari.sk\/en\/wp-json\/wp\/v2\/product_tag?post=9306"}],"curies":[{"name":"wp","href":"https:\/\/api.w.org\/{rel}","templated":true}]}}