{"id":9317,"date":"2025-07-01T15:33:27","date_gmt":"2025-07-01T13:33:27","guid":{"rendered":"https:\/\/www.biokari.sk\/produkt\/gal-q10-mtc-olej-250ml\/"},"modified":"2026-04-29T19:03:13","modified_gmt":"2026-04-29T17:03:13","slug":"gal-q10-mtc-olej-250ml","status":"publish","type":"product","link":"https:\/\/www.biokari.sk\/en\/product\/gal-q10-mtc-olej-250ml\/","title":{"rendered":"Gal Q10 + MTC oil 250ml"},"content":{"rendered":"<p data-start=\"292\" data-end=\"346\"><strong data-start=\"292\" data-end=\"344\">Vlastnosti a \u00fa\u010dinky Q10 pod\u013ea klinick\u00fdch \u0161t\u00fadi\u00ed:<\/strong><\/p>\n<ul data-start=\"347\" data-end=\"932\">\n<li data-start=\"347\" data-end=\"478\">\n<p data-start=\"349\" data-end=\"478\">Zlep\u0161il cirkul\u00e1ciu, prietok krvi, endoteli\u00e1lnu funkciu, stav enz\u00fdmov produkuj\u00facich antioxidanty a dokonca aj erektiln\u00fa funkciu.<\/p>\n<\/li>\n<li data-start=\"479\" data-end=\"537\">\n<p data-start=\"481\" data-end=\"537\">V nieko\u013ek\u00fdch \u0161t\u00fadi\u00e1ch zlep\u0161il \u0161portov\u00fd v\u00fdkon a VO2max.<\/p>\n<\/li>\n<li data-start=\"538\" data-end=\"689\">\n<p data-start=\"540\" data-end=\"689\">VO2max ur\u010duje maxim\u00e1lne mno\u017estvo kysl\u00edka, ktor\u00e9 dok\u00e1\u017ee telo prija\u0165 a transportova\u0165; zlep\u0161il kvalitu a pohyblivos\u0165 spermi\u00ed a celkov\u00fa kvalitu \u017eivota.<\/p>\n<\/li>\n<li data-start=\"690\" data-end=\"799\">\n<p data-start=\"692\" data-end=\"799\">V\u00fdznamne zn\u00ed\u017eil peroxid\u00e1ciu lipidov, sympt\u00f3my fibromyalgie, Prader-Williho syndr\u00f3mu a Peyronieho choroby.<\/p>\n<\/li>\n<li data-start=\"800\" data-end=\"932\">\n<p data-start=\"802\" data-end=\"932\">Mierne zn\u00ed\u017eil UV po\u0161kodenie poko\u017eky, \u00fanavu, pr\u00edznaky Parkinsonovej choroby, po\u0161kodenie svalov, riziko preeklampsie a krvn\u00fd tlak.<\/p>\n<\/li>\n<\/ul>\n<p data-start=\"957\" data-end=\"1296\"><strong data-start=\"957\" data-end=\"972\">Dosage: <\/strong>Odpor\u00fa\u010dame 5 ml denne (2 \u010dajov\u00e9 ly\u017ei\u010dky), rozdelen\u00e9 aj na viac d\u00e1vok. Najlep\u0161ie po\u010das jedla, ale je mo\u017en\u00e9 aj nala\u010dno. V prv\u00fdch d\u0148och odpor\u00fa\u010dame len 1 \u010dajov\u00fa ly\u017ei\u010dku, preto\u017ee MCT olej m\u00f4\u017ee u citlivej\u0161\u00edch os\u00f4b vyvola\u0165 miernu hna\u010dku (pod 10 ml denne je to ve\u013emi zriedkav\u00e9). Tento efekt \u010dasom ust\u00fapi a d\u00e1vka sa m\u00f4\u017ee zv\u00fd\u0161i\u0165.<\/p>\n<h2 data-start=\"1303\" data-end=\"1332\"><strong data-start=\"1306\" data-end=\"1330\">Vlastnosti produktu:<\/strong><\/h2>\n<ul data-start=\"1333\" data-end=\"1601\">\n<li data-start=\"1333\" data-end=\"1346\">\n<p data-start=\"1335\" data-end=\"1346\">Bez lepku<\/p>\n<\/li>\n<li data-start=\"1347\" data-end=\"1360\">\n<p data-start=\"1349\" data-end=\"1360\">Bez vajec<\/p>\n<\/li>\n<li data-start=\"1361\" data-end=\"1387\">\n<p data-start=\"1363\" data-end=\"1387\">Bez s\u00f3jov\u00fdch alerg\u00e9nov<\/p>\n<\/li>\n<li data-start=\"1388\" data-end=\"1424\">\n<p data-start=\"1390\" data-end=\"1424\">Bez mlie\u010dnych v\u00fdrobkov a lakt\u00f3zy<\/p>\n<\/li>\n<li data-start=\"1425\" data-end=\"1449\">\n<p data-start=\"1427\" data-end=\"1449\">Bez oxidu siri\u010dit\u00e9ho<\/p>\n<\/li>\n<li data-start=\"1450\" data-end=\"1463\">\n<p data-start=\"1452\" data-end=\"1463\">Bez cukru<\/p>\n<\/li>\n<li data-start=\"1464\" data-end=\"1475\">\n<p data-start=\"1466\" data-end=\"1475\">Non-GMO<\/p>\n<\/li>\n<li data-start=\"1476\" data-end=\"1493\">\n<p data-start=\"1478\" data-end=\"1493\">Vegetari\u00e1nsky<\/p>\n<\/li>\n<li data-start=\"1494\" data-end=\"1506\">\n<p data-start=\"1496\" data-end=\"1506\">Veg\u00e1nsky<\/p>\n<\/li>\n<li data-start=\"1507\" data-end=\"1533\">\n<p data-start=\"1509\" data-end=\"1533\">RSPO certifikovan\u00fd MCT<\/p>\n<\/li>\n<li data-start=\"1534\" data-end=\"1571\">\n<p data-start=\"1536\" data-end=\"1571\">Obal z uhl\u00edkovo neutr\u00e1lnej v\u00fdroby<\/p>\n<\/li>\n<li data-start=\"1572\" data-end=\"1601\">\n<p data-start=\"1574\" data-end=\"1601\">100 % recyklovate\u013en\u00fd obal<\/p>\n<\/li>\n<\/ul>\n<h2 data-start=\"1608\" data-end=\"1629\"><strong data-start=\"1611\" data-end=\"1627\">Warnings:<\/strong><\/h2>\n<ul data-start=\"1630\" data-end=\"1787\">\n<li data-start=\"1630\" data-end=\"1671\">\n<p data-start=\"1632\" data-end=\"1671\">Do not exceed the recommended daily dose!<\/p>\n<\/li>\n<li data-start=\"1672\" data-end=\"1753\">\n<p data-start=\"1674\" data-end=\"1753\">A nutritional supplement is not a substitute for a balanced and varied diet or a healthy lifestyle.<\/p>\n<\/li>\n<li data-start=\"1754\" data-end=\"1787\">\n<p data-start=\"1756\" data-end=\"1787\">Uchov\u00e1vajte mimo dosahu det\u00ed.<\/p>\n<\/li>\n<\/ul>\n<h2 data-start=\"1794\" data-end=\"1835\"><strong data-start=\"1797\" data-end=\"1833\">U\u017eito\u010dn\u00e9 inform\u00e1cie o Q10 a MCT:<\/strong><\/h2>\n<p data-start=\"1836\" data-end=\"1953\">Q10 koenz\u00fdm existuje v dvoch form\u00e1ch: <strong data-start=\"1874\" data-end=\"1909\">reduk\u010dnej (ubiquinol, ubikinol)<\/strong> a <strong data-start=\"1912\" data-end=\"1950\">nereduk\u010dnej (ubiquinone, ubikinon)<\/strong>.<\/p>\n<ul data-start=\"1954\" data-end=\"2348\">\n<li data-start=\"1954\" data-end=\"2043\">\n<p data-start=\"1956\" data-end=\"2043\">Prirodzene je mo\u017en\u00e9 vyrobi\u0165 iba neredukovan\u00fa formu (ide\u00e1lne rastlinnou ferment\u00e1ciou).<\/p>\n<\/li>\n<li data-start=\"2044\" data-end=\"2118\">\n<p data-start=\"2046\" data-end=\"2118\">Obe formy s\u00fa pr\u00edtomn\u00e9 v na\u0161om tele aj v potravin\u00e1ch a obe s\u00fa potrebn\u00e9.<\/p>\n<\/li>\n<li data-start=\"2119\" data-end=\"2226\">\n<p data-start=\"2121\" data-end=\"2226\">Redukovan\u00e1 forma je ve\u013emi citliv\u00e1 na teplo, kyseliny a svetlo \u2013 \u017eal\u00fado\u010dn\u00e1 kyselina ju okam\u017eite oxiduje.<\/p>\n<\/li>\n<li data-start=\"2227\" data-end=\"2348\">\n<p data-start=\"2229\" data-end=\"2348\">Preto sa peror\u00e1lne re\u00e1lne vstreb\u00e1va len neredukovan\u00e1 forma, ktor\u00fa si organizmus pod\u013ea potreby premie\u0148a na redukovan\u00fa.<\/p>\n<\/li>\n<\/ul>\n<p data-start=\"2350\" data-end=\"2671\"><strong data-start=\"2350\" data-end=\"2379\">Probl\u00e9m s kry\u0161taliz\u00e1ciou:<\/strong><br data-start=\"2379\" data-end=\"2382\" \/>Q10 je kry\u0161talick\u00e1 l\u00e1tka, ktor\u00e1 sa vo vode v\u00f4bec, v oleji len \u0165a\u017eko rozp\u00fa\u0161\u0165a. Bez kry\u0161t\u00e1lovo stabiln\u00e9ho stavu je jeho vstreb\u00e1vanie minim\u00e1lne.<br data-start=\"2523\" data-end=\"2526\" \/>N\u00e1\u0161 produkt obsahuje <strong data-start=\"2547\" data-end=\"2595\">najvy\u0161\u0161ie mo\u017en\u00e9 koncentr\u00e1cie Q10 v MCT oleji<\/strong>, kde zost\u00e1va stabiln\u00fd a kry\u0161t\u00e1lovo \u010dist\u00fd aj v \u0161irokom teplotnom rozmedz\u00ed.<\/p>\n<p data-start=\"2673\" data-end=\"2843\"><strong data-start=\"2673\" data-end=\"2692\">Pre\u010do MCT olej:<\/strong><br data-start=\"2692\" data-end=\"2695\" \/>Rozpustili sme ho v MCT oleji zo semien palmy (z udr\u017eate\u013en\u00e9ho zdroja), aby bola zabezpe\u010den\u00e1 dobr\u00e1 vstrebate\u013enos\u0165 aj pri nedostato\u010dnej tvorbe \u017el\u010de.<\/p>\n<p data-start=\"2845\" data-end=\"3001\"><strong data-start=\"2845\" data-end=\"2878\">Pridan\u00fd antioxidantn\u00fd syst\u00e9m:<\/strong><br data-start=\"2878\" data-end=\"2881\" \/>Pre stabilitu a podporu premeny Q10 na redukovan\u00fa formu sme pridali <strong data-start=\"2949\" data-end=\"2982\">pr\u00edrodn\u00fd antioxida\u010dn\u00fd komplex<\/strong>, ktor\u00fd obsahuje:<\/p>\n<ul data-start=\"3002\" data-end=\"3128\">\n<li data-start=\"3002\" data-end=\"3052\">\n<p data-start=\"3004\" data-end=\"3052\">superkritick\u00fd extrakt z listov gr\u00e9ckej \u0161alvie,<\/p>\n<\/li>\n<li data-start=\"3053\" data-end=\"3128\">\n<p data-start=\"3055\" data-end=\"3128\">tokotrienoly a tokoferoly z plodov \u010dervenej palmy a rastlinn\u00fdch olejov.<\/p>\n<\/li>\n<\/ul>\n<h3 data-start=\"3135\" data-end=\"3153\"><strong data-start=\"3138\" data-end=\"3151\">Composition:\u00a0<\/strong>MCT olej (z udr\u017eate\u013en\u00fdch zdrojov), Q10 koenz\u00fdm (ubikinon), pr\u00edrodn\u00fd antioxidant: zmes tokoferolov a tokotrienolov (z du\u017einy \u010dervenej palmy a in\u00fdch rastlinn\u00fdch olejov), superkritick\u00fd extrakt z listov gr\u00e9ckej \u0161alvie.<\/h3>\n<h2 data-start=\"3377\" data-end=\"3434\"><strong data-start=\"3380\" data-end=\"3432\">Ofici\u00e1lne upozornenie (v s\u00falade s E\u00da predpismi):<\/strong><\/h2>\n<p data-start=\"3435\" data-end=\"3671\">Pod\u013ea platnej legislat\u00edvy E\u00da s\u00fa v\u00fd\u017eivov\u00e9 doplnky potraviny, ktor\u00e9 dop\u013a\u0148aj\u00fa be\u017en\u00fa stravu a obsahuj\u00fa koncentrovan\u00e9 \u017eiviny. Aj ke\u010f m\u00f4\u017eu ma\u0165 priazniv\u00e9 \u00fa\u010dinky na zdravie, <strong data-start=\"3601\" data-end=\"3668\">nie je povolen\u00e9 im pripisova\u0165 lie\u010debn\u00e9 alebo prevent\u00edvne \u00fa\u010dinky<\/strong>.<\/p>\n<ul data-start=\"3673\" data-end=\"4010\">\n<li data-start=\"3673\" data-end=\"3745\">\n<p data-start=\"3675\" data-end=\"3745\">Produkt nenahr\u00e1dza vyv\u00e1\u017een\u00fa a pestr\u00fa stravu ani zdrav\u00fd \u017eivotn\u00fd \u0161t\u00fdl.<\/p>\n<\/li>\n<li data-start=\"3746\" data-end=\"3817\">\n<p data-start=\"3748\" data-end=\"3817\">Produkt nelie\u010di choroby a nie je n\u00e1hradou lek\u00e1rskej starostlivosti.<\/p>\n<\/li>\n<li data-start=\"3818\" data-end=\"3873\">\n<p data-start=\"3820\" data-end=\"3873\">In case of illness, consult a doctor.<\/p>\n<\/li>\n<li data-start=\"3874\" data-end=\"3915\">\n<p data-start=\"3876\" data-end=\"3915\">Do not exceed the recommended daily dose.<\/p>\n<\/li>\n<li data-start=\"3916\" data-end=\"3976\">\n<p data-start=\"3918\" data-end=\"3976\">Nepou\u017e\u00edvajte, ak ste alergick\u00fd\/\u00e1 na niektor\u00fa zo zlo\u017eiek.<\/p>\n<\/li>\n<li data-start=\"3977\" data-end=\"4010\">\n<p data-start=\"3979\" data-end=\"4010\">Uchov\u00e1vajte mimo dosahu det\u00ed.<\/p>\n<\/li>\n<\/ul>\n\n\n<p><strong>Volume:<\/strong> 250 ml<br>Store in a dry place. <br><strong>Minimum shelf life to:<\/strong> see packaging<\/p>","protected":false},"excerpt":{"rendered":"<p>Vlastnosti a \u00fa\u010dinky Q10 pod\u013ea klinick\u00fdch \u0161t\u00fadi\u00ed: Zlep\u0161il cirkul\u00e1ciu, prietok krvi, endoteli\u00e1lnu funkciu, stav enz\u00fdmov produkuj\u00facich antioxidanty a dokonca aj erektiln\u00fa funkciu. V nieko\u013ek\u00fdch \u0161t\u00fadi\u00e1ch zlep\u0161il \u0161portov\u00fd v\u00fdkon a VO2max. VO2max ur\u010duje maxim\u00e1lne mno\u017estvo kysl\u00edka, ktor\u00e9 dok\u00e1\u017ee telo prija\u0165 a transportova\u0165; zlep\u0161il kvalitu a pohyblivos\u0165 spermi\u00ed a celkov\u00fa kvalitu \u017eivota. V\u00fdznamne zn\u00ed\u017eil peroxid\u00e1ciu lipidov, sympt\u00f3my [&hellip;]<\/p>","protected":false},"featured_media":9753,"comment_status":"open","ping_status":"closed","template":"","meta":{"inline_featured_image":false},"product_brand":[113],"product_cat":[69],"product_tag":[],"class_list":{"0":"post-9317","1":"product","2":"type-product","3":"status-publish","4":"has-post-thumbnail","6":"product_brand-gal","7":"product_cat-vyzivove-doplnky","9":"first","10":"instock","11":"taxable","12":"shipping-taxable","13":"purchasable","14":"product-type-simple"},"aioseo_notices":[],"_links":{"self":[{"href":"https:\/\/www.biokari.sk\/en\/wp-json\/wp\/v2\/product\/9317","targetHints":{"allow":["GET"]}}],"collection":[{"href":"https:\/\/www.biokari.sk\/en\/wp-json\/wp\/v2\/product"}],"about":[{"href":"https:\/\/www.biokari.sk\/en\/wp-json\/wp\/v2\/types\/product"}],"replies":[{"embeddable":true,"href":"https:\/\/www.biokari.sk\/en\/wp-json\/wp\/v2\/comments?post=9317"}],"wp:featuredmedia":[{"embeddable":true,"href":"https:\/\/www.biokari.sk\/en\/wp-json\/wp\/v2\/media\/9753"}],"wp:attachment":[{"href":"https:\/\/www.biokari.sk\/en\/wp-json\/wp\/v2\/media?parent=9317"}],"wp:term":[{"taxonomy":"product_brand","embeddable":true,"href":"https:\/\/www.biokari.sk\/en\/wp-json\/wp\/v2\/product_brand?post=9317"},{"taxonomy":"product_cat","embeddable":true,"href":"https:\/\/www.biokari.sk\/en\/wp-json\/wp\/v2\/product_cat?post=9317"},{"taxonomy":"product_tag","embeddable":true,"href":"https:\/\/www.biokari.sk\/en\/wp-json\/wp\/v2\/product_tag?post=9317"}],"curies":[{"name":"wp","href":"https:\/\/api.w.org\/{rel}","templated":true}]}}