{"id":9319,"date":"2025-07-01T15:33:44","date_gmt":"2025-07-01T13:33:44","guid":{"rendered":"https:\/\/www.biokari.sk\/produkt\/nordvital-enzim-komplex-kapsuly-60ks\/"},"modified":"2026-04-27T19:02:10","modified_gmt":"2026-04-27T17:02:10","slug":"nordvital-enzim-komplex-kapsuly-60ks","status":"publish","type":"product","link":"https:\/\/www.biokari.sk\/en\/product\/nordvital-enzim-complex-capsules-60pcs\/","title":{"rendered":"Nordvital Enzyme Complex Capsules 60pcs"},"content":{"rendered":"<p data-start=\"1039\" data-end=\"1166\">Nordvital Enzyme Complex is a dietary supplement containing eight carefully selected digestive enzymes.<br data-start=\"713\" data-end=\"716\" \/>The composition of the preparation is designed so that the individual enzymes complement each other and support proper digestion - including the breakdown of lactose. Lactase, betaine hydrochloride and other popular enzymes are the ideal choice for conscious supplementation and maintaining digestive comfort.<\/p>\n<p data-start=\"1168\" data-end=\"1197\"><strong data-start=\"1168\" data-end=\"1197\">Active ingredients in 1 capsule: <\/strong>Protease (Aspergillus flavus oryzae) - 14 850 U Papain - 6 000 U Bromelain - 33 750 U Alpha-amylase - 5 940 U Lipase - 297 U Cellulase - 120 U Lactase - 75 ALU Alpha-galactosidase - 50 U Betaine hydrochloride - 50 mg<\/p>\n<p data-start=\"1447\" data-end=\"1645\"><strong data-start=\"1447\" data-end=\"1460\">Composition:<\/strong> rice flour, protease, alpha-amylase, hydroxypropylmethylcellulose (capsule), bromelain, betaine-HCl, leucine (anti-caking agent), papain, lactase, lipase, cellulase, alpha-galactosidase.<\/p>\n<p data-start=\"1647\" data-end=\"1743\"><strong data-start=\"1647\" data-end=\"1660\">Application:<\/strong> For digestive problems, bloating, lactose intolerance and after heavy meals.<\/p>\n<p data-start=\"1647\" data-end=\"1743\"><strong data-start=\"965\" data-end=\"991\">Recommended dosage:<\/strong> 1 capsule daily with meals.<\/p>\n<p data-start=\"1647\" data-end=\"1743\"><strong>Quantity:<\/strong> 60pcs<\/p>\n<p data-start=\"1647\" data-end=\"1743\">Store in a dry place. <br \/><strong>Minimum shelf life to:<\/strong> see the packaging.<\/p>","protected":false},"excerpt":{"rendered":"<p>Nordvital Enzym Komplex je v\u00fd\u017eivov\u00fd doplnok obsahuj\u00faci osem starostlivo vybran\u00fdch tr\u00e1viacich enz\u00fdmov.Zlo\u017eenie pr\u00edpravku je navrhnut\u00e9 tak, aby sa jednotliv\u00e9 enz\u00fdmy vz\u00e1jomne dop\u013a\u0148ali a podporovali spr\u00e1vne tr\u00e1venie \u2013 vr\u00e1tane rozkladu lakt\u00f3zy. Lakt\u00e1za, betain-hydrochlorid a \u010fal\u0161ie ob\u013e\u00faben\u00e9 enz\u00fdmy predstavuj\u00fa ide\u00e1lnu vo\u013ebu pre vedom\u00e9 doplnenie v\u00fd\u017eivy a zachovanie tr\u00e1viaceho komfortu. \u00da\u010dinn\u00e9 l\u00e1tky v 1 kapsule: Prote\u00e1za (Aspergillus flavus [&hellip;]<\/p>","protected":false},"featured_media":9556,"comment_status":"open","ping_status":"closed","template":"","meta":{"inline_featured_image":false},"product_brand":[112],"product_cat":[69,143,148,152],"product_tag":[],"class_list":{"0":"post-9319","1":"product","2":"type-product","3":"status-publish","4":"has-post-thumbnail","6":"product_brand-nordvital","7":"product_cat-vyzivove-doplnky","8":"product_cat-zaludok-a-crevna-cinnost","9":"product_cat-liecive-rastliny","10":"product_cat-zaludok-a-crevna-cinnost-liecive-rastliny","12":"first","13":"instock","14":"taxable","15":"shipping-taxable","16":"purchasable","17":"product-type-simple"},"aioseo_notices":[],"_links":{"self":[{"href":"https:\/\/www.biokari.sk\/en\/wp-json\/wp\/v2\/product\/9319","targetHints":{"allow":["GET"]}}],"collection":[{"href":"https:\/\/www.biokari.sk\/en\/wp-json\/wp\/v2\/product"}],"about":[{"href":"https:\/\/www.biokari.sk\/en\/wp-json\/wp\/v2\/types\/product"}],"replies":[{"embeddable":true,"href":"https:\/\/www.biokari.sk\/en\/wp-json\/wp\/v2\/comments?post=9319"}],"wp:featuredmedia":[{"embeddable":true,"href":"https:\/\/www.biokari.sk\/en\/wp-json\/wp\/v2\/media\/9556"}],"wp:attachment":[{"href":"https:\/\/www.biokari.sk\/en\/wp-json\/wp\/v2\/media?parent=9319"}],"wp:term":[{"taxonomy":"product_brand","embeddable":true,"href":"https:\/\/www.biokari.sk\/en\/wp-json\/wp\/v2\/product_brand?post=9319"},{"taxonomy":"product_cat","embeddable":true,"href":"https:\/\/www.biokari.sk\/en\/wp-json\/wp\/v2\/product_cat?post=9319"},{"taxonomy":"product_tag","embeddable":true,"href":"https:\/\/www.biokari.sk\/en\/wp-json\/wp\/v2\/product_tag?post=9319"}],"curies":[{"name":"wp","href":"https:\/\/api.w.org\/{rel}","templated":true}]}}