{"id":9344,"date":"2025-07-03T07:57:54","date_gmt":"2025-07-03T05:57:54","guid":{"rendered":"https:\/\/www.biokari.sk\/produkt\/rummo-bezlepkovy-gnocchi-500g\/"},"modified":"2026-03-13T18:01:01","modified_gmt":"2026-03-13T17:01:01","slug":"rummo-bezlepkovy-gnocchi-500g","status":"publish","type":"product","link":"https:\/\/www.biokari.sk\/en\/product\/rummo-gluten-free-gnocchi-500g\/","title":{"rendered":"Rummo Gluten-free gnocchi 500g"},"content":{"rendered":"<p>Gnocchi is a dish that must not be missing in any Italian household. Their seasoning varies<br>depending on the region in which they are prepared. They are delicious, for example, with tomato<br>sauce, cheese sauce or even with plain sage in butter. In gluten-free version.<\/p>\n\n\n\n<p><strong>Composition:<\/strong> fresh potatoes 80% (water, potatoes 33%), durum wheat semolina 10%, potato starch 6.5%, rice flour 1.5%, <strong>acidity regulator:<\/strong> lactic acid, <strong>Coservant:<\/strong> reindeer acid, natural flavour, turmeric<\/p>\n\n\n\n<p class=\"has-x-small-font-size\"><strong>Nutritional values per 100g<\/strong>:  <br>Energy: 678kj\/160kcal, <br>Fat: 0g of which saturated: 0g,<br>Carbohydrates: 36g of which sugars: 0g, <br>Protein: 3,5g, Fiber: 0,8g, Salt: 1,5g<\/p>\n\n\n\n<p><strong>Weight:<\/strong> 500g<\/p>\n\n\n\n<p><strong>Minimum shelf life to:<\/strong> see the packaging. <br><strong>Country of origin:<\/strong> Italy<br>Store in a dry place.<\/p>\n\n\n\n<p><\/p>\n\n\n\n<p><\/p>\n\n\n\n<p><\/p>\n\n\n\n<p><\/p>\n\n\n\n<p><\/p>\n\n\n\n<p class=\"has-x-small-font-size\"><\/p>","protected":false},"excerpt":{"rendered":"<p>Gnocchi s\u00fa jedlo, ktor\u00e9 nesmie ch\u00fdba\u0165 v \u017eiadnej talianskej dom\u00e1cnosti. Ich dochutenie sa l\u00ed\u0161iv z\u00e1vislosti od regi\u00f3nu, v ktorom sa pripravuj\u00fa. S\u00fa vynikaj\u00face napr\u00edklad s paradajkovouom\u00e1\u010dkou, syrovou om\u00e1\u010dkou alebo aj s oby\u010dajnou \u0161alviou na masle. V bezlepkovej verzii. Zlo\u017eenie: \u010derstv\u00e9 zemiaky 80% (voda, zemiaky 33%), krupica z tvrdej p\u0161enice 10%, zemiakov\u00fd \u0161krob 6,5%, ry\u017eov\u00e1 m\u00faka [&hellip;]<\/p>","protected":false},"featured_media":9487,"comment_status":"open","ping_status":"closed","template":"","meta":{"inline_featured_image":false},"product_brand":[],"product_cat":[71,125],"product_tag":[133],"class_list":{"0":"post-9344","1":"product","2":"type-product","3":"status-publish","4":"has-post-thumbnail","6":"product_cat-potraviny","7":"product_cat-cestoviny","8":"product_tag-talianske-vyrobky","10":"first","11":"instock","12":"taxable","13":"shipping-taxable","14":"purchasable","15":"product-type-simple"},"aioseo_notices":[],"_links":{"self":[{"href":"https:\/\/www.biokari.sk\/en\/wp-json\/wp\/v2\/product\/9344","targetHints":{"allow":["GET"]}}],"collection":[{"href":"https:\/\/www.biokari.sk\/en\/wp-json\/wp\/v2\/product"}],"about":[{"href":"https:\/\/www.biokari.sk\/en\/wp-json\/wp\/v2\/types\/product"}],"replies":[{"embeddable":true,"href":"https:\/\/www.biokari.sk\/en\/wp-json\/wp\/v2\/comments?post=9344"}],"wp:featuredmedia":[{"embeddable":true,"href":"https:\/\/www.biokari.sk\/en\/wp-json\/wp\/v2\/media\/9487"}],"wp:attachment":[{"href":"https:\/\/www.biokari.sk\/en\/wp-json\/wp\/v2\/media?parent=9344"}],"wp:term":[{"taxonomy":"product_brand","embeddable":true,"href":"https:\/\/www.biokari.sk\/en\/wp-json\/wp\/v2\/product_brand?post=9344"},{"taxonomy":"product_cat","embeddable":true,"href":"https:\/\/www.biokari.sk\/en\/wp-json\/wp\/v2\/product_cat?post=9344"},{"taxonomy":"product_tag","embeddable":true,"href":"https:\/\/www.biokari.sk\/en\/wp-json\/wp\/v2\/product_tag?post=9344"}],"curies":[{"name":"wp","href":"https:\/\/api.w.org\/{rel}","templated":true}]}}