{"id":9346,"date":"2025-07-03T08:00:59","date_gmt":"2025-07-03T06:00:59","guid":{"rendered":"https:\/\/www.biokari.sk\/produkt\/zinzino-omega3-kapsuly-60ks\/"},"modified":"2026-01-27T08:41:55","modified_gmt":"2026-01-27T07:41:55","slug":"zinzino-omega3-kapsuly-60ks","status":"publish","type":"product","link":"https:\/\/www.biokari.sk\/en\/product\/zinzino-omega3-capsules-60pcs\/","title":{"rendered":"Zinzino Omega3 capsules 60pcs"},"content":{"rendered":"<p data-start=\"182\" data-end=\"274\">What types of food do you eat?<br data-start=\"211\" data-end=\"214\" \/>Do they contain more omega-3 or rather omega-6 fatty acids?<\/p>\n<p data-start=\"276\" data-end=\"501\">Lifestyle and eating habits can lead to symptoms such as: thyroid disorders, insomnia, tension, exhaustion, digestive problems, allergies, low back pain, difficulty breathing, joint stiffness, cartilage wear and tear.<\/p>\n<p data-start=\"503\" data-end=\"612\">Behind these symptoms often hides <strong data-start=\"539\" data-end=\"558\">chronic inflammation<\/strong>which leads to oxidation of the cardiovascular system.<\/p>\n<p data-start=\"614\" data-end=\"746\">Will you put out the fire inside or let your body be even more engulfed by the flames?<br data-start=\"693\" data-end=\"696\" \/>A new generation of omega nutritional supplements has arrived.<\/p>\n<p data-start=\"748\" data-end=\"1068\"><strong data-start=\"748\" data-end=\"767\">ESSENT+ Premium<\/strong> - nutritional supplements with polyphenols and omega fatty acids in an all-natural form - taking the body's balance to the next level. Easily digestible softgels safely restore the body's fatty acid balance, protect blood lipids from oxidation and support normal heart and brain function.<\/p>\n<p data-start=\"1070\" data-end=\"1283\">Each capsule contains concentrated fish oil rich in EPA and DHA omega-3 fatty acids, as well as patented extra virgin olive oil (R.E.V.O.O.), olive extract and bioactive polyphenols from cocoa powder.<\/p>\n<h4 data-start=\"1343\" data-end=\"1357\"><strong>Composition:<\/strong>\u00a0Fish oil*, capsule shell (fish gelatine, glycerin), extra virgin olive oil, thickener (beeswax), cocoa powder, emulsifier (sunflower lecithin, olive fruit extract (Olea europaea)), vitamin D3 (cholecalciferol).<br data-start=\"1599\" data-end=\"1602\" \/>*Not of EU origin.<\/h4>\n<ul data-start=\"1624\" data-end=\"2134\">\n<li data-start=\"1624\" data-end=\"1677\">\n<p data-start=\"1626\" data-end=\"1677\"><strong data-start=\"1626\" data-end=\"1647\">Natural composition<\/strong> - only from natural sources.<\/p>\n<\/li>\n<li data-start=\"1678\" data-end=\"1776\">\n<p data-start=\"1680\" data-end=\"1776\"><strong data-start=\"1680\" data-end=\"1733\">R.E.V.O.O. - Revolutionary Extra Virgin Olive Oil<\/strong> - revolutionary extra virgin olive oil.<\/p>\n<\/li>\n<li data-start=\"1777\" data-end=\"1852\">\n<p data-start=\"1779\" data-end=\"1852\">It contains vitamin D3 derived from lanolin and plant mixed tocopherols.<\/p>\n<\/li>\n<li data-start=\"1853\" data-end=\"1980\">\n<p data-start=\"1855\" data-end=\"1980\"><strong data-start=\"1855\" data-end=\"1879\">Polyphenol protection<\/strong> - daily 5 mg of hydroxytyrosol from olives contributes to the protection of blood lipids from oxidative damage.<\/p>\n<\/li>\n<li data-start=\"1981\" data-end=\"2063\">\n<p data-start=\"1983\" data-end=\"2063\"><strong data-start=\"1983\" data-end=\"2005\">Exceptional cleanliness<\/strong> - molecular testing rules out the possibility of contamination.<\/p>\n<\/li>\n<li data-start=\"2064\" data-end=\"2134\">\n<p data-start=\"2066\" data-end=\"2134\"><strong data-start=\"2066\" data-end=\"2077\">Non-GMO<\/strong> - the product does not contain genetically modified organisms.<\/p>\n<\/li>\n<\/ul>\n<h3 data-start=\"2141\" data-end=\"2186\"><strong>Active ingredients in the recommended daily dose:<\/strong><\/h3>\n<div class=\"_tableContainer_1rjym_1\">\n<div class=\"_tableWrapper_1rjym_13 group flex w-fit flex-col-reverse\">\n<table class=\"w-fit min-w-(--thread-content-width)\" data-start=\"2188\" data-end=\"2661\">\n<thead data-start=\"2188\" data-end=\"2221\">\n<tr data-start=\"2188\" data-end=\"2221\">\n<th data-start=\"2188\" data-end=\"2196\" data-col-size=\"sm\">Substance<\/th>\n<th data-start=\"2196\" data-end=\"2208\" data-col-size=\"sm\">2 capsules<\/th>\n<th data-start=\"2208\" data-end=\"2221\" data-col-size=\"sm\">3 capsules<\/th>\n<\/tr>\n<\/thead>\n<tbody data-start=\"2256\" data-end=\"2661\">\n<tr data-start=\"2256\" data-end=\"2289\">\n<td data-start=\"2256\" data-end=\"2268\" data-col-size=\"sm\">Fish oil<\/td>\n<td data-col-size=\"sm\" data-start=\"2268\" data-end=\"2278\">1600 mg<\/td>\n<td data-col-size=\"sm\" data-start=\"2278\" data-end=\"2289\">2400 mg<\/td>\n<\/tr>\n<tr data-start=\"2290\" data-end=\"2337\">\n<td data-start=\"2290\" data-end=\"2316\" data-col-size=\"sm\">Omega-3 fatty acids<\/td>\n<td data-col-size=\"sm\" data-start=\"2316\" data-end=\"2326\">1120 mg<\/td>\n<td data-col-size=\"sm\" data-start=\"2326\" data-end=\"2337\">1680 mg<\/td>\n<\/tr>\n<tr data-start=\"2338\" data-end=\"2373\">\n<td data-start=\"2338\" data-end=\"2353\" data-col-size=\"sm\">- of which EPA<\/td>\n<td data-col-size=\"sm\" data-start=\"2353\" data-end=\"2362\">720 mg<\/td>\n<td data-col-size=\"sm\" data-start=\"2362\" data-end=\"2373\">1080 mg<\/td>\n<\/tr>\n<tr data-start=\"2374\" data-end=\"2408\">\n<td data-start=\"2374\" data-end=\"2389\" data-col-size=\"sm\">- of which DHA<\/td>\n<td data-col-size=\"sm\" data-start=\"2389\" data-end=\"2398\">400 mg<\/td>\n<td data-col-size=\"sm\" data-start=\"2398\" data-end=\"2408\">600 mg<\/td>\n<\/tr>\n<tr data-start=\"2409\" data-end=\"2443\">\n<td data-start=\"2409\" data-end=\"2424\" data-col-size=\"sm\">Olive oil<\/td>\n<td data-col-size=\"sm\" data-start=\"2424\" data-end=\"2433\">340 mg<\/td>\n<td data-col-size=\"sm\" data-start=\"2433\" data-end=\"2443\">510 mg<\/td>\n<\/tr>\n<tr data-start=\"2444\" data-end=\"2492\">\n<td data-start=\"2444\" data-end=\"2473\" data-col-size=\"sm\">Oleic acid (Omega-9)<\/td>\n<td data-col-size=\"sm\" data-start=\"2473\" data-end=\"2482\">255 mg<\/td>\n<td data-col-size=\"sm\" data-start=\"2482\" data-end=\"2492\">383 mg<\/td>\n<\/tr>\n<tr data-start=\"2493\" data-end=\"2527\">\n<td data-start=\"2493\" data-end=\"2506\" data-col-size=\"sm\">Polyphenols<\/td>\n<td data-col-size=\"sm\" data-start=\"2506\" data-end=\"2516\">18,3 mg<\/td>\n<td data-col-size=\"sm\" data-start=\"2516\" data-end=\"2527\">27,4 mg<\/td>\n<\/tr>\n<tr data-start=\"2528\" data-end=\"2573\">\n<td data-start=\"2528\" data-end=\"2554\" data-col-size=\"sm\">- of which hydroxytyrosol<\/td>\n<td data-col-size=\"sm\" data-start=\"2554\" data-end=\"2563\">5,8 mg<\/td>\n<td data-col-size=\"sm\" data-start=\"2563\" data-end=\"2573\">8.7 mg<\/td>\n<\/tr>\n<tr data-start=\"2574\" data-end=\"2603\">\n<td data-start=\"2574\" data-end=\"2584\" data-col-size=\"sm\">Skvalen<\/td>\n<td data-col-size=\"sm\" data-start=\"2584\" data-end=\"2593\">1,3 mg<\/td>\n<td data-col-size=\"sm\" data-start=\"2593\" data-end=\"2603\">1,9 mg<\/td>\n<\/tr>\n<tr data-start=\"2604\" data-end=\"2661\">\n<td data-start=\"2604\" data-end=\"2638\" data-col-size=\"sm\">Vitamin D3 (NRV 250 % \/ 400 %*)<\/td>\n<td data-col-size=\"sm\" data-start=\"2638\" data-end=\"2648\">13,4 \u00b5g<\/td>\n<td data-col-size=\"sm\" data-start=\"2648\" data-end=\"2661\">20.1 \u00b5g<\/td>\n<\/tr>\n<\/tbody>\n<\/table>\n<\/div>\n<\/div>\n\n\n<p>*NRV = Dietary Reference Value<\/p>\n\n\n\n<h3 class=\"wp-block-heading\"><strong>Recommended dosage:<\/strong><\/h3>\n\n\n\n<p>The daily dose is governed by body weight.<\/p>\n\n\n\n<ul class=\"wp-block-list\">\n<li>1 capsule per approximately 30 kg of body weight.<\/li>\n\n\n\n<li>Adults weighing 50-60 kg: 2 capsules per day.<\/li>\n\n\n\n<li>Adults weighing 80-90 kg: 3 capsules per day.<\/li>\n\n\n\n<li>Maximum 5 capsules per day.<\/li>\n<\/ul>\n\n\n\n<p>Do not exceed the recommended daily dose!<br>Nutritional supplements are not a substitute for a balanced and varied diet.<\/p>\n\n\n\n<p><strong>Warning:<\/strong> If you are taking blood thinners or have a medical condition, consult your doctor before using Essent+ Premium.<\/p>\n\n\n\n<h4 class=\"wp-block-heading\"><strong>Storage:<\/strong> Store in a dry and dark place at room temperature or in the refrigerator. Keep out of reach of children<\/h4>\n\n\n\n<h3 class=\"wp-block-heading\">Main advantages of ESSENT+ Premium capsules<\/h3>\n\n\n\n<ul class=\"wp-block-list\">\n<li>They contribute to the protection of blood lipids from oxidative stress (polyphenols).<\/li>\n\n\n\n<li>They support the maintenance of normal triglyceride and blood pressure levels (EPA + DHA).<\/li>\n\n\n\n<li>Support healthy heart function (EPA + DHA).<\/li>\n\n\n\n<li>They support normal brain function (DHA).<\/li>\n\n\n\n<li>Strengthen the immune system (vitamin D3).<\/li>\n\n\n\n<li>Promote eye health (DHA).<\/li>\n\n\n\n<li>They promote bone, muscle, tooth and cell health (vitamin D3).<\/li>\n\n\n\n<li>They help maintain optimal omega-3 levels and an omega-6:3 balance &lt; 3:1.<\/li>\n<\/ul>\n\n\n\n<h3 class=\"wp-block-heading\"><strong>Scientific background and unique ingredients: <\/strong><\/h3>\n\n\n\n<ul class=\"wp-block-list\">\n<li><strong>Fish oil in triglyceride form<\/strong> - naturally occurring in fish and plants, best absorbed by the body. Derived from anchovies from the clean waters of the South Pacific, certified Friend of the Sea.<\/li>\n\n\n\n<li><strong>Vitamin D3<\/strong> - natural cholecalciferol from lanolin.<\/li>\n\n\n\n<li><strong>Cocoa powder<\/strong> - rich in flavanols.<\/li>\n\n\n\n<li><strong>Hydroxytyrosol<\/strong> - natural olive extract, protects blood lipids from oxidation.<\/li>\n\n\n\n<li><strong>R.E.V.O.O. extra virgin olive oil<\/strong> - up to 30 times higher polyphenol content than conventional olive oils.<\/li>\n<\/ul>\n\n\n\n<h3 class=\"wp-block-heading\"><strong>Areas of action<\/strong>:<\/h3>\n\n\n\n<ul class=\"wp-block-list\">\n<li><strong>Brain:<\/strong> EPA and DHA support normal brain function, DHA is also important for fetal and infant brain development.<\/li>\n\n\n\n<li><strong>Heart:<\/strong> EPA and DHA support healthy heart function.<\/li>\n\n\n\n<li><strong>Immune system:<\/strong> Vitamin D3 contributes to its normal function.<\/li>\n\n\n\n<li><strong>Protection against oxidation:<\/strong> Hydroxytyrosol (\u22655 mg daily) protects blood lipids from oxidative damage.<\/li>\n<\/ul>\n\n\n\n<h3 class=\"wp-block-heading\"><strong>Warning under EU legislation<\/strong>:<\/h3>\n\n\n\n<p>According to current EU legislation, nutritional supplements are foods intended to supplement the normal diet and containing concentrated nutrients.<br>Although they may have health benefits, <strong>shall not be labelled or promoted as a means of treating or preventing disease<\/strong>.<\/p>\n\n\n\n<ul class=\"wp-block-list\">\n<li>The product is not a substitute for a varied, balanced diet and a healthy lifestyle.<\/li>\n\n\n\n<li>The product does not cure diseases and is not a substitute for medical treatment.<\/li>\n\n\n\n<li>In case of illness, consult a doctor.<\/li>\n\n\n\n<li>Do not exceed the recommended daily dose!<\/li>\n\n\n\n<li>Do not take if you are allergic or hypersensitive to any of the ingredients.<\/li>\n\n\n\n<li>Keep out of reach of small children!<\/li>\n<\/ul>","protected":false},"excerpt":{"rendered":"<p>Ak\u00e9 druhy potrav\u00edn prij\u00edmate?Obsahuj\u00fa viac omega-3 alebo sk\u00f4r omega-6 mastn\u00fdch kysel\u00edn? \u017divotn\u00fd \u0161t\u00fdl a stravovacie n\u00e1vyky m\u00f4\u017eu vies\u0165 k sympt\u00f3mom ako: poruchy \u0161t\u00edtnej \u017e\u013eazy, nespavos\u0165, nap\u00e4tie, vy\u010derpanos\u0165, tr\u00e1viace probl\u00e9my, alergie, bolesti kr\u00ed\u017eov, s\u0165a\u017een\u00e9 d\u00fdchanie, stuhnutos\u0165 k\u013abov, opotrebovanie chrupaviek. Za t\u00fdmito pr\u00edznakmi sa \u010dasto skr\u00fdva chronick\u00fd z\u00e1pal, ktor\u00fd vedie k oxid\u00e1cii kardiovaskul\u00e1rneho syst\u00e9mu. Uhas\u00edte vn\u00fatorn\u00fd ohe\u0148, [&hellip;]<\/p>","protected":false},"featured_media":9749,"comment_status":"open","ping_status":"closed","template":"","meta":{"inline_featured_image":false},"product_brand":[134],"product_cat":[71],"product_tag":[],"class_list":{"0":"post-9346","1":"product","2":"type-product","3":"status-publish","4":"has-post-thumbnail","6":"product_brand-zinzino","7":"product_cat-potraviny","9":"first","10":"instock","11":"taxable","12":"shipping-taxable","13":"purchasable","14":"product-type-simple"},"aioseo_notices":[],"_links":{"self":[{"href":"https:\/\/www.biokari.sk\/en\/wp-json\/wp\/v2\/product\/9346","targetHints":{"allow":["GET"]}}],"collection":[{"href":"https:\/\/www.biokari.sk\/en\/wp-json\/wp\/v2\/product"}],"about":[{"href":"https:\/\/www.biokari.sk\/en\/wp-json\/wp\/v2\/types\/product"}],"replies":[{"embeddable":true,"href":"https:\/\/www.biokari.sk\/en\/wp-json\/wp\/v2\/comments?post=9346"}],"wp:featuredmedia":[{"embeddable":true,"href":"https:\/\/www.biokari.sk\/en\/wp-json\/wp\/v2\/media\/9749"}],"wp:attachment":[{"href":"https:\/\/www.biokari.sk\/en\/wp-json\/wp\/v2\/media?parent=9346"}],"wp:term":[{"taxonomy":"product_brand","embeddable":true,"href":"https:\/\/www.biokari.sk\/en\/wp-json\/wp\/v2\/product_brand?post=9346"},{"taxonomy":"product_cat","embeddable":true,"href":"https:\/\/www.biokari.sk\/en\/wp-json\/wp\/v2\/product_cat?post=9346"},{"taxonomy":"product_tag","embeddable":true,"href":"https:\/\/www.biokari.sk\/en\/wp-json\/wp\/v2\/product_tag?post=9346"}],"curies":[{"name":"wp","href":"https:\/\/api.w.org\/{rel}","templated":true}]}}